{"id":969,"date":"2021-12-13T17:19:43","date_gmt":"2021-12-13T17:19:43","guid":{"rendered":"https:\/\/moodle.localhost\/wp\/product\/module-11-plant-sampling-guide-circuit-surveys"},"modified":"2024-12-30T16:59:32","modified_gmt":"2024-12-30T16:59:32","slug":"module-11-plant-sampling-guide-circuit-surveys","status":"publish","type":"product","link":"https:\/\/metcomtech.com\/es\/producto\/module-11-plant-sampling-guide-circuit-surveys\/","title":{"rendered":"M\u00f3dulo11 - Gu\u00eda de Muestreo en la Planta y Estudio de Circuitos"},"content":{"rendered":"<p>En este m\u00f3dulo, aprender\u00e1 a dise\u00f1ar y ejecutar estudios de circuitos de molienda en su planta para cumplir con los requisitos del sistema Metcom.<\/p>\n<p>Horas estimadas de realizaci\u00f3n: 2,0<\/p>\n<p>M\u00f3dulos Prerrequisitos: 1, 10<\/p>\n<p><strong>NOTA:<\/strong> Los nuevos participantes de la capacitaci\u00f3n de Metcom deben agregar la tarifa de inscripci\u00f3n \u00fanica de $215.00 con su primer pedido de capacitaci\u00f3n. <\/p>","protected":false},"excerpt":{"rendered":"<p>En este m\u00f3dulo aprender\u00e1 a dise\u00f1ar y ejecutar estudios de circuitos de molienda en su planta para cumplir con los requisitos del sistema Metcom. Horas estimadas para completarlo: 2 M\u00f3dulos de requisitos previos: 1, 10 NOTA: Los nuevos participantes de la capacitaci\u00f3n de Metcom deben agregar la tarifa de inscripci\u00f3n \u00fanica de $215.00 con su primer pedido de capacitaci\u00f3n.<\/p>","protected":false},"featured_media":1037,"template":"","meta":[],"product_brand":[],"product_cat":[31],"product_tag":[],"class_list":{"0":"post-969","1":"product","2":"type-product","3":"status-publish","4":"has-post-thumbnail","6":"product_cat-modules","7":"pa_language-english","8":"pa_language-spanish","9":"pa_language-french","11":"first","12":"instock","13":"taxable","14":"shipping-taxable","15":"purchasable","16":"product-type-variable","17":"has-default-attributes"},"_links":{"self":[{"href":"https:\/\/metcomtech.com\/es\/wp-json\/wp\/v2\/product\/969","targetHints":{"allow":["GET"]}}],"collection":[{"href":"https:\/\/metcomtech.com\/es\/wp-json\/wp\/v2\/product"}],"about":[{"href":"https:\/\/metcomtech.com\/es\/wp-json\/wp\/v2\/types\/product"}],"wp:featuredmedia":[{"embeddable":true,"href":"https:\/\/metcomtech.com\/es\/wp-json\/wp\/v2\/media\/1037"}],"wp:attachment":[{"href":"https:\/\/metcomtech.com\/es\/wp-json\/wp\/v2\/media?parent=969"}],"wp:term":[{"taxonomy":"product_brand","embeddable":true,"href":"https:\/\/metcomtech.com\/es\/wp-json\/wp\/v2\/product_brand?post=969"},{"taxonomy":"product_cat","embeddable":true,"href":"https:\/\/metcomtech.com\/es\/wp-json\/wp\/v2\/product_cat?post=969"},{"taxonomy":"product_tag","embeddable":true,"href":"https:\/\/metcomtech.com\/es\/wp-json\/wp\/v2\/product_tag?post=969"}],"curies":[{"name":"gracias","href":"https:\/\/api.w.org\/{rel}","templated":true}]}}