{"id":974,"date":"2021-12-13T17:19:44","date_gmt":"2021-12-13T17:19:44","guid":{"rendered":"https:\/\/moodle.localhost\/wp\/product\/module-16-mass-balance-calculations-computer-program"},"modified":"2024-12-30T16:56:41","modified_gmt":"2024-12-30T16:56:41","slug":"module-16-mass-balance-calculations-computer-program","status":"publish","type":"product","link":"https:\/\/metcomtech.com\/es\/producto\/module-16-mass-balance-calculations-computer-program\/","title":{"rendered":"M\u00f3dulo 16 - C\u00e1lculos de Balance en Masa \/ Software"},"content":{"rendered":"<p>En este m\u00f3dulo, aprender\u00e1 c\u00f3mo balancear la masa de los datos de la encuesta del circuito de molienda utilizando el programa inform\u00e1tico Metcom Mass Balance que se incluye con el m\u00f3dulo.<\/p>\n<p>Horas estimadas de realizaci\u00f3n: 1,0<\/p>\n<p>M\u00f3dulos Prerrequisitos: 11<\/p>\n<p>Nota: El programa inform\u00e1tico de balance de masa requiere Microsoft Excel, que no est\u00e1 incluido.<\/p>\n<p><strong>NOTA:<\/strong> Los nuevos participantes de la capacitaci\u00f3n de Metcom deben agregar la tarifa de inscripci\u00f3n \u00fanica de $215.00 con su primer pedido de capacitaci\u00f3n. <\/p>","protected":false},"excerpt":{"rendered":"<p>In this module, you will learn how to mass balance grinding circuit survey data using the Metcom Mass Balance Computer Program which is included with the module. Estimated Hours for completion: 1 Prerequisite modules: 11 Note: The Mass Balance Computer Program requires Microsoft Excel which is not included. NOTE: New Metcom Training Participants are required [&hellip;]<\/p>\n","protected":false},"featured_media":1037,"template":"","meta":[],"product_brand":[],"product_cat":[31,32],"product_tag":[],"class_list":{"0":"post-974","1":"product","2":"type-product","3":"status-publish","4":"has-post-thumbnail","6":"product_cat-modules","7":"product_cat-software","8":"pa_language-english","9":"pa_language-spanish","10":"pa_language-french","12":"first","13":"instock","14":"taxable","15":"shipping-taxable","16":"purchasable","17":"product-type-variable","18":"has-default-attributes"},"_links":{"self":[{"href":"https:\/\/metcomtech.com\/es\/wp-json\/wp\/v2\/product\/974","targetHints":{"allow":["GET"]}}],"collection":[{"href":"https:\/\/metcomtech.com\/es\/wp-json\/wp\/v2\/product"}],"about":[{"href":"https:\/\/metcomtech.com\/es\/wp-json\/wp\/v2\/types\/product"}],"wp:featuredmedia":[{"embeddable":true,"href":"https:\/\/metcomtech.com\/es\/wp-json\/wp\/v2\/media\/1037"}],"wp:attachment":[{"href":"https:\/\/metcomtech.com\/es\/wp-json\/wp\/v2\/media?parent=974"}],"wp:term":[{"taxonomy":"product_brand","embeddable":true,"href":"https:\/\/metcomtech.com\/es\/wp-json\/wp\/v2\/product_brand?post=974"},{"taxonomy":"product_cat","embeddable":true,"href":"https:\/\/metcomtech.com\/es\/wp-json\/wp\/v2\/product_cat?post=974"},{"taxonomy":"product_tag","embeddable":true,"href":"https:\/\/metcomtech.com\/es\/wp-json\/wp\/v2\/product_tag?post=974"}],"curies":[{"name":"gracias","href":"https:\/\/api.w.org\/{rel}","templated":true}]}}