{"id":975,"date":"2021-12-13T17:19:44","date_gmt":"2021-12-13T17:19:44","guid":{"rendered":"https:\/\/moodle.localhost\/wp\/product\/module-17-evaluation-of-rod-milling"},"modified":"2024-12-30T16:45:42","modified_gmt":"2024-12-30T16:45:42","slug":"module-17-evaluation-of-rod-milling","status":"publish","type":"product","link":"https:\/\/metcomtech.com\/es\/producto\/module-17-evaluation-of-rod-milling\/","title":{"rendered":"M\u00f3dulo 17 - Evaluaci\u00f3n de Molienda de Barra"},"content":{"rendered":"<p>Al completar este m\u00f3dulo, podr\u00e1 evaluar el dise\u00f1o del circuito del molino de barras existente y alternativo y las variables operativas en t\u00e9rminos de sus efectos sobre la eficiencia de molienda del molino de barras.<\/p>\n<p>Horas estimadas de realizaci\u00f3n: 2,0<\/p>\n<p>M\u00f3dulos Prerrequisitos: 3, 4, 6, 11<\/p>\n<p><strong>NOTA:<\/strong> Los nuevos participantes de la capacitaci\u00f3n de Metcom deben agregar la tarifa de inscripci\u00f3n \u00fanica de $215.00 con su primer pedido de capacitaci\u00f3n. <\/p>","protected":false},"excerpt":{"rendered":"<p>Upon completion of this module you will be able to evaluate existing and alternative rod mill circuit design and operating variables in terms of their effects on rod mill grinding efficiency. Estimated Hours for completion: 2 Prerequisite modules: 3, 4, 6 , 11 NOTE: New Metcom Training Participants are required to add the one-time $215.00 [&hellip;]<\/p>\n","protected":false},"featured_media":1037,"template":"","meta":[],"product_brand":[],"product_cat":[31],"product_tag":[],"class_list":{"0":"post-975","1":"product","2":"type-product","3":"status-publish","4":"has-post-thumbnail","6":"product_cat-modules","7":"pa_language-english","8":"pa_language-spanish","9":"pa_language-french","11":"first","12":"instock","13":"taxable","14":"shipping-taxable","15":"purchasable","16":"product-type-variable","17":"has-default-attributes"},"_links":{"self":[{"href":"https:\/\/metcomtech.com\/es\/wp-json\/wp\/v2\/product\/975","targetHints":{"allow":["GET"]}}],"collection":[{"href":"https:\/\/metcomtech.com\/es\/wp-json\/wp\/v2\/product"}],"about":[{"href":"https:\/\/metcomtech.com\/es\/wp-json\/wp\/v2\/types\/product"}],"wp:featuredmedia":[{"embeddable":true,"href":"https:\/\/metcomtech.com\/es\/wp-json\/wp\/v2\/media\/1037"}],"wp:attachment":[{"href":"https:\/\/metcomtech.com\/es\/wp-json\/wp\/v2\/media?parent=975"}],"wp:term":[{"taxonomy":"product_brand","embeddable":true,"href":"https:\/\/metcomtech.com\/es\/wp-json\/wp\/v2\/product_brand?post=975"},{"taxonomy":"product_cat","embeddable":true,"href":"https:\/\/metcomtech.com\/es\/wp-json\/wp\/v2\/product_cat?post=975"},{"taxonomy":"product_tag","embeddable":true,"href":"https:\/\/metcomtech.com\/es\/wp-json\/wp\/v2\/product_tag?post=975"}],"curies":[{"name":"gracias","href":"https:\/\/api.w.org\/{rel}","templated":true}]}}