{"id":976,"date":"2021-12-13T17:19:44","date_gmt":"2021-12-13T17:19:44","guid":{"rendered":"https:\/\/moodle.localhost\/wp\/product\/module-18-evaluation-of-circuit-classification"},"modified":"2024-12-30T16:58:10","modified_gmt":"2024-12-30T16:58:10","slug":"module-18-evaluation-of-circuit-classification","status":"publish","type":"product","link":"https:\/\/metcomtech.com\/es\/producto\/module-18-evaluation-of-circuit-classification\/","title":{"rendered":"M\u00f3dulo 18 - Evaluaci\u00f3n del Circuito de Clasificaci\u00f3n"},"content":{"rendered":"<p>Una vez que haya completado este m\u00f3dulo, podr\u00e1 evaluar el dise\u00f1o del circuito de molino de bolas existente y alternativo y las variables operativas en t\u00e9rminos de sus efectos sobre la eficiencia del sistema de clasificaci\u00f3n de un circuito de molino de bolas.<\/p>\n<p>Horas estimadas de realizaci\u00f3n: 2,5<\/p>\n<p>M\u00f3dulos Prerrequisitos: 5, 6, 8<\/p>\n<p><strong>NOTA:<\/strong> Los nuevos participantes de la capacitaci\u00f3n de Metcom deben agregar la tarifa de inscripci\u00f3n \u00fanica de $215.00 con su primer pedido de capacitaci\u00f3n. <\/p>","protected":false},"excerpt":{"rendered":"<p>Once you have completed this module, you will be able to evaluate existing and alternative ball mill circuit design and operating variables in terms of their effects on the classification system efficiency of a ball mill circuit. Estimated Hours for completion: 2.5 Prerequisite modules: 5, 6, 8 NOTE: New Metcom Training Participants are required to [&hellip;]<\/p>\n","protected":false},"featured_media":1037,"template":"","meta":[],"product_brand":[],"product_cat":[31],"product_tag":[],"class_list":{"0":"post-976","1":"product","2":"type-product","3":"status-publish","4":"has-post-thumbnail","6":"product_cat-modules","7":"pa_language-english","8":"pa_language-spanish","9":"pa_language-french","11":"first","12":"instock","13":"taxable","14":"shipping-taxable","15":"purchasable","16":"product-type-variable","17":"has-default-attributes"},"_links":{"self":[{"href":"https:\/\/metcomtech.com\/es\/wp-json\/wp\/v2\/product\/976","targetHints":{"allow":["GET"]}}],"collection":[{"href":"https:\/\/metcomtech.com\/es\/wp-json\/wp\/v2\/product"}],"about":[{"href":"https:\/\/metcomtech.com\/es\/wp-json\/wp\/v2\/types\/product"}],"wp:featuredmedia":[{"embeddable":true,"href":"https:\/\/metcomtech.com\/es\/wp-json\/wp\/v2\/media\/1037"}],"wp:attachment":[{"href":"https:\/\/metcomtech.com\/es\/wp-json\/wp\/v2\/media?parent=976"}],"wp:term":[{"taxonomy":"product_brand","embeddable":true,"href":"https:\/\/metcomtech.com\/es\/wp-json\/wp\/v2\/product_brand?post=976"},{"taxonomy":"product_cat","embeddable":true,"href":"https:\/\/metcomtech.com\/es\/wp-json\/wp\/v2\/product_cat?post=976"},{"taxonomy":"product_tag","embeddable":true,"href":"https:\/\/metcomtech.com\/es\/wp-json\/wp\/v2\/product_tag?post=976"}],"curies":[{"name":"gracias","href":"https:\/\/api.w.org\/{rel}","templated":true}]}}