{"id":978,"date":"2021-12-13T17:19:44","date_gmt":"2021-12-13T17:19:44","guid":{"rendered":"https:\/\/moodle.localhost\/wp\/product\/module-20-evaluation-of-circuit-arrangements"},"modified":"2024-12-30T16:55:55","modified_gmt":"2024-12-30T16:55:55","slug":"module-20-evaluation-of-circuit-arrangements","status":"publish","type":"product","link":"https:\/\/metcomtech.com\/es\/producto\/module-20-evaluation-of-circuit-arrangements\/","title":{"rendered":"M\u00f3dulo 20 -  Evaluaci\u00f3n de la Disposici\u00f3n de Circuitos"},"content":{"rendered":"<p>Una vez que haya completado este m\u00f3dulo, podr\u00e1 evaluar los arreglos existentes y alternativos del circuito de molienda en t\u00e9rminos de su efecto sobre la eficiencia del circuito de molienda.<\/p>\n<p>Horas estimadas de realizaci\u00f3n: 4,0<\/p>\n<p>M\u00f3dulos de prerrequisito: 1, 2, 4, 5, 6, 17, 18, 19<\/p>\n<p><strong>NOTA:<\/strong> Los nuevos participantes de la capacitaci\u00f3n de Metcom deben agregar la tarifa de inscripci\u00f3n \u00fanica de $215.00 con su primer pedido de capacitaci\u00f3n. <\/p>","protected":false},"excerpt":{"rendered":"<p>Once you have completed this module, you will be able to evaluate existing and alternative grinding circuit arrangements in terms of their effect on grinding circuit efficiency. Estimated Hours for completion: 4 Prerequisite modules: 1, 2, 4, 5, 6, 17, 18, 19 NOTE: New Metcom Training Participants are required to add the one-time $215.00 Registration [&hellip;]<\/p>\n","protected":false},"featured_media":1037,"template":"","meta":[],"product_brand":[],"product_cat":[31],"product_tag":[],"class_list":{"0":"post-978","1":"product","2":"type-product","3":"status-publish","4":"has-post-thumbnail","6":"product_cat-modules","7":"pa_language-english","8":"pa_language-spanish","9":"pa_language-french","11":"first","12":"instock","13":"taxable","14":"shipping-taxable","15":"purchasable","16":"product-type-variable","17":"has-default-attributes"},"_links":{"self":[{"href":"https:\/\/metcomtech.com\/es\/wp-json\/wp\/v2\/product\/978","targetHints":{"allow":["GET"]}}],"collection":[{"href":"https:\/\/metcomtech.com\/es\/wp-json\/wp\/v2\/product"}],"about":[{"href":"https:\/\/metcomtech.com\/es\/wp-json\/wp\/v2\/types\/product"}],"wp:featuredmedia":[{"embeddable":true,"href":"https:\/\/metcomtech.com\/es\/wp-json\/wp\/v2\/media\/1037"}],"wp:attachment":[{"href":"https:\/\/metcomtech.com\/es\/wp-json\/wp\/v2\/media?parent=978"}],"wp:term":[{"taxonomy":"product_brand","embeddable":true,"href":"https:\/\/metcomtech.com\/es\/wp-json\/wp\/v2\/product_brand?post=978"},{"taxonomy":"product_cat","embeddable":true,"href":"https:\/\/metcomtech.com\/es\/wp-json\/wp\/v2\/product_cat?post=978"},{"taxonomy":"product_tag","embeddable":true,"href":"https:\/\/metcomtech.com\/es\/wp-json\/wp\/v2\/product_tag?post=978"}],"curies":[{"name":"gracias","href":"https:\/\/api.w.org\/{rel}","templated":true}]}}