{"id":979,"date":"2021-12-13T17:19:44","date_gmt":"2021-12-13T17:19:44","guid":{"rendered":"https:\/\/moodle.localhost\/wp\/product\/module-21-grinding-circuit-control"},"modified":"2024-12-30T16:51:06","modified_gmt":"2024-12-30T16:51:06","slug":"module-21-grinding-circuit-control","status":"publish","type":"product","link":"https:\/\/metcomtech.com\/es\/producto\/module-21-grinding-circuit-control\/","title":{"rendered":"M\u00f3dulo 21 - Control del Circuito de Molienda"},"content":{"rendered":"<p>En este m\u00f3dulo aprender\u00e1 a definir los prop\u00f3sitos del control del proceso de molienda, identificar perturbaciones y acciones correctivas adecuadas, especificar un sistema de control y estimar los beneficios econ\u00f3micos de un control mejorado.<\/p>\n<p>Horas estimadas de realizaci\u00f3n: 2,0<\/p>\n<p>M\u00f3dulos prerrequisitos: 1, 5, 6, 7, 8<\/p>\n<p><strong>NOTA:<\/strong> Los nuevos participantes de la capacitaci\u00f3n de Metcom deben agregar la tarifa de inscripci\u00f3n \u00fanica de $215.00 con su primer pedido de capacitaci\u00f3n. <\/p>","protected":false},"excerpt":{"rendered":"<p>In this module, you will learn how to define the purposes of grinding process control, identify disturbances and suitable corrective actions, specify a control system, and estimate the economic benefits of improved control. Estimated Hours for completion: 2 Prerequisite modules: 1, 5, 6, 7, 8 NOTE: New Metcom Training Participants are required to add the [&hellip;]<\/p>\n","protected":false},"featured_media":1037,"template":"","meta":[],"product_brand":[],"product_cat":[31],"product_tag":[],"class_list":{"0":"post-979","1":"product","2":"type-product","3":"status-publish","4":"has-post-thumbnail","6":"product_cat-modules","7":"pa_language-english","8":"pa_language-spanish","9":"pa_language-french","11":"first","12":"instock","13":"taxable","14":"shipping-taxable","15":"purchasable","16":"product-type-variable","17":"has-default-attributes"},"_links":{"self":[{"href":"https:\/\/metcomtech.com\/es\/wp-json\/wp\/v2\/product\/979","targetHints":{"allow":["GET"]}}],"collection":[{"href":"https:\/\/metcomtech.com\/es\/wp-json\/wp\/v2\/product"}],"about":[{"href":"https:\/\/metcomtech.com\/es\/wp-json\/wp\/v2\/types\/product"}],"wp:featuredmedia":[{"embeddable":true,"href":"https:\/\/metcomtech.com\/es\/wp-json\/wp\/v2\/media\/1037"}],"wp:attachment":[{"href":"https:\/\/metcomtech.com\/es\/wp-json\/wp\/v2\/media?parent=979"}],"wp:term":[{"taxonomy":"product_brand","embeddable":true,"href":"https:\/\/metcomtech.com\/es\/wp-json\/wp\/v2\/product_brand?post=979"},{"taxonomy":"product_cat","embeddable":true,"href":"https:\/\/metcomtech.com\/es\/wp-json\/wp\/v2\/product_cat?post=979"},{"taxonomy":"product_tag","embeddable":true,"href":"https:\/\/metcomtech.com\/es\/wp-json\/wp\/v2\/product_tag?post=979"}],"curies":[{"name":"gracias","href":"https:\/\/api.w.org\/{rel}","templated":true}]}}