{"id":980,"date":"2021-12-13T17:19:44","date_gmt":"2021-12-13T17:19:44","guid":{"rendered":"https:\/\/moodle.localhost\/wp\/product\/module-22-evaluation-of-autogenous-and-semi-autogenous-grinding"},"modified":"2024-12-30T16:52:47","modified_gmt":"2024-12-30T16:52:47","slug":"module-22-evaluation-of-autogenous-and-semi-autogenous-grinding","status":"publish","type":"product","link":"https:\/\/metcomtech.com\/es\/producto\/module-22-evaluation-of-autogenous-and-semi-autogenous-grinding\/","title":{"rendered":"M\u00f3dulo 22- Evaluaci\u00f3n de la Molienda Aut\u00f3gena y Semi-Autogena"},"content":{"rendered":"<p>Desarrollado para el personal de la planta metal\u00fargica y la gesti\u00f3n de las operaciones, as\u00ed como aquellos que los apoyan (por ejemplo, los departamentos t\u00e9cnicos y proveedores). Este m\u00f3dulo proporciona los conocimientos esenciales y un conjunto de habilidades para gestionar con eficacia AG \/ SAG<\/p>\n<p>Horas estimadas de realizaci\u00f3n: 4,0**<\/p>\n<p>M\u00f3dulos de requisitos previos: ninguno<\/p>\n<p><em>** La estimaci\u00f3n de horas incluye el tiempo necesario para completar los prefacios del m\u00f3dulo.<\/em><\/p>\n<p><strong>NOTA:<\/strong> Los nuevos participantes de la capacitaci\u00f3n de Metcom deben agregar la tarifa de inscripci\u00f3n \u00fanica de $215.00 con su primer pedido de capacitaci\u00f3n. <\/p>","protected":false},"excerpt":{"rendered":"<p>Developed for plant metallurgical staff and operations management, as well as those who support them (e.g., technical departments and suppliers). This module provides essential knowledge and a set of skills to effectively manage AG\/SAG circuit processing performance. Estimated Hours for completion: 4.00** Prerequisite modules: none ** Includes time to complete module prefaces. NOTE: New Metcom [&hellip;]<\/p>\n","protected":false},"featured_media":1037,"template":"","meta":[],"product_brand":[],"product_cat":[31],"product_tag":[],"class_list":{"0":"post-980","1":"product","2":"type-product","3":"status-publish","4":"has-post-thumbnail","6":"product_cat-modules","7":"pa_language-english","8":"pa_language-spanish","9":"pa_language-french","11":"first","12":"instock","13":"taxable","14":"shipping-taxable","15":"purchasable","16":"product-type-variable","17":"has-default-attributes"},"_links":{"self":[{"href":"https:\/\/metcomtech.com\/es\/wp-json\/wp\/v2\/product\/980","targetHints":{"allow":["GET"]}}],"collection":[{"href":"https:\/\/metcomtech.com\/es\/wp-json\/wp\/v2\/product"}],"about":[{"href":"https:\/\/metcomtech.com\/es\/wp-json\/wp\/v2\/types\/product"}],"wp:featuredmedia":[{"embeddable":true,"href":"https:\/\/metcomtech.com\/es\/wp-json\/wp\/v2\/media\/1037"}],"wp:attachment":[{"href":"https:\/\/metcomtech.com\/es\/wp-json\/wp\/v2\/media?parent=980"}],"wp:term":[{"taxonomy":"product_brand","embeddable":true,"href":"https:\/\/metcomtech.com\/es\/wp-json\/wp\/v2\/product_brand?post=980"},{"taxonomy":"product_cat","embeddable":true,"href":"https:\/\/metcomtech.com\/es\/wp-json\/wp\/v2\/product_cat?post=980"},{"taxonomy":"product_tag","embeddable":true,"href":"https:\/\/metcomtech.com\/es\/wp-json\/wp\/v2\/product_tag?post=980"}],"curies":[{"name":"gracias","href":"https:\/\/api.w.org\/{rel}","templated":true}]}}