{"id":982,"date":"2021-12-13T18:23:02","date_gmt":"2021-12-13T18:23:02","guid":{"rendered":"https:\/\/moodle.localhost\/wp\/?post_type=product&#038;p=982"},"modified":"2023-12-18T14:39:41","modified_gmt":"2023-12-18T14:39:41","slug":"training-access-renewal-fee","status":"publish","type":"product","link":"https:\/\/metcomtech.com\/es\/producto\/training-access-renewal-fee\/","title":{"rendered":"Cuota de renovaci\u00f3n de acceso a la formaci\u00f3n"},"content":{"rendered":"<p>Tarifa de renovaci\u00f3n de acceso en l\u00ednea (12 meses) Se requiere para mantener el acceso a los materiales de formaci\u00f3n en l\u00ednea despu\u00e9s del acceso inicial de 12 meses incluido en la tarifa de registro.<\/p>\n<p>Incluya la email para la que se registr\u00f3 su cuenta en las notas del pedido.<\/p>","protected":false},"excerpt":{"rendered":"<p>Esto es necesario para mantener el acceso a los materiales de capacitaci\u00f3n en l\u00ednea despu\u00e9s del acceso inicial de 12 meses que se incluy\u00f3 en la tarifa de inscripci\u00f3n. Incluya la direcci\u00f3n de correo electr\u00f3nico con la que registr\u00f3 su cuenta en las notas del pedido.<\/p>","protected":false},"featured_media":1008,"template":"","meta":[],"product_brand":[],"product_cat":[33],"product_tag":[],"class_list":{"0":"post-982","1":"product","2":"type-product","3":"status-publish","4":"has-post-thumbnail","6":"product_cat-renewals","8":"first","9":"instock","10":"virtual","11":"taxable","12":"purchasable","13":"product-type-simple"},"_links":{"self":[{"href":"https:\/\/metcomtech.com\/es\/wp-json\/wp\/v2\/product\/982","targetHints":{"allow":["GET"]}}],"collection":[{"href":"https:\/\/metcomtech.com\/es\/wp-json\/wp\/v2\/product"}],"about":[{"href":"https:\/\/metcomtech.com\/es\/wp-json\/wp\/v2\/types\/product"}],"wp:featuredmedia":[{"embeddable":true,"href":"https:\/\/metcomtech.com\/es\/wp-json\/wp\/v2\/media\/1008"}],"wp:attachment":[{"href":"https:\/\/metcomtech.com\/es\/wp-json\/wp\/v2\/media?parent=982"}],"wp:term":[{"taxonomy":"product_brand","embeddable":true,"href":"https:\/\/metcomtech.com\/es\/wp-json\/wp\/v2\/product_brand?post=982"},{"taxonomy":"product_cat","embeddable":true,"href":"https:\/\/metcomtech.com\/es\/wp-json\/wp\/v2\/product_cat?post=982"},{"taxonomy":"product_tag","embeddable":true,"href":"https:\/\/metcomtech.com\/es\/wp-json\/wp\/v2\/product_tag?post=982"}],"curies":[{"name":"gracias","href":"https:\/\/api.w.org\/{rel}","templated":true}]}}