{"id":1069,"date":"2021-12-14T23:17:58","date_gmt":"2021-12-14T23:17:58","guid":{"rendered":"https:\/\/moodle.localhost\/wp\/?page_id=1069"},"modified":"2024-05-16T17:25:34","modified_gmt":"2024-05-16T17:25:34","slug":"order-training","status":"publish","type":"page","link":"https:\/\/metcomtech.com\/fr\/order\/order-training\/","title":{"rendered":"Commander une formation"},"content":{"rendered":"<div class=\"wp-block-columns alignwide are-vertically-aligned-top is-layout-flex wp-container-core-columns-is-layout-28f84493 wp-block-columns-is-layout-flex\">\n<div class=\"wp-block-column is-layout-flow wp-block-column-is-layout-flow\" style=\"flex-basis:61%\">\n<p>Gr\u00e2ce \u00e0 la formation, Metcom propose un syst\u00e8me complet permettant d\u2019obtenir une am\u00e9lioration mesurable des performances du circuit de meulage.<\/p>\n\n\n\n<p>Le <strong>Syst\u00e8me de gestion du processus de broyage Metcom<\/strong> utilise des outils d\u2019analyse pratiques tels que le CSE, <strong>Analyse des performances fonctionnelles<\/strong>, l&#039;efficacit\u00e9 de l&#039;indice de travail et l&#039;\u00e9valuation du broyage (S)AG ainsi que toutes les \u00e9tapes n\u00e9cessaires pour acqu\u00e9rir les informations existantes et requises dans l&#039;usine.<\/p>\n\n\n\n<p>Cette formation permet aux m\u00e9tallurgistes d&#039;acqu\u00e9rir les comp\u00e9tences n\u00e9cessaires pour mettre en \u0153uvre des changements d&#039;\u00e9quipement et de param\u00e8tres sp\u00e9cifiques au sein de l&#039;exploitation afin d&#039;obtenir des gains d&#039;efficacit\u00e9 et de performances quantifiables.<\/p>\n\n\n\n<div style=\"height:37px\" aria-hidden=\"true\" class=\"wp-block-spacer\"><\/div>\n\n\n\n<div class=\"wp-block-columns is-layout-flex wp-container-core-columns-is-layout-28f84493 wp-block-columns-is-layout-flex\">\n<div class=\"wp-block-column is-layout-flow wp-block-column-is-layout-flow\">\n<div class=\"wp-block-buttons is-content-justification-left is-layout-flex wp-container-core-buttons-is-layout-fc4fd283 wp-block-buttons-is-layout-flex\">\n<div class=\"wp-block-button\"><a class=\"wp-block-button__link has-text-align-center wp-element-button\" href=\"https:\/\/metcomtech.com\/fr\/order\/\">Commandez une formation en ligne<\/a><\/div>\n<\/div>\n<\/div>\n\n\n\n<div class=\"wp-block-column is-layout-flow wp-block-column-is-layout-flow\">\n<div class=\"wp-block-buttons is-content-justification-left is-layout-flex wp-container-core-buttons-is-layout-fc4fd283 wp-block-buttons-is-layout-flex\">\n<div class=\"wp-block-button\"><a class=\"wp-block-button__link wp-element-button\" href=\"https:\/\/metcomtech.com\/fr\/request-training-quotation\/\">Demander un devis de formation<\/a><\/div>\n<\/div>\n<\/div>\n\n\n\n<div class=\"wp-block-column has-global-padding is-layout-constrained wp-container-core-column-is-layout-fa1e05c5 wp-block-column-is-layout-constrained\"><\/div>\n<\/div>\n<\/div>\n\n\n\n<div class=\"wp-block-column is-layout-flow wp-block-column-is-layout-flow\" style=\"flex-basis:39%\">\n<figure class=\"wp-block-image alignright has-custom-border\"><img loading=\"lazy\" decoding=\"async\" width=\"999\" height=\"719\" src=\"https:\/\/metcomtech.com\/wp-content\/uploads\/2021\/12\/2Engineers.jpg\" alt=\"\" class=\"has-border-color wp-image-1092\" style=\"border-color:#34a123;border-width:3px;border-radius:64px\" srcset=\"https:\/\/metcomtech.com\/wp-content\/uploads\/2021\/12\/2Engineers.jpg 999w, https:\/\/metcomtech.com\/wp-content\/uploads\/2021\/12\/2Engineers-300x216.jpg 300w, https:\/\/metcomtech.com\/wp-content\/uploads\/2021\/12\/2Engineers-200x144.jpg 200w\" sizes=\"auto, (max-width: 999px) 100vw, 999px\" \/><\/figure>\n<\/div>\n<\/div>\n\n\n\n<p><strong>Des questions concernant la formation Metcom ?<\/strong><br>Envoyez-nous un message avec vos questions et un membre de l&#039;\u00e9quipe Metcom vous r\u00e9pondra sous peu.<\/p>\n\n\n\n<div class=\"wp-block-buttons is-layout-flex wp-block-buttons-is-layout-flex\">\n<div class=\"wp-block-button\"><a class=\"wp-block-button__link wp-element-button\" href=\"https:\/\/metcomtech.com\/fr\/contact\/\">Contactez-nous<\/a><\/div>\n<\/div>\n\n\n\n<div style=\"height:15px\" aria-hidden=\"true\" class=\"wp-block-spacer\"><\/div>","protected":false},"excerpt":{"rendered":"<p>Through training, Metcom delivers a complete system for achieving measurable grinding circuit performance improvement. The Metcom Grinding Process Management System uses practical analysis tools such as CSE, Functional Performance Analysis, Work Index Efficiency, and evaluation of (S)AG grinding along with all the necessary steps to acquire the existing and required information at the plant. This [&hellip;]<\/p>\n","protected":false},"author":1,"featured_media":0,"parent":936,"menu_order":0,"comment_status":"closed","ping_status":"closed","template":"wp-custom-template-a1-main-template","meta":{"footnotes":""},"class_list":["post-1069","page","type-page","status-publish","hentry"],"_links":{"self":[{"href":"https:\/\/metcomtech.com\/fr\/wp-json\/wp\/v2\/pages\/1069","targetHints":{"allow":["GET"]}}],"collection":[{"href":"https:\/\/metcomtech.com\/fr\/wp-json\/wp\/v2\/pages"}],"about":[{"href":"https:\/\/metcomtech.com\/fr\/wp-json\/wp\/v2\/types\/page"}],"author":[{"embeddable":true,"href":"https:\/\/metcomtech.com\/fr\/wp-json\/wp\/v2\/users\/1"}],"replies":[{"embeddable":true,"href":"https:\/\/metcomtech.com\/fr\/wp-json\/wp\/v2\/comments?post=1069"}],"version-history":[{"count":29,"href":"https:\/\/metcomtech.com\/fr\/wp-json\/wp\/v2\/pages\/1069\/revisions"}],"predecessor-version":[{"id":3064,"href":"https:\/\/metcomtech.com\/fr\/wp-json\/wp\/v2\/pages\/1069\/revisions\/3064"}],"up":[{"embeddable":true,"href":"https:\/\/metcomtech.com\/fr\/wp-json\/wp\/v2\/pages\/936"}],"wp:attachment":[{"href":"https:\/\/metcomtech.com\/fr\/wp-json\/wp\/v2\/media?parent=1069"}],"curies":[{"name":"wp","href":"https:\/\/api.w.org\/{rel}","templated":true}]}}