{"id":1132,"date":"2021-12-20T13:32:11","date_gmt":"2021-12-20T13:32:11","guid":{"rendered":"http:\/\/localhost\/moodle\/wp\/?page_id=1132"},"modified":"2024-05-15T04:05:00","modified_gmt":"2024-05-15T04:05:00","slug":"cse","status":"publish","type":"page","link":"https:\/\/metcomtech.com\/fr\/cse\/","title":{"rendered":"ESC"},"content":{"rendered":"<p>L'efficacit\u00e9 du syst\u00e8me de classification (ESC) est un outil puissant et \u00e9mergent qui peut \u00eatre utilis\u00e9 pour augmenter l'efficacit\u00e9 du circuit de broyage. Indicateur de performance cl\u00e9, il peut \u00eatre d\u00e9fini comme le pourcentage d\u2019\u00e9nergie du broyeur \u00e0 boulets utilis\u00e9 pour broyer des particules cibles surdimensionn\u00e9es.<\/p>\n\n\n\n<p>Metcom propose d\u00e9sormais un programme de formation ESC. Il est con\u00e7u pour vous aider \u00e0 mettre en \u0153uvre cette mesure pr\u00e9cieuse dans vos op\u00e9rations de broyage d'usine. La formation est adapt\u00e9e \u00e0 votre rythme et dispens\u00e9e en ligne. La dur\u00e9e moyenne de formation pour ce package est de 20 heures. Cela comprend des tests de certification et les participants re\u00e7oivent 2,0 unit\u00e9s de formation continue (UFC) de l'Institut canadien des ing\u00e9nieurs.<\/p>\n\n\n\n<p>Le package de formation comprend l'inscription et l'acc\u00e8s \u00e0 notre syst\u00e8me de formation en ligne, le module 5-Performance fonctionnelle du broyeur \u00e0 boulets, le module 7-Performance de l'hydrocyclone, le module 8-Ajustements de l'hydrocyclone, le module 9-Pompage de la pulpe et le module 18-\u00c9valuation de la classification des circuits.<\/p>\n\n\n\n<p>Cette vid\u00e9o s&#039;intitule : <strong>Am\u00e9liorations des performances des usines gr\u00e2ce \u00e0 l'efficacit\u00e9 du syst\u00e8me de classification (ESC)<\/strong>. Il a \u00e9t\u00e9 pr\u00e9sent\u00e9 lors de la conf\u00e9rence PME 2012 \u00e0 Seattle, Washington, par Robert E. McIvor de Metcom.<\/p>\n\n\n\n<figure class=\"wp-block-embed is-type-video is-provider-youtube wp-block-embed-youtube wp-embed-aspect-4-3 wp-has-aspect-ratio\"><div class=\"wp-block-embed__wrapper\">\n<iframe loading=\"lazy\" title=\"Am\u00e9liorations des performances des usines gr\u00e2ce \u00e0 l&#039;efficacit\u00e9 du syst\u00e8me de classification (CSE)\" width=\"500\" height=\"375\" src=\"https:\/\/www.youtube.com\/embed\/NmAoVMCZ5d8?feature=oembed\" frameborder=\"0\" allow=\"accelerometer; autoplay; clipboard-write; encrypted-media; gyroscope; picture-in-picture; web-share\" referrerpolicy=\"strict-origin-when-cross-origin\" allowfullscreen><\/iframe>\n<\/div><\/figure>\n\n\n\n<p>Le ESC a \u00e9galement \u00e9t\u00e9 pr\u00e9sent\u00e9 dans le num\u00e9ro de septembre 2014 du Mining Engineering Magazine.<br><\/p>\n\n\n\n<p><strong><a href=\"https:\/\/metcomtech.com\/moodle\/wp\/wp-content\/uploads\/2021\/12\/CSE-MiningEngineeringMag.pdf\" data-type=\"URL\" data-id=\"https:\/\/metcomtech.com\/moodle\/wp\/wp-content\/uploads\/2021\/12\/CSE-MiningEngineeringMag.pdf\" target=\"_blank\" rel=\"noreferrer noopener\">Cliquez ici pour lire le document technique<\/a><\/strong><\/p>","protected":false},"excerpt":{"rendered":"<p>Classification System Efficiency (CSE) is a powerful, emerging tool that can be used to increase grinding circuit efficiency. A key performance indicator, it can be defined as the percentage of the ball mill energy being used to grind target, oversize particles. Metcom is now offering a CSE Training Program. It is designed to help you [&hellip;]<\/p>\n","protected":false},"author":1,"featured_media":0,"parent":0,"menu_order":0,"comment_status":"closed","ping_status":"closed","template":"wp-custom-template-a1-main-template","meta":{"footnotes":""},"class_list":["post-1132","page","type-page","status-publish","hentry"],"_links":{"self":[{"href":"https:\/\/metcomtech.com\/fr\/wp-json\/wp\/v2\/pages\/1132","targetHints":{"allow":["GET"]}}],"collection":[{"href":"https:\/\/metcomtech.com\/fr\/wp-json\/wp\/v2\/pages"}],"about":[{"href":"https:\/\/metcomtech.com\/fr\/wp-json\/wp\/v2\/types\/page"}],"author":[{"embeddable":true,"href":"https:\/\/metcomtech.com\/fr\/wp-json\/wp\/v2\/users\/1"}],"replies":[{"embeddable":true,"href":"https:\/\/metcomtech.com\/fr\/wp-json\/wp\/v2\/comments?post=1132"}],"version-history":[{"count":6,"href":"https:\/\/metcomtech.com\/fr\/wp-json\/wp\/v2\/pages\/1132\/revisions"}],"predecessor-version":[{"id":1437,"href":"https:\/\/metcomtech.com\/fr\/wp-json\/wp\/v2\/pages\/1132\/revisions\/1437"}],"wp:attachment":[{"href":"https:\/\/metcomtech.com\/fr\/wp-json\/wp\/v2\/media?parent=1132"}],"curies":[{"name":"wp","href":"https:\/\/api.w.org\/{rel}","templated":true}]}}