{"id":1138,"date":"2021-12-20T13:49:09","date_gmt":"2021-12-20T13:49:09","guid":{"rendered":"http:\/\/localhost\/moodle\/wp\/?p=1138"},"modified":"2024-05-15T04:15:43","modified_gmt":"2024-05-15T04:15:43","slug":"grinding-circuit-support","status":"publish","type":"page","link":"https:\/\/metcomtech.com\/fr\/grinding-circuit-support\/","title":{"rendered":"Projets d&#039;am\u00e9lioration du processus de broyage"},"content":{"rendered":"<p>Metcom utilise un processus structur\u00e9 et syst\u00e9matique pour \u00e9valuer et am\u00e9liorer les performances des circuits de broyage industriel. Ce processus est un effort conjoint, ex\u00e9cut\u00e9 par l&#039;\u00e9quipe de projet compos\u00e9e de sp\u00e9cialistes Metcom et du personnel m\u00e9tallurgique de l&#039;usine.<\/p>\n\n\n\n<p>Le syst\u00e8me de Metcom se concentre sur trois domaines qui se chevauchent\u00a0:<\/p>\n\n\n<ol>\n<li><strong>processus de conception,<\/strong><\/li>\n<li><strong>contr\u00f4le des processus, et<\/strong><\/li>\n<li><strong>mesures et informations.<\/strong><\/li>\n<\/ol>\n\n\n<p>Un projet d\u2019am\u00e9lioration du proc\u00e9d\u00e9 de broyage se d\u00e9roule selon les phases suivantes :<\/p>\n\n\n\n<ol class=\"wp-block-list\"><li><strong>Visite initiale du site<\/strong><\/li><li><strong>Enqu\u00eate sur les circuits<\/strong><\/li><li><strong>Analyse comparative et identification des opportunit\u00e9s d\u2019am\u00e9lioration<\/strong><\/li><li><strong>Mise en \u0153uvre des modifications recommand\u00e9es<\/strong><\/li><li><strong>V\u00e9rification des am\u00e9liorations<\/strong><\/li><\/ol>\n\n\n\n<p>La visite initiale du site est le point de d\u00e9part du projet et son objectif est triple : pr\u00e9parer l&#039;\u00e9quipe, pr\u00e9parer l&#039;usine et recueillir des informations. Metcom a d\u00e9velopp\u00e9 une liste de contr\u00f4le d\u00e9taill\u00e9e qui guide les activit\u00e9s de la visite initiale du site qui prend g\u00e9n\u00e9ralement trois \u00e0 cinq jours sur place.<br><br>Voici des exemples d\u2019activit\u00e9s de pr\u00e9paration d\u2019\u00e9quipe\u00a0:<\/p>\n\n\n\n<ul class=\"wp-block-list\"><li>Pr\u00e9sentations de s\u00e9minaires et discussions sur les m\u00e9thodes Metcom<\/li><li>Visite et inspection du site<\/li><li>Planification de l&#039;enqu\u00eate<\/li><li>Identification des besoins de formation<\/li><li>Des exemples de pr\u00e9parations v\u00e9g\u00e9tales comprennent\u00a0:<\/li><li>Examen de l&#039;instrumentation et des \u00e9talonnages de l&#039;usine<\/li><li>Examen de points d\u2019\u00e9chantillonnage et identification des modifications n\u00e9cessaires<\/li><li>Conception et fabrication d\u2019\u00e9chantillons de coupe<\/li><li>D\u00e9veloppement de proc\u00e9dures de laboratoire<\/li><li>Exemples d\u2019informations \u00e0 recueillir\u00a0:<\/li><li>Sch\u00e9mas de traitement<\/li><li>Fiches techniques d\u00e9taill\u00e9es des \u00e9quipements<\/li><li>Co\u00fbts de l\u2019\u00e9lectricit\u00e9 et des m\u00e9dias<\/li><li>Performances et donn\u00e9es historiques du circuit<\/li><\/ul>\n\n\n\n<p>\u00c0 la fin de la visite initiale du site, l&#039;\u00e9quipe aura g\u00e9n\u00e9r\u00e9 un plan de projet avec les actions \u00e0 accomplir avant l&#039;ex\u00e9cution de l&#039;\u00e9tape 2, l&#039;\u00e9tude du circuit. Autre avantage suppl\u00e9mentaire : la visite initiale du site permet souvent d&#039;identifier des \u00ab gains rapides \u00bb qui peuvent \u00eatre exploit\u00e9s imm\u00e9diatement.<\/p>","protected":false},"excerpt":{"rendered":"<p>Metcom uses a structured, systematic process to evaluate and improve industrial grinding circuit performance. This process is a joint effort, executed by the project team which consists of Metcom specialists and plant metallurgical staff. Metcom\u2019s system focuses on three overlapping areas: process design, process control, and measurements &amp; information. A grinding process improvement project is [&hellip;]<\/p>\n","protected":false},"author":1,"featured_media":0,"parent":0,"menu_order":0,"comment_status":"closed","ping_status":"closed","template":"wp-custom-template-a1-main-template","meta":{"footnotes":""},"class_list":["post-1138","page","type-page","status-publish","hentry"],"_links":{"self":[{"href":"https:\/\/metcomtech.com\/fr\/wp-json\/wp\/v2\/pages\/1138","targetHints":{"allow":["GET"]}}],"collection":[{"href":"https:\/\/metcomtech.com\/fr\/wp-json\/wp\/v2\/pages"}],"about":[{"href":"https:\/\/metcomtech.com\/fr\/wp-json\/wp\/v2\/types\/page"}],"author":[{"embeddable":true,"href":"https:\/\/metcomtech.com\/fr\/wp-json\/wp\/v2\/users\/1"}],"replies":[{"embeddable":true,"href":"https:\/\/metcomtech.com\/fr\/wp-json\/wp\/v2\/comments?post=1138"}],"version-history":[{"count":4,"href":"https:\/\/metcomtech.com\/fr\/wp-json\/wp\/v2\/pages\/1138\/revisions"}],"predecessor-version":[{"id":1142,"href":"https:\/\/metcomtech.com\/fr\/wp-json\/wp\/v2\/pages\/1138\/revisions\/1142"}],"wp:attachment":[{"href":"https:\/\/metcomtech.com\/fr\/wp-json\/wp\/v2\/media?parent=1138"}],"curies":[{"name":"wp","href":"https:\/\/api.w.org\/{rel}","templated":true}]}}