{"id":1284,"date":"2022-01-03T22:30:10","date_gmt":"2022-01-03T22:30:10","guid":{"rendered":"http:\/\/localhost\/moodle\/wp\/?page_id=1284"},"modified":"2024-05-15T04:15:44","modified_gmt":"2024-05-15T04:15:44","slug":"order-received","status":"publish","type":"page","link":"https:\/\/metcomtech.com\/fr\/order-received\/","title":{"rendered":"Ordre re\u00e7u"},"content":{"rendered":"<p>Votre commande a \u00e9t\u00e9 re\u00e7ue. Vous recevrez un e-mail de bienvenue contenant des informations et des instructions concernant votre compte de formation en ligne dans les prochaines 24 heures.<\/p>","protected":false},"excerpt":{"rendered":"<p>Votre commande a \u00e9t\u00e9 re\u00e7ue. Vous recevrez un e-mail de bienvenue contenant des informations et des instructions concernant votre compte de formation en ligne dans les prochaines 24 heures.<\/p>","protected":false},"author":1,"featured_media":0,"parent":0,"menu_order":0,"comment_status":"closed","ping_status":"closed","template":"wp-custom-template-a1-main-template","meta":{"footnotes":""},"class_list":["post-1284","page","type-page","status-publish","hentry"],"_links":{"self":[{"href":"https:\/\/metcomtech.com\/fr\/wp-json\/wp\/v2\/pages\/1284","targetHints":{"allow":["GET"]}}],"collection":[{"href":"https:\/\/metcomtech.com\/fr\/wp-json\/wp\/v2\/pages"}],"about":[{"href":"https:\/\/metcomtech.com\/fr\/wp-json\/wp\/v2\/types\/page"}],"author":[{"embeddable":true,"href":"https:\/\/metcomtech.com\/fr\/wp-json\/wp\/v2\/users\/1"}],"replies":[{"embeddable":true,"href":"https:\/\/metcomtech.com\/fr\/wp-json\/wp\/v2\/comments?post=1284"}],"version-history":[{"count":1,"href":"https:\/\/metcomtech.com\/fr\/wp-json\/wp\/v2\/pages\/1284\/revisions"}],"predecessor-version":[{"id":1287,"href":"https:\/\/metcomtech.com\/fr\/wp-json\/wp\/v2\/pages\/1284\/revisions\/1287"}],"wp:attachment":[{"href":"https:\/\/metcomtech.com\/fr\/wp-json\/wp\/v2\/media?parent=1284"}],"curies":[{"name":"wp","href":"https:\/\/api.w.org\/{rel}","templated":true}]}}