{"id":1484,"date":"2022-01-20T15:46:44","date_gmt":"2022-01-20T15:46:44","guid":{"rendered":"http:\/\/localhost\/?p=1484"},"modified":"2024-05-15T04:15:43","modified_gmt":"2024-05-15T04:15:43","slug":"metcom-events-2","status":"publish","type":"page","link":"https:\/\/metcomtech.com\/fr\/metcom-events-2\/","title":{"rendered":"\u00c9v\u00e9nements Metcom"},"content":{"rendered":"<figure class=\"wp-block-table\"><table><tbody><tr><td class=\"has-text-align-left\" data-align=\"left\"><strong>Description<\/strong><\/td><td class=\"has-text-align-center\" data-align=\"center\"><strong>Date\/Heure<\/strong><\/td><td class=\"has-text-align-center\" data-align=\"center\"><strong>Co\u00fbt<\/strong><\/td><td class=\"has-text-align-center\" data-align=\"center\"><strong>Inscription<\/strong><\/td><\/tr><tr><td class=\"has-text-align-left\" data-align=\"left\">Classe d&#039;une heure sur la violence avec les m\u00e9talurgiques de Metcom, Robert McIvor et Kyle Bartholomew<br><strong>L\u2019\u00e9quation de rendu fonctionnel\u00a0:<br>Le d\u00e9veloppement et la mise en \u0153uvre de l&#039;usine<\/strong><\/td><td class=\"has-text-align-center\" data-align=\"center\">jeudi 09 juillet \u2013 2020<\/td><td class=\"has-text-align-center\" data-align=\"center\">Gratuitement<\/td><td class=\"has-text-align-center\" data-align=\"center\">Le registre est ferm\u00e9<br><\/td><\/tr><tr><td class=\"has-text-align-left\" data-align=\"left\">Cours d&#039;une heure sur le meulage avec Rob McIvor,<br>M\u00e9tallurgiste en chef Metcom<br><strong>L&#039;\u00e9quation de performance fonctionnelle\u00a0:<br>Son d\u00e9veloppement et sa mise en \u0153uvre en usine<\/strong><\/td><td class=\"has-text-align-center\" data-align=\"center\">mardi 19 mai 2020<\/td><td class=\"has-text-align-center\" data-align=\"center\">Gratuit<\/td><td class=\"has-text-align-center\" data-align=\"center\"><em>Inscription cl\u00f4tur\u00e9e<\/em><br><\/td><\/tr><\/tbody><\/table><\/figure>","protected":false},"excerpt":{"rendered":"<p>Description Date\/Time Cost Registration Clase de una hora sobre molienda con Metal\u00fargicos\u00a0de Metcom, Robert McIvor y Kyle BartholomewLa ecuaci\u00f3n de rendimiento funcional:Su desarrollo e implementaci\u00f3n de planta Jueves 09 de julio &#8211; 2020 Gratis El registro est\u00e1 cerrado One-Hour Class on Grinding with Rob McIvor,Metcom Chief MetallurgistThe Functional Performance Equation:Its Development and Plant Implementation Tuesday, [&hellip;]<\/p>\n","protected":false},"author":1,"featured_media":0,"parent":0,"menu_order":0,"comment_status":"open","ping_status":"closed","template":"wp-custom-template-a1-main-template","meta":{"footnotes":""},"class_list":["post-1484","page","type-page","status-publish","hentry"],"_links":{"self":[{"href":"https:\/\/metcomtech.com\/fr\/wp-json\/wp\/v2\/pages\/1484","targetHints":{"allow":["GET"]}}],"collection":[{"href":"https:\/\/metcomtech.com\/fr\/wp-json\/wp\/v2\/pages"}],"about":[{"href":"https:\/\/metcomtech.com\/fr\/wp-json\/wp\/v2\/types\/page"}],"author":[{"embeddable":true,"href":"https:\/\/metcomtech.com\/fr\/wp-json\/wp\/v2\/users\/1"}],"replies":[{"embeddable":true,"href":"https:\/\/metcomtech.com\/fr\/wp-json\/wp\/v2\/comments?post=1484"}],"version-history":[{"count":1,"href":"https:\/\/metcomtech.com\/fr\/wp-json\/wp\/v2\/pages\/1484\/revisions"}],"predecessor-version":[{"id":1485,"href":"https:\/\/metcomtech.com\/fr\/wp-json\/wp\/v2\/pages\/1484\/revisions\/1485"}],"wp:attachment":[{"href":"https:\/\/metcomtech.com\/fr\/wp-json\/wp\/v2\/media?parent=1484"}],"curies":[{"name":"wp","href":"https:\/\/api.w.org\/{rel}","templated":true}]}}