{"id":1486,"date":"2022-01-20T15:57:19","date_gmt":"2022-01-20T15:57:19","guid":{"rendered":"http:\/\/localhost\/?page_id=1486"},"modified":"2022-01-20T15:58:30","modified_gmt":"2022-01-20T15:58:30","slug":"fp-class-esp","status":"publish","type":"page","link":"https:\/\/metcomtech.com\/fr\/fp-class-esp\/","title":{"rendered":"Clase de formaci\u00f3n de Metcom"},"content":{"rendered":"<p class=\"has-large-font-size\"><strong>L\u2019\u00e9quation de rendu fonctionnel\u00a0:<\/strong><br>Le d\u00e9veloppement et la mise en \u0153uvre de l&#039;usine<\/p>\n\n\n\n<p class=\"has-text-align-left\">Clase en l\u00ednea 09 de julio de 2020<\/p>\n\n\n\n<p><\/p>\n\n\n\n<figure class=\"wp-block-embed is-type-rich is-provider-embed-handler wp-block-embed-embed-handler wp-embed-aspect-16-9 wp-has-aspect-ratio\"><div class=\"wp-block-embed__wrapper\">\n<iframe loading=\"lazy\" title=\"L&#039;ex\u00e9cution du rendu fonctionnel\u00a0: le d\u00e9veloppement et la mise en \u0153uvre de l&#039;usine\" width=\"500\" height=\"281\" src=\"https:\/\/www.youtube.com\/embed\/LxGJRA920Bw?feature=oembed\" frameborder=\"0\" allow=\"accelerometer; autoplay; clipboard-write; encrypted-media; gyroscope; picture-in-picture; web-share\" referrerpolicy=\"strict-origin-when-cross-origin\" allowfullscreen><\/iframe>\n<\/div><\/figure>\n\n\n\n<p><\/p>\n\n\n\n<div class=\"wp-block-buttons is-content-justification-left is-layout-flex wp-block-buttons-is-layout-flex\">\n<div class=\"wp-block-button\"><a class=\"wp-block-button__link has-white-color has-luminous-vivid-orange-background-color has-text-color has-background\" href=\"https:\/\/metcomtech.com\/fr\/order-training\/\">Reg\u00edstrese para la formaci\u00f3n en l\u00ednea de Metcom<\/a><\/div>\n<\/div>\n\n\n\n<p><\/p>","protected":false},"excerpt":{"rendered":"<p>La ecuaci\u00f3n de rendimiento funcional:Su desarrollo e implementaci\u00f3n de planta Clase en l\u00ednea 09 de julio de 2020<\/p>","protected":false},"author":1,"featured_media":0,"parent":0,"menu_order":0,"comment_status":"closed","ping_status":"closed","template":"","meta":{"footnotes":""},"class_list":["post-1486","page","type-page","status-publish","hentry"],"_links":{"self":[{"href":"https:\/\/metcomtech.com\/fr\/wp-json\/wp\/v2\/pages\/1486","targetHints":{"allow":["GET"]}}],"collection":[{"href":"https:\/\/metcomtech.com\/fr\/wp-json\/wp\/v2\/pages"}],"about":[{"href":"https:\/\/metcomtech.com\/fr\/wp-json\/wp\/v2\/types\/page"}],"author":[{"embeddable":true,"href":"https:\/\/metcomtech.com\/fr\/wp-json\/wp\/v2\/users\/1"}],"replies":[{"embeddable":true,"href":"https:\/\/metcomtech.com\/fr\/wp-json\/wp\/v2\/comments?post=1486"}],"version-history":[{"count":2,"href":"https:\/\/metcomtech.com\/fr\/wp-json\/wp\/v2\/pages\/1486\/revisions"}],"predecessor-version":[{"id":1491,"href":"https:\/\/metcomtech.com\/fr\/wp-json\/wp\/v2\/pages\/1486\/revisions\/1491"}],"wp:attachment":[{"href":"https:\/\/metcomtech.com\/fr\/wp-json\/wp\/v2\/media?parent=1486"}],"curies":[{"name":"wp","href":"https:\/\/api.w.org\/{rel}","templated":true}]}}