{"id":1506,"date":"2022-01-20T16:38:34","date_gmt":"2022-01-20T16:38:34","guid":{"rendered":"http:\/\/localhost\/?page_id=1506"},"modified":"2025-12-05T15:19:31","modified_gmt":"2025-12-05T15:19:31","slug":"metcom-events","status":"publish","type":"page","link":"https:\/\/metcomtech.com\/fr\/metcom-events\/","title":{"rendered":"\u00c9v\u00e9nements Metcom en direct"},"content":{"rendered":"<hr class=\"wp-block-separator has-alpha-channel-opacity\"\/>\n\n\n\n<figure class=\"wp-block-table alignwide is-style-stripes\"><table><tbody><tr><td class=\"has-text-align-left\" data-align=\"left\"><strong>Titre<\/strong><\/td><td class=\"has-text-align-center\" data-align=\"center\"><strong>Date<\/strong> \/ <strong>Emplacement<\/strong><\/td><td class=\"has-text-align-center\" data-align=\"center\"><strong>Co\u00fbt<\/strong><\/td><td class=\"has-text-align-center\" data-align=\"center\"><strong>Inscription<\/strong><\/td><\/tr><tr><td class=\"has-text-align-left\" data-align=\"left\"><strong>Cours de ma\u00eetre sur le broyage des min\u00e9raux<\/strong>:<br>CSE: <em>Calculs de pompe et de cyclone pour maximiser l&#039;efficacit\u00e9 du circuit de broyage<\/em><br><br>Inspection des installations, analyses en laboratoire et tests de broyabilit\u00e9<br><br><\/td><td class=\"has-text-align-center\" data-align=\"center\">27-29 octobre 2025<br>Williams Lake, Colombie-Britannique<\/td><td class=\"has-text-align-center\" data-align=\"center\">$1,178 \u00e0 $2,405<\/td><td class=\"has-text-align-center\" data-align=\"center\"><a href=\"#\">Cet \u00e9v\u00e9nement est termin\u00e9<\/a><\/td><\/tr><tr><td class=\"has-text-align-left\" data-align=\"left\"><strong>L&#039;h\u00e9ritage des obligations\u00a0: <\/strong><br>L&#039;histoire personnelle et professionnelle de Fred C. Bond<\/td><td class=\"has-text-align-center\" data-align=\"center\">jeudi 08 ao\u00fbt 2024<br>12h00 HNE<\/td><td class=\"has-text-align-center\" data-align=\"center\">Gratuit<\/td><td class=\"has-text-align-center\" data-align=\"center\"><a href=\"https:\/\/www.linkedin.com\/events\/thebondlegacy-thepersonalandpro7225216969120079873\/comments\/\">Cet \u00e9v\u00e9nement est termin\u00e9<\/a><\/td><\/tr><tr><td class=\"has-text-align-left\" data-align=\"left\">T<strong>L&#039;\u00e9quation de performance fonctionnelle pour les circuits de broyage des installations\u00a0: <\/strong><br>Une classe de ma\u00eetre<strong>&nbsp;pour le<\/strong>&nbsp;<a href=\"https:\/\/www.ausimm.com\/conferences-and-events\/mill-operators\/\">Conf\u00e9rence des op\u00e9rateurs d&#039;usine<\/a><\/td><td class=\"has-text-align-center\" data-align=\"center\">dimanche 20 octobre 2024<\/td><td class=\"has-text-align-center\" data-align=\"center\">\u00c9tudiants \u2013 Gratuit <br>Membres de l&#039;AusIMM \u2013 $400&nbsp;<br>Non-membres \u2013 $500<\/td><td class=\"has-text-align-center\" data-align=\"center\"><a href=\"https:\/\/www.ausimm.com\/conferences-and-events\/mill-operators\/program\/workshops\/the-functional-performance-equation-for-plant-grinding-circuits-a-master-class\/\">Cet \u00e9v\u00e9nement est termin\u00e9<\/a><\/td><\/tr><tr><td class=\"has-text-align-left\" data-align=\"left\"><strong>L&#039;\u00e9quation de performance fonctionnelle\u00a0:<br><\/strong><em>Son d\u00e9veloppement et sa mise en \u0153uvre en usine<\/em><\/td><td class=\"has-text-align-center\" data-align=\"center\">07\/09\/2020<\/td><td class=\"has-text-align-center\" data-align=\"center\">Gratuit<\/td><td class=\"has-text-align-center\" data-align=\"center\"><a href=\"https:\/\/metcomtech.com\/fr\/fp-class\/\" data-type=\"page\" data-id=\"1494\"><mark style=\"background-color:rgba(0, 0, 0, 0)\" class=\"has-inline-color has-luminous-vivid-orange-color\"><span style=\"text-decoration: underline;\"><strong>Voir la vid\u00e9o de cours enregistr\u00e9e<\/strong><br><\/span><\/mark><\/a><br><a href=\"https:\/\/metcomtech.com\/es\/fp-class\"><strong><mark style=\"background-color:rgba(0, 0, 0, 0)\" class=\"has-inline-color has-luminous-vivid-orange-color\"><span style=\"text-decoration: underline;\">Voir la vid\u00e9o captur\u00e9e<\/span><\/mark><\/strong><\/a><\/td><\/tr><\/tbody><\/table><\/figure>\n\n\n\n<p><\/p>\n\n\n\n<p><\/p>","protected":false},"excerpt":{"rendered":"<p>Title Date \/ Location Cost Registration Mineral Grinding Master Classes:CSE: Pump &amp; Cyclone Calculations to Maximize Grinding Circuit Efficiency Plant Surveying, Laboratory Analysis and Grindability Testing October 27-29 , 2025Williams Lake, BC $1,178 to $2,405 This event has closed The Bond Legacy: The Personal and Professional Story of Fred C. Bond Thursday, 08 August 202412:00 [&hellip;]<\/p>\n","protected":false},"author":1,"featured_media":0,"parent":0,"menu_order":0,"comment_status":"closed","ping_status":"closed","template":"wp-custom-template-a1-main-template","meta":{"footnotes":""},"class_list":["post-1506","page","type-page","status-publish","hentry"],"_links":{"self":[{"href":"https:\/\/metcomtech.com\/fr\/wp-json\/wp\/v2\/pages\/1506","targetHints":{"allow":["GET"]}}],"collection":[{"href":"https:\/\/metcomtech.com\/fr\/wp-json\/wp\/v2\/pages"}],"about":[{"href":"https:\/\/metcomtech.com\/fr\/wp-json\/wp\/v2\/types\/page"}],"author":[{"embeddable":true,"href":"https:\/\/metcomtech.com\/fr\/wp-json\/wp\/v2\/users\/1"}],"replies":[{"embeddable":true,"href":"https:\/\/metcomtech.com\/fr\/wp-json\/wp\/v2\/comments?post=1506"}],"version-history":[{"count":30,"href":"https:\/\/metcomtech.com\/fr\/wp-json\/wp\/v2\/pages\/1506\/revisions"}],"predecessor-version":[{"id":3752,"href":"https:\/\/metcomtech.com\/fr\/wp-json\/wp\/v2\/pages\/1506\/revisions\/3752"}],"wp:attachment":[{"href":"https:\/\/metcomtech.com\/fr\/wp-json\/wp\/v2\/media?parent=1506"}],"curies":[{"name":"wp","href":"https:\/\/api.w.org\/{rel}","templated":true}]}}