{"id":322,"date":"2021-12-02T20:58:23","date_gmt":"2021-12-02T20:58:23","guid":{"rendered":"https:\/\/moodle.localhost\/wp\/?page_id=322"},"modified":"2026-03-13T16:24:05","modified_gmt":"2026-03-13T16:24:05","slug":"grindingbulletin1","status":"publish","type":"page","link":"https:\/\/metcomtech.com\/fr\/grindingbulletin1\/","title":{"rendered":"Bulletin de meulage #1"},"content":{"rendered":"<h2 class=\"wp-block-heading has-medium-font-size\">D\u00e9terminez rapidement et avec pr\u00e9cision votre \u00ab\u00a0rapport de charge circulante\u00a0\u00bb<\/h2>\n\n\n\n<p class=\"has-small-font-size\">Le circuit ferm\u00e9 typique du broyeur \u00e0 boulets est illustr\u00e9 \u00e0 la figure 1. Le rapport de charge circulante est connu pour \u00eatre un param\u00e8tre de conception\/fonctionnement extr\u00eamement important, comme le montre la figure 2.<\/p>\n\n\n\n<figure class=\"wp-block-image aligncenter size-full has-custom-border\"><img loading=\"lazy\" decoding=\"async\" width=\"630\" height=\"360\" src=\"http:\/\/moodle.localhost\/wp\/wp-content\/uploads\/2021\/12\/7aaf697c-2342-4044-90ac-c1eca3734e93.jpg\" alt=\"BM Circuit\" class=\"wp-image-323\" style=\"border-radius:16px\" srcset=\"https:\/\/metcomtech.com\/wp-content\/uploads\/2021\/12\/7aaf697c-2342-4044-90ac-c1eca3734e93.jpg 630w, https:\/\/metcomtech.com\/wp-content\/uploads\/2021\/12\/7aaf697c-2342-4044-90ac-c1eca3734e93-300x171.jpg 300w, https:\/\/metcomtech.com\/wp-content\/uploads\/2021\/12\/7aaf697c-2342-4044-90ac-c1eca3734e93-200x114.jpg 200w, https:\/\/metcomtech.com\/wp-content\/uploads\/2021\/12\/7aaf697c-2342-4044-90ac-c1eca3734e93-262x150.jpg 262w\" sizes=\"auto, (max-width: 630px) 100vw, 630px\" \/><figcaption class=\"wp-element-caption\">Figure 1. Disposition standard du circuit du broyeur \u00e0 boulets<\/figcaption><\/figure>\n\n\n\n<figure class=\"wp-block-image aligncenter size-full has-custom-border\"><img loading=\"lazy\" decoding=\"async\" width=\"648\" height=\"450\" src=\"https:\/\/metcomtech.com\/wp-content\/uploads\/2021\/12\/77f0f6c8-d99f-4753-8b73-0a786db83642.jpg\" alt=\"\" class=\"wp-image-324\" style=\"border-radius:49px\" srcset=\"https:\/\/metcomtech.com\/wp-content\/uploads\/2021\/12\/77f0f6c8-d99f-4753-8b73-0a786db83642.jpg 648w, https:\/\/metcomtech.com\/wp-content\/uploads\/2021\/12\/77f0f6c8-d99f-4753-8b73-0a786db83642-300x208.jpg 300w, https:\/\/metcomtech.com\/wp-content\/uploads\/2021\/12\/77f0f6c8-d99f-4753-8b73-0a786db83642-200x139.jpg 200w\" sizes=\"auto, (max-width: 648px) 100vw, 648px\" \/><figcaption class=\"wp-element-caption\">Figure 2. Productivit\u00e9 du circuit du broyeur \u00e0 boulets par rapport au rapport de charge en circulation (d&#039;apr\u00e8s EW Davis)<\/figcaption><\/figure>\n\n\n\n<p class=\"has-small-font-size\">Quel est le taux de charge circulante dans votre circuit de broyage \u00e0 boulets\u00a0? Il existe un moyen simple et rapide de le calculer \u00e0 partir de n&#039;importe quel ensemble de donn\u00e9es de distribution de taille de circuit pour la configuration de circuit standard illustr\u00e9e \u00e0 la figure 1, comme suit.<\/p>\n\n\n\n<p class=\"has-small-font-size\">D\u00e9finissons d&#039;abord clairement le \u00ab taux de charge en circulation \u00bb comme le rapport de la quantit\u00e9 de solides traversant le broyeur \u00e0 boulets divis\u00e9 par la quantit\u00e9 de solides traversant le circuit. Il s\u2019av\u00e8re qu\u2019une formule de \u00ab bilan massique \u00bb valide peut \u00eatre d\u00e9riv\u00e9e des deux questions suivantes\u00a0:<\/p>\n\n\n\n<div class=\"wp-block-columns is-layout-flex wp-container-core-columns-is-layout-28f84493 wp-block-columns-is-layout-flex\">\n<div class=\"wp-block-column is-layout-flow wp-block-column-is-layout-flow\" style=\"flex-basis:100%\">\n<p class=\"has-small-font-size\"><strong>UN. <\/strong>Quelle quantit\u00e9 de nouveau produit est g\u00e9n\u00e9r\u00e9e par le circuit\u00a0?<\/p>\n\n\n\n<p class=\"has-small-font-size\"><strong>B.<\/strong> Quelle quantit\u00e9 de nouveau produit est g\u00e9n\u00e9r\u00e9e par chaque passage dans le broyeur \u00e0 boulets\u00a0?<\/p>\n<\/div>\n<\/div>\n\n\n\n<p class=\"has-small-font-size\">Ensuite, le rapport de charge en circulation est \u00e9gal \u00e0 \u00ab A \u00bb divis\u00e9 par \u00ab B \u00bb, le nombre de passages dans le broyeur n\u00e9cessaire pour g\u00e9n\u00e9rer la quantit\u00e9 totale de nouveau produit du circuit.<\/p>\n\n\n\n<p><em>Exemple: <\/em> <\/p>\n\n\n\n<p class=\"has-small-font-size\">Un produit de circuit de broyeur \u00e0 boulets (d\u00e9bordement de cyclone) contient du 80% passant 75 um (200 mesh). L&#039;alimentation du circuit (de l&#039;\u00e9tape pr\u00e9c\u00e9dente de r\u00e9duction de taille) contient du 20% passant 75 \u00b5m. Par cons\u00e9quent, le circuit produit 60% (points de pourcentage) de nouveau mat\u00e9riau de moins 75 \u00b5m (c&#039;est-\u00e0-dire \u00ab\u00a0A\u00a0\u00bb, ci-dessus, est \u00e9gal \u00e0 60).<\/p>\n\n\n\n<p class=\"has-small-font-size\">Dans le m\u00eame temps, il a \u00e9t\u00e9 d\u00e9termin\u00e9 que l&#039;alimentation du broyeur \u00e0 boulets (sous-verse du cyclone) contient 25% passant 75 um, et que la d\u00e9charge du broyeur contient 45% passant 75 um. Par cons\u00e9quent, lors de chaque passage dans le broyeur, 20% (points de pourcentage) de nouveau mat\u00e9riau de moins 75 \u00b5m est g\u00e9n\u00e9r\u00e9 (\u00ab B \u00bb, ci-dessus, est \u00e9gal \u00e0 20). Le rapport de charge circulante est alors de 60 divis\u00e9 par 20, donc \u00e9gal \u00e0 3,0, soit 300%.<\/p>\n\n\n\n<p class=\"has-small-font-size\">Essayez ceci avec n&#039;importe quel bon ensemble de donn\u00e9es provenant de la disposition de circuit standard pr\u00e9sent\u00e9e ci-dessus. Il fonctionne avec n&#039;importe quelle taille d&#039;\u00e9cran que vous choisissez pour effectuer les calculs. Ce qui est parfois consid\u00e9r\u00e9 comme une question d\u00e9routante trouve une r\u00e9ponse rapide et pr\u00e9cise \u00e0 partir d\u2019un ensemble de donn\u00e9es sur la distribution de taille.<\/p>\n\n\n\n<div class=\"wp-block-buttons is-horizontal is-content-justification-center is-layout-flex wp-container-core-buttons-is-layout-03627597 wp-block-buttons-is-layout-flex\">\n<div class=\"wp-block-button\"><a class=\"wp-block-button__link wp-element-button\" href=\"https:\/\/metcomtech.com\/fr\/#GrindingBulletin\">Voir plus de bulletins de meulage<\/a><\/div>\n<\/div>\n\n\n\n<p><\/p>","protected":false},"excerpt":{"rendered":"<p>Quickly and Accurately Determine Your &#8220;Circulating Load Ratio&#8221; The typical closed ball milling circuit is shown in Figure 1. The circulating load ratio is known to be an extremely important design\/operating parameter, as shown in Figure 2. What is the circulating load ratio in your ball milling circuit? There is a rapid and easy way [&hellip;]<\/p>\n","protected":false},"author":1,"featured_media":0,"parent":0,"menu_order":0,"comment_status":"open","ping_status":"closed","template":"wp-custom-template-a1-main-template","meta":{"footnotes":""},"class_list":["post-322","page","type-page","status-publish","hentry"],"_links":{"self":[{"href":"https:\/\/metcomtech.com\/fr\/wp-json\/wp\/v2\/pages\/322","targetHints":{"allow":["GET"]}}],"collection":[{"href":"https:\/\/metcomtech.com\/fr\/wp-json\/wp\/v2\/pages"}],"about":[{"href":"https:\/\/metcomtech.com\/fr\/wp-json\/wp\/v2\/types\/page"}],"author":[{"embeddable":true,"href":"https:\/\/metcomtech.com\/fr\/wp-json\/wp\/v2\/users\/1"}],"replies":[{"embeddable":true,"href":"https:\/\/metcomtech.com\/fr\/wp-json\/wp\/v2\/comments?post=322"}],"version-history":[{"count":12,"href":"https:\/\/metcomtech.com\/fr\/wp-json\/wp\/v2\/pages\/322\/revisions"}],"predecessor-version":[{"id":2491,"href":"https:\/\/metcomtech.com\/fr\/wp-json\/wp\/v2\/pages\/322\/revisions\/2491"}],"wp:attachment":[{"href":"https:\/\/metcomtech.com\/fr\/wp-json\/wp\/v2\/media?parent=322"}],"curies":[{"name":"wp","href":"https:\/\/api.w.org\/{rel}","templated":true}]}}