{"id":3239,"date":"2025-01-07T15:50:28","date_gmt":"2025-01-07T15:50:28","guid":{"rendered":"https:\/\/metcomtech.com\/?page_id=3239"},"modified":"2025-10-08T21:47:19","modified_gmt":"2025-10-08T21:47:19","slug":"mineral-grinding-master-classes","status":"publish","type":"page","link":"https:\/\/metcomtech.com\/fr\/mineral-grinding-master-classes\/","title":{"rendered":"Cours de ma\u00eetre sur le broyage des min\u00e9raux"},"content":{"rendered":"<p class=\"has-text-align-left\"><strong>27 octobre<\/strong><sup>\u00e8me<\/sup><strong> \u2013 29<\/strong><sup>\u00e8me<\/sup><strong> 2025<\/strong><br><strong>Williams Lake, Colombie-Britannique, Canada<\/strong><\/p>\n\n\n\n<div class=\"wp-block-media-text is-stacked-on-mobile\" style=\"grid-template-columns:33% auto\"><figure class=\"wp-block-media-text__media\"><img loading=\"lazy\" decoding=\"async\" width=\"612\" height=\"479\" src=\"https:\/\/metcomtech.com\/wp-content\/uploads\/2025\/09\/WS-banner1.jpg\" alt=\"\" class=\"wp-image-3581 size-full\" srcset=\"https:\/\/metcomtech.com\/wp-content\/uploads\/2025\/09\/WS-banner1.jpg 612w, https:\/\/metcomtech.com\/wp-content\/uploads\/2025\/09\/WS-banner1-300x235.jpg 300w, https:\/\/metcomtech.com\/wp-content\/uploads\/2025\/09\/WS-banner1-15x12.jpg 15w, https:\/\/metcomtech.com\/wp-content\/uploads\/2025\/09\/WS-banner1-200x157.jpg 200w\" sizes=\"auto, (max-width: 612px) 100vw, 612px\" \/><\/figure><div class=\"wp-block-media-text__content\">\n<p>Metcom Technologies est heureux d&#039;annoncer une s\u00e9rie compl\u00e8te de master class en deux parties, qui se d\u00e9roulera sur trois jours le 27 octobre.<sup>\u00e8me<\/sup> bien que 29<sup>\u00e8me<\/sup> 2025 en <strong>Williams Lake, Colombie-Britannique<\/strong>Cet atelier interactif est con\u00e7u pour les m\u00e9tallurgistes d&#039;usine, les techniciens de laboratoire et autres professionnels de l&#039;industrie d\u00e9sireux d&#039;acqu\u00e9rir des outils pratiques pour optimiser les circuits de broyage.<\/p>\n\n\n\n<p>Dirig\u00e9es par les experts de Metcom Kyle Bartholomew et Omar Arafat, ces sessions fourniront aux participants des informations et des outils pr\u00e9cieux pour mesurer et am\u00e9liorer l&#039;efficacit\u00e9 du syst\u00e8me de classification de leur circuit de broyage (<strong>ESC<\/strong>). Les participants apprendront \u00e9galement des approches syst\u00e9matiques pour mener des campagnes d\u2019\u00e9chantillonnage d\u2019enqu\u00eate efficaces, ainsi que des strat\u00e9gies d\u2019analyse en laboratoire et de collecte de donn\u00e9es.<\/p>\n\n\n\n<p>\u00c0 l&#039;issue de cette formation, les participants seront dot\u00e9s des comp\u00e9tences n\u00e9cessaires pour identifier et mettre en \u0153uvre des am\u00e9liorations, am\u00e9liorant ainsi la performance de leurs op\u00e9rations de meulage. Nous vous invitons \u00e0 participer \u00e0 l&#039;une ou l&#039;autre de ces formations, mais veuillez noter que <strong>l&#039;espace est limit\u00e9<\/strong>.<\/p>\n<\/div><\/div>\n\n\n\n<div class=\"wp-block-group is-nowrap is-layout-flex wp-container-core-group-is-layout-6c531013 wp-block-group-is-layout-flex\">\n<p><br><\/p>\n\n\n\n<div style=\"height:100px;width:469px\" aria-hidden=\"true\" class=\"wp-block-spacer wp-container-content-711871ec\"><\/div>\n\n\n\n<div class=\"wp-block-buttons is-layout-flex wp-block-buttons-is-layout-flex\">\n<div class=\"wp-block-button\"><a class=\"wp-block-button__link wp-element-button\" href=\"https:\/\/metcomtech.com\/fr\/workshop-information-request\/\">Demander un devis formel<\/a><\/div>\n<\/div>\n\n\n\n<p><br><br><\/p>\n\n\n\n<div class=\"wp-block-buttons is-layout-flex wp-block-buttons-is-layout-flex\">\n<div class=\"wp-block-button\"><a class=\"wp-block-button__link wp-element-button\" href=\"#register-info\">Inscrivez-vous en ligne<\/a><\/div>\n<\/div>\n<\/div>\n\n\n\n<hr class=\"wp-block-separator alignwide has-alpha-channel-opacity\"\/>\n\n\n\n<p><strong>Atelier #1<\/strong><em> (2 jours en classe)<\/em><br>27 octobre<sup>\u00e8me<\/sup> \u2013 28<sup>\u00e8me<\/sup>, 2025<br>8h00-16h00<\/p>\n\n\n\n<figure class=\"wp-block-image aligncenter size-full\"><img loading=\"lazy\" decoding=\"async\" width=\"691\" height=\"310\" src=\"https:\/\/metcomtech.com\/wp-content\/uploads\/2025\/09\/CSE-WS1.jpg\" alt=\"\" class=\"wp-image-3573\" srcset=\"https:\/\/metcomtech.com\/wp-content\/uploads\/2025\/09\/CSE-WS1.jpg 691w, https:\/\/metcomtech.com\/wp-content\/uploads\/2025\/09\/CSE-WS1-300x135.jpg 300w, https:\/\/metcomtech.com\/wp-content\/uploads\/2025\/09\/CSE-WS1-18x8.jpg 18w, https:\/\/metcomtech.com\/wp-content\/uploads\/2025\/09\/CSE-WS1-200x90.jpg 200w\" sizes=\"auto, (max-width: 691px) 100vw, 691px\" \/><\/figure>\n\n\n\n<p><strong><mark style=\"background-color:rgba(0, 0, 0, 0)\" class=\"has-inline-color has-accent-3-color\">CSE : Calculs de pompes et de cyclones pour maximiser l&#039;efficacit\u00e9 du circuit de broyage<\/mark><\/strong><\/p>\n\n\n\n<p>Ce cours CSE (Classification de l&#039;efficacit\u00e9 des syst\u00e8mes) couvre les calculs de conception d&#039;applications de proc\u00e9d\u00e9s pour les pompes \u00e0 boues et les hydrocyclones afin d&#039;optimiser leurs performances en termes d&#039;efficacit\u00e9 et de productivit\u00e9 du circuit de broyage. Comme d\u00e9crit dans <a href=\"https:\/\/me.smenet.org\/abstract.cfm?preview=1&amp;articleID=7886&amp;page=18\" data-type=\"link\" data-id=\"https:\/\/me.smenet.org\/abstract.cfm?preview=1&amp;articleID=7886&amp;page=18\" target=\"_blank\" rel=\"noreferrer noopener\">Exploitation mini\u00e8re <\/a><a href=\"https:\/\/metcomtech.com\/wp-content\/uploads\/2021\/12\/CSE-MiningEngineeringMag.pdf\" data-type=\"link\" data-id=\"https:\/\/me.smenet.org\/abstract.cfm?preview=1&amp;articleID=7886&amp;page=18\" target=\"_blank\" rel=\"noreferrer noopener\">Ing\u00e9nierie <\/a><a href=\"https:\/\/me.smenet.org\/abstract.cfm?preview=1&amp;articleID=7886&amp;page=18\" data-type=\"link\" data-id=\"https:\/\/me.smenet.org\/abstract.cfm?preview=1&amp;articleID=7886&amp;page=18\" target=\"_blank\" rel=\"noreferrer noopener\">Revue<\/a>, les avantages quantifiables en termes d\u2019augmentation du tonnage, de broyage plus fin pour am\u00e9liorer la r\u00e9cup\u00e9ration et de r\u00e9duction de l\u2019\u00e9nergie et des co\u00fbts sont souvent tr\u00e8s substantiels.<\/p>\n\n\n\n<p>Les participants recevront des documents en classe, des exercices, des pr\u00e9sentations de diapositives, ainsi qu&#039;un acc\u00e8s en ligne aux formations Metcom suivantes\u00a0:<\/p>\n\n\n\n<ul class=\"wp-block-list\">\n<li> Module 5 \u2013 Performance fonctionnelle du broyeur \u00e0 boulets<\/li>\n\n\n\n<li> Module 7 \u2013 Performances des hydrocyclones<\/li>\n\n\n\n<li> Module 8 \u2013 Ajustements des hydrocyclones<\/li>\n\n\n\n<li> Module 9 \u2013 Pompage de la pulpe<\/li>\n\n\n\n<li> Module 18 \u2013 \u00c9valuation de la classification des circuits<\/li>\n<\/ul>\n\n\n\n<p>Apr\u00e8s avoir pass\u00e9 en revue ces sujets, nous pr\u00e9senterons ensuite les <strong>Streamline<\/strong><sup>tm<\/sup> Application de mod\u00e9lisation de circuits de broyeurs \u00e0 boulets et r\u00e9alisation de divers exercices concrets avec le logiciel. Les participants recevront une version d&#039;essai du logiciel pour r\u00e9aliser divers exercices pr\u00e9sent\u00e9s en classe. Le logiciel Streamline<sup>tm<\/sup> Le programme utilise le m\u00eame crit\u00e8re d&#039;optimisation CSE que celui pr\u00e9sent\u00e9 dans le module 18 \u00c9valuation de la classification des circuits.<\/p>\n\n\n\n<ul class=\"wp-block-list\">\n<li>Les participants doivent apporter leur ordinateur portable et une calculatrice de poche.<\/li>\n\n\n\n<li>Nombre total d&#039;heures de formation en classe : <strong>16.0<\/strong><\/li>\n\n\n\n<li>Nombre maximal de participants en classe : <strong>20 participants<\/strong><\/li>\n<\/ul>\n\n\n\n<p><mark style=\"background-color:rgba(0, 0, 0, 0)\" class=\"has-inline-color has-accent-3-color\"><strong>Frais d&#039;atelier : $1 442 USD <\/strong>\/personne<\/mark><\/p>\n\n\n\n<div class=\"wp-block-buttons is-layout-flex wp-block-buttons-is-layout-flex\">\n<div class=\"wp-block-button\"><a class=\"wp-block-button__link wp-element-button\" href=\"#register-info\">Registre<\/a><\/div>\n<\/div>\n\n\n\n<hr class=\"wp-block-separator alignwide has-alpha-channel-opacity\"\/>\n\n\n\n<p><strong>Atelier #2<\/strong><em> (1 jour en classe + 5,5 heures de pr\u00e9paration en ligne.)<\/em><br>29 octobre<sup>\u00e8me<\/sup>, 2025<br>8h00-16h00<\/p>\n\n\n\n<figure class=\"wp-block-image aligncenter size-full is-resized\"><img loading=\"lazy\" decoding=\"async\" width=\"690\" height=\"292\" src=\"https:\/\/metcomtech.com\/wp-content\/uploads\/2025\/09\/Survey-WS2.jpg\" alt=\"\" class=\"wp-image-3575\" style=\"width:677px;height:auto\" srcset=\"https:\/\/metcomtech.com\/wp-content\/uploads\/2025\/09\/Survey-WS2.jpg 690w, https:\/\/metcomtech.com\/wp-content\/uploads\/2025\/09\/Survey-WS2-300x127.jpg 300w, https:\/\/metcomtech.com\/wp-content\/uploads\/2025\/09\/Survey-WS2-18x8.jpg 18w, https:\/\/metcomtech.com\/wp-content\/uploads\/2025\/09\/Survey-WS2-200x85.jpg 200w\" sizes=\"auto, (max-width: 690px) 100vw, 690px\" \/><\/figure>\n\n\n\n<p><strong><mark style=\"background-color:rgba(0, 0, 0, 0)\" class=\"has-inline-color has-accent-3-color\">Inspection des installations, analyses en laboratoire et tests de broyabilit\u00e9<\/mark><\/strong><\/p>\n\n\n\n<p>Cet atelier sur l&#039;\u00e9chantillonnage, les analyses en laboratoire et les tests de broyabilit\u00e9 est id\u00e9al pour les techniciens de laboratoire. Les modules de formation en ligne sur ces sujets durent g\u00e9n\u00e9ralement environ 13,5 heures. Afin de dispenser cette formation en une journ\u00e9e, nous assignerons des modules de pr\u00e9paration \u00e0 certains sujets, \u00e0 r\u00e9aliser avant l&#039;atelier, les autres \u00e9tant abord\u00e9s en pr\u00e9sentiel.<\/p>\n\n\n\n<p>Deux semaines avant l&#039;atelier, chaque participant inscrit recevra un compte de formation en ligne Metcom lui permettant d&#039;acc\u00e9der \u00e0 tous les supports abord\u00e9s. Un guide pr\u00e9cisant les supports \u00e0 consulter avant l&#039;atelier sera \u00e9galement fourni.<\/p>\n\n\n\n<p>Plant Mets gagnerait \u00e9galement \u00e0 apprendre comment mener des campagnes de collecte d&#039;\u00e9chantillons et des tests de broyabilit\u00e9. Cela s&#039;inscrit parfaitement dans le cadre de l&#039;atelier CSE, o\u00f9 les participants apprennent \u00e0 mesurer et \u00e0 am\u00e9liorer l&#039;efficacit\u00e9 du broyage. Cet atelier compl\u00e9mentaire explique en d\u00e9tail comment obtenir les donn\u00e9es n\u00e9cessaires.<\/p>\n\n\n\n<div class=\"wp-block-columns is-layout-flex wp-container-core-columns-is-layout-28f84493 wp-block-columns-is-layout-flex\">\n<div class=\"wp-block-column is-layout-flow wp-block-column-is-layout-flow\" style=\"flex-basis:100%\">\n<table class=\"alignleft\" style=\"width: 700px;\">\n<tbody>\n<tr style=\"height: 95.5px;\">\n<td style=\"width: 68.9704%; height: 95.5px;\"><strong>Modules de formation inclus<\/strong> <br \/><em>Inscription au compte de formation en ligne Metcom incluse<\/em><\/td>\n<td style=\"width: 15.0917%; height: 95.5px; text-align: center;\"><strong>En ligne<\/strong><br \/><strong>Heures de pr\u00e9p.<\/strong><\/td>\n<td style=\"width: 15.0917%; height: 95.5px; text-align: center;\"><strong>En classe<\/strong><br \/><strong>Heures<\/strong><\/td>\n<\/tr>\n<tr style=\"height: 143px;\">\n<td style=\"width: 68.9704%; height: 143px;\"><strong>Module 10 \u2013 Donn\u00e9es existantes et requises : P<\/strong>Ce document fournit une synth\u00e8se des informations existantes et n\u00e9cessaires sur le circuit de broyage de votre usine afin d&#039;am\u00e9liorer les performances de broyage. Vous apprendrez notamment \u00e0 compiler les donn\u00e9es pertinentes existantes sur les circuits de broyage et \u00e0 identifier les donn\u00e9es n\u00e9cessaires issues des \u00e9tudes de circuits de broyage.<\/td>\n<td style=\"width: 15.0917%; height: 143px; text-align: center;\">\u00a01.0<\/td>\n<td style=\"width: 15.0917%; height: 143px; text-align: center;\">\u00a00.25 <br>(revoir)<\/td>\n<\/tr>\n<tr style=\"height: 73px;\">\n<td style=\"width: 68.9704%; height: 73px;\">\u00a0<strong>Module 11 \u2013 Guide d\u2019\u00e9chantillonnage des plantes et relev\u00e9s de circuits :\u00a0<\/strong> Apprenez \u00e0 concevoir et \u00e0 ex\u00e9cuter des relev\u00e9s de circuits de broyage dans votre usine pour r\u00e9pondre aux exigences du syst\u00e8me Metcom.<\/td>\n<td style=\"width: 15.0917%; height: 73px; text-align: center;\">\u00a0\u2013<\/td>\n<td style=\"width: 15.0917%; height: 73px; text-align: center;\">\u00a02.0<\/td>\n<\/tr>\n<tr style=\"height: 70px;\">\n<td style=\"width: 68.9704%; height: 70px;\">\u00a0<strong>Module 12 \u2013 Manipulation et analyses des \u00e9chantillons :<\/strong>\u00a0Apprenez \u00e0 manipuler et \u00e0 analyser des \u00e9chantillons de minerai et de boue.<\/td>\n<td style=\"width: 15.0917%; height: 70px; text-align: center;\">\u00a03.5<\/td>\n<td style=\"width: 15.0917%; height: 70px; text-align: center;\">\u00a00.50 <br>(revoir)<\/td>\n<\/tr>\n<tr style=\"height: 76px;\">\n<td style=\"width: 68.9704%; height: 76px;\">\u00a0<strong>Module 13 \u2013 Introduction aux tests de broyabilit\u00e9 :\u00a0<\/strong> Je vous pr\u00e9sente les tests de broyabilit\u00e9 et vous apprends \u00e0 s\u00e9lectionner le test appropri\u00e9 \u00e0 vos besoins.<\/td>\n<td style=\"width: 15.0917%; height: 76px; text-align: center;\">\u00a01.0<\/td>\n<td style=\"width: 15.0917%; height: 76px; text-align: center;\">\u00a00.25 <br>(revoir)<\/td>\n<\/tr>\n<tr style=\"height: 76px;\">\n<td style=\"width: 68.9704%; height: 23px;\">\u00a0<strong>Module 14 \u2013 Tests de broyabilit\u00e9 des liants :<\/strong>\u00a0Apprenez \u00e0 effectuer des tests de broyabilit\u00e9 avec un broyeur \u00e0 barres et un broyeur \u00e0 boulets Bond.<\/td>\n<td style=\"width: 15.0917%; height: 23px; text-align: center;\">\u00a0\u2013<\/td>\n<td style=\"width: 15.0917%; height: 23px; text-align: center;\">\u00a02.5<\/td>\n<\/tr>\n<tr style=\"height: 76px;\">\n<td style=\"width: 68.9704%; height: 23px;\">\u00a0<strong>Module 15 \u2013 Essais de broyabilit\u00e9 par lots :<\/strong>\u00a0Apprenez \u00e0 concevoir et \u00e0 r\u00e9aliser des tests de broyabilit\u00e9 par lots sur site.<\/td>\n<td style=\"width: 15.0917%; height: 23px; text-align: center;\">\u00a0\u2013<\/td>\n<td style=\"width: 15.0917%; height: 23px; text-align: center;\">\u00a03.5<\/td>\n<\/tr>\n<tr style=\"height: 76px;\">\n<td style=\"width: 68.9704%; height: 39px; text-align: right;\"><strong>\u00a0Nombre total d&#039;heures :<\/strong><\/td>\n<td style=\"width: 15.0917%; height: 39px; text-align: center;\"><strong>\u00a05.5<\/strong><\/td>\n<td style=\"width: 15.0917%; height: 39px; text-align: center;\"><strong>\u00a09.0<\/strong><\/td>\n<\/tr>\n<\/tbody>\n<\/table>\n<\/div>\n<\/div>\n\n\n\n<ul class=\"wp-block-list\">\n<li>Les participants doivent apporter leur ordinateur portable et une calculatrice de poche.<\/li>\n\n\n\n<li>Nombre total d&#039;heures de formation en classe : <strong>9.0<\/strong><\/li>\n\n\n\n<li>Nombre total d&#039;heures de pr\u00e9paration en ligne : <strong>5.5<\/strong><\/li>\n\n\n\n<li>Nombre maximal de participants en classe : <strong>20 participants<\/strong><\/li>\n<\/ul>\n\n\n\n<p><mark style=\"background-color:rgba(0, 0, 0, 0)\" class=\"has-inline-color has-accent-3-color\"><strong>Frais d&#039;atelier : $1,178 USD <\/strong>\/personne<\/mark><\/p>\n\n\n\n<div class=\"wp-block-buttons is-layout-flex wp-block-buttons-is-layout-flex\">\n<div class=\"wp-block-button\"><a class=\"wp-block-button__link wp-element-button\" href=\"#register-info\">Registre<\/a><\/div>\n<\/div>\n\n\n\n<hr class=\"wp-block-separator has-alpha-channel-opacity is-style-wide\"\/>\n\n\n\n<p><strong><u><mark style=\"background-color:rgba(0, 0, 0, 0)\" class=\"has-inline-color has-accent-3-color\">D\u00e9tails<\/mark><\/u><\/strong><\/p>\n\n\n\n<div class=\"wp-block-group is-nowrap is-layout-flex wp-container-core-group-is-layout-6c531013 wp-block-group-is-layout-flex\">\n<p><strong><mark style=\"background-color:rgba(0, 0, 0, 0)\" class=\"has-inline-color has-accent-3-color\">Lieu de formation : &nbsp;<\/mark><\/strong><br><strong>Ramada by Wyndham<br><\/strong>1118, croissant Lakeview,<br>&nbsp;Williams Lake, Colombie-Britannique, Canada<br><strong>&nbsp;<\/strong><a href=\"https:\/\/www.google.com\/search?q=ramada+by+wyndham+williams+lake&amp;oq=Ramada+by+Wyndham+Williams+Lake&amp;gs_lcrp=EgZjaHJvbWUqDAgAECMYJxiABBiKBTIMCAAQIxgnGIAEGIoFMhYIARAuGK8BGMcBGIAEGJgFGJkFGJ4FMgcIAhAAGIAEMggIAxAAGBYYHjIICAQQABgWGB4yCAgFEAAYFhgeMggIBhAAGBYYHjIKCAcQABiABBiiBDIKCAgQABiABBiiBDIKCAkQABiABBiiBNIBCDc1MWowajE1qAIAsAIA&amp;sourceid=chrome&amp;ie=UTF-8#\">(250) 392-3321<\/a>          <\/p>\n\n\n\n<div style=\"height:100px;width:132px\" aria-hidden=\"true\" class=\"wp-block-spacer wp-container-content-eaa21fac\"><\/div>\n\n\n\n<iframe src=\"https:\/\/www.google.com\/maps\/embed?pb=!1m18!1m12!1m3!1d2449.3874772724594!2d-122.12719272297412!3d52.12727276523119!2m3!1f0!2f0!3f0!3m2!1i1024!2i768!4f13.1!3m3!1m2!1s0x5380a3732a8ec1bb%3A0x68273760e908fec9!2sRamada%20by%20Wyndham%20Williams%20Lake!5e0!3m2!1sen!2sca!4v1736280860750!5m2!1sen!2sca\" width=\"400\" height=\"300\" style=\"border:0;\" allowfullscreen=\"\" loading=\"lazy\" referrerpolicy=\"no-referrer-when-downgrade\"><\/iframe>\n<\/div>\n\n\n\n<p>La dur\u00e9e pr\u00e9vue des s\u00e9ances de formation est estim\u00e9e \u00e0 huit \u00e0 neuf heures par jour.<\/p>\n\n\n\n<p>Cette formation est con\u00e7ue pour \u00eatre interactive. Un temps sera consacr\u00e9, apr\u00e8s chaque pr\u00e9sentation, \u00e0 des questions-r\u00e9ponses et \u00e0 la mise en relation des exp\u00e9riences concr\u00e8tes des employ\u00e9s de l&#039;usine avec les sujets abord\u00e9s. La participation active de tous les participants sera encourag\u00e9e. Pour faciliter ces \u00e9changes, la capacit\u00e9 d&#039;accueil est limit\u00e9e \u00e0 20 personnes par session.<\/p>\n\n\n\n<p>Le d\u00e9jeuner, les collations et le caf\u00e9 seront fournis. <\/p>\n\n\n\n<p>En plus de la formation en direct, chaque participant inscrit b\u00e9n\u00e9ficiera d&#039;un compte personnel de formation Metcom en ligne, avec inscription et acc\u00e8s pendant 12 mois aux modules li\u00e9s aux sujets abord\u00e9s lors de l&#039;atelier. Les participants pourront utiliser cette ressource en ligne pour revoir les sujets abord\u00e9s lors de l&#039;atelier et ajouter des modules de formation suppl\u00e9mentaires \u00e0 leur cursus sans avoir \u00e0 payer les frais d&#039;inscription $215.<\/p>\n\n\n\n<p><strong><u><mark style=\"background-color:rgba(0, 0, 0, 0)\" class=\"has-inline-color has-accent-3-color\">Accr\u00e9ditation de formation<\/mark><\/u><\/strong><\/p>\n\n\n\n<p>Chaque participant \u00e0 la formation en atelier recevra des CEU de la part du <strong>Institut canadien d&#039;ing\u00e9nierie<\/strong> Le temps de formation est calcul\u00e9 en fonction du temps pass\u00e9 en classe et des instructions donn\u00e9es. Chaque participant \u00e0 l&#039;atelier recevra \u00e9galement des cr\u00e9dits pour les modules de formation Metcom associ\u00e9s. Ces cr\u00e9dits peuvent \u00eatre utilis\u00e9s pour valider la formation compl\u00e8te au syst\u00e8me de gestion des proc\u00e9d\u00e9s de meulage Metcom et pour int\u00e9grer le programme. <a href=\"https:\/\/metcomtech.com\/fr\/metcom-honor-roll\/\" data-type=\"page\" data-id=\"1580\"><strong><mark style=\"background-color:rgba(0, 0, 0, 0);color:#34ac0a\" class=\"has-inline-color\">Tableau d&#039;honneur Metcom<\/mark><\/strong><\/a>.<\/p>\n\n\n\n<p id=\"register-info\"><mark style=\"background-color:rgba(0, 0, 0, 0)\" class=\"has-inline-color has-accent-3-color\"><strong><strong><u><mark style=\"background-color:rgba(0, 0, 0, 0)\" class=\"has-inline-color has-accent-3-color\">Options d&#039;inscription<\/mark><\/u><\/strong><\/strong><\/mark><\/p>\n\n\n\n<div class=\"wp-block-media-text is-stacked-on-mobile\" style=\"grid-template-columns:36% auto\"><figure class=\"wp-block-media-text__media\"><img loading=\"lazy\" decoding=\"async\" width=\"691\" height=\"310\" src=\"https:\/\/metcomtech.com\/wp-content\/uploads\/2025\/09\/CSE-WS1.jpg\" alt=\"\" class=\"wp-image-3573 size-full\" srcset=\"https:\/\/metcomtech.com\/wp-content\/uploads\/2025\/09\/CSE-WS1.jpg 691w, https:\/\/metcomtech.com\/wp-content\/uploads\/2025\/09\/CSE-WS1-300x135.jpg 300w, https:\/\/metcomtech.com\/wp-content\/uploads\/2025\/09\/CSE-WS1-18x8.jpg 18w, https:\/\/metcomtech.com\/wp-content\/uploads\/2025\/09\/CSE-WS1-200x90.jpg 200w\" sizes=\"auto, (max-width: 691px) 100vw, 691px\" \/><\/figure><div class=\"wp-block-media-text__content\">\n<p><mark style=\"background-color:rgba(0, 0, 0, 0)\" class=\"has-inline-color has-accent-3-color\"><strong>Atelier CSE<\/strong><\/mark> <br><strong>$1 442 USD<\/strong><br>27 octobre<sup>\u00e8me<\/sup> \u2013 28<sup>\u00e8me<\/sup>, 2025<br><em>(2 jours)<\/em><\/p>\n\n\n\n<div class=\"wp-block-buttons is-layout-flex wp-block-buttons-is-layout-flex\">\n<div class=\"wp-block-button\"><a class=\"wp-block-button__link wp-element-button\" href=\"https:\/\/metcomtech.com\/fr\/produit\/3336\/\">INSCRIVEZ-VOUS EN LIGNE<\/a><\/div>\n<\/div>\n<\/div><\/div>\n\n\n\n<div class=\"wp-block-media-text is-stacked-on-mobile\" style=\"grid-template-columns:36% auto\"><figure class=\"wp-block-media-text__media\"><img loading=\"lazy\" decoding=\"async\" width=\"690\" height=\"292\" src=\"https:\/\/metcomtech.com\/wp-content\/uploads\/2025\/09\/Survey-WS2.jpg\" alt=\"\" class=\"wp-image-3575 size-full\" srcset=\"https:\/\/metcomtech.com\/wp-content\/uploads\/2025\/09\/Survey-WS2.jpg 690w, https:\/\/metcomtech.com\/wp-content\/uploads\/2025\/09\/Survey-WS2-300x127.jpg 300w, https:\/\/metcomtech.com\/wp-content\/uploads\/2025\/09\/Survey-WS2-18x8.jpg 18w, https:\/\/metcomtech.com\/wp-content\/uploads\/2025\/09\/Survey-WS2-200x85.jpg 200w\" sizes=\"auto, (max-width: 690px) 100vw, 690px\" \/><\/figure><div class=\"wp-block-media-text__content\">\n<p><strong><mark style=\"background-color:rgba(0, 0, 0, 0)\" class=\"has-inline-color has-accent-3-color\">Atelier d&#039;\u00e9chantillonnage, d&#039;analyse en laboratoire et de broyabilit\u00e9  <\/mark><br>$1 178 USD<\/strong><br>29 octobre<sup>\u00e8me<\/sup>, 2025<br><em>(1 jour)<\/em><\/p>\n\n\n\n<div class=\"wp-block-buttons is-layout-flex wp-block-buttons-is-layout-flex\">\n<div class=\"wp-block-button\"><a class=\"wp-block-button__link wp-element-button\" href=\"https:\/\/metcomtech.com\/fr\/produit\/3353\/\">INSCRIVEZ-VOUS EN LIGNE<\/a><\/div>\n<\/div>\n<\/div><\/div>\n\n\n\n<div class=\"wp-block-media-text is-stacked-on-mobile\" style=\"grid-template-columns:36% auto\"><figure class=\"wp-block-media-text__media\"><img loading=\"lazy\" decoding=\"async\" width=\"693\" height=\"428\" src=\"https:\/\/metcomtech.com\/wp-content\/uploads\/2025\/09\/CSESurvey-WS3.jpg\" alt=\"\" class=\"wp-image-3577 size-full\" srcset=\"https:\/\/metcomtech.com\/wp-content\/uploads\/2025\/09\/CSESurvey-WS3.jpg 693w, https:\/\/metcomtech.com\/wp-content\/uploads\/2025\/09\/CSESurvey-WS3-300x185.jpg 300w, https:\/\/metcomtech.com\/wp-content\/uploads\/2025\/09\/CSESurvey-WS3-18x12.jpg 18w, https:\/\/metcomtech.com\/wp-content\/uploads\/2025\/09\/CSESurvey-WS3-200x124.jpg 200w\" sizes=\"auto, (max-width: 693px) 100vw, 693px\" \/><\/figure><div class=\"wp-block-media-text__content\">\n<p><strong><mark style=\"background-color:rgba(0, 0, 0, 0)\" class=\"has-inline-color has-accent-3-color\">Les deux ateliers<\/mark><\/strong> <br><strong>$2 405 USD<\/strong><br>27 octobre<sup>\u00e8me<\/sup> \u2013 29<sup>\u00e8me<\/sup>, 2025<br><em>(3 jours)<\/em><\/p>\n\n\n\n<div class=\"wp-block-buttons is-layout-flex wp-block-buttons-is-layout-flex\">\n<div class=\"wp-block-button\"><a class=\"wp-block-button__link wp-element-button\" href=\"https:\/\/metcomtech.com\/fr\/produit\/3356\/\">INSCRIVEZ-VOUS EN LIGNE<\/a><\/div>\n<\/div>\n<\/div><\/div>\n\n\n\n<div class=\"wp-block-group is-nowrap is-layout-flex wp-container-core-group-is-layout-6c531013 wp-block-group-is-layout-flex\">\n<p><br><\/p>\n\n\n\n<p><strong>Bon de commande de l&#039;entreprise :<\/strong><br>Si vous payez en utilisant un bon de commande d&#039;entreprise <br>et un devis est n\u00e9cessaire.<\/p>\n\n\n\n<p><br><\/p>\n\n\n\n<div class=\"wp-block-buttons is-layout-flex wp-block-buttons-is-layout-flex\">\n<div class=\"wp-block-button\"><a class=\"wp-block-button__link wp-element-button\" href=\"https:\/\/metcomtech.com\/fr\/workshop-information-request\/\">Demander un devis formel<\/a><\/div>\n<\/div>\n<\/div>\n\n\n\n<hr class=\"wp-block-separator has-alpha-channel-opacity is-style-wide\"\/>\n\n\n\n<p><\/p>","protected":false},"excerpt":{"rendered":"<p>October 27th &#8211; 29th 2025Williams Lake, BC, Canada Metcom Technologies is excited to announce a comprehensive two-part master class series, taking place over three days October 27th though 29th 2025 in Williams Lake, BC. This interactive workshop is tailored for plant metallurgists, lab technicians, and other industry professionals who are eager to gain practical, hands-on [&hellip;]<\/p>\n","protected":false},"author":1,"featured_media":3241,"parent":0,"menu_order":0,"comment_status":"closed","ping_status":"closed","template":"wp-custom-template-a1-main-template","meta":{"footnotes":""},"class_list":["post-3239","page","type-page","status-publish","has-post-thumbnail","hentry"],"_links":{"self":[{"href":"https:\/\/metcomtech.com\/fr\/wp-json\/wp\/v2\/pages\/3239","targetHints":{"allow":["GET"]}}],"collection":[{"href":"https:\/\/metcomtech.com\/fr\/wp-json\/wp\/v2\/pages"}],"about":[{"href":"https:\/\/metcomtech.com\/fr\/wp-json\/wp\/v2\/types\/page"}],"author":[{"embeddable":true,"href":"https:\/\/metcomtech.com\/fr\/wp-json\/wp\/v2\/users\/1"}],"replies":[{"embeddable":true,"href":"https:\/\/metcomtech.com\/fr\/wp-json\/wp\/v2\/comments?post=3239"}],"version-history":[{"count":68,"href":"https:\/\/metcomtech.com\/fr\/wp-json\/wp\/v2\/pages\/3239\/revisions"}],"predecessor-version":[{"id":3590,"href":"https:\/\/metcomtech.com\/fr\/wp-json\/wp\/v2\/pages\/3239\/revisions\/3590"}],"wp:featuredmedia":[{"embeddable":true,"href":"https:\/\/metcomtech.com\/fr\/wp-json\/wp\/v2\/media\/3241"}],"wp:attachment":[{"href":"https:\/\/metcomtech.com\/fr\/wp-json\/wp\/v2\/media?parent=3239"}],"curies":[{"name":"wp","href":"https:\/\/api.w.org\/{rel}","templated":true}]}}