{"id":3366,"date":"2025-01-08T19:59:27","date_gmt":"2025-01-08T19:59:27","guid":{"rendered":"https:\/\/metcomtech.com\/?page_id=3366"},"modified":"2025-09-29T14:49:04","modified_gmt":"2025-09-29T14:49:04","slug":"workshop-information-request","status":"publish","type":"page","link":"https:\/\/metcomtech.com\/fr\/workshop-information-request\/","title":{"rendered":"Demande d&#039;informations sur l&#039;atelier"},"content":{"rendered":"<p>Veuillez remplir le formulaire ci-dessous pour demander plus d&#039;informations ou un devis formel pour la s\u00e9rie de master class en deux parties de Metcom.<br> Ces ateliers se d\u00e9rouleront sur trois jours <strong>27 octobre<sup>\u00e8me<\/sup>\u00a0\u2013 29<sup>\u00e8me<\/sup>, 2025<\/strong> dans\u00a0<strong>Williams Lake, Colombie-Britannique<\/strong>. <br>Assurez-vous d\u2019inclure des d\u00e9tails et des questions pertinents dans votre message.<br>Cet atelier interactif est con\u00e7u pour les m\u00e9tallurgistes d&#039;usine, les techniciens de laboratoire et autres professionnels de l&#039;industrie d\u00e9sireux d&#039;acqu\u00e9rir des outils pratiques pour optimiser les circuits de meulage.<\/p>\n\n\n\n<div class=\"wpcf7 no-js\" id=\"wpcf7-f3365-o1\" lang=\"en-US\" dir=\"ltr\" data-wpcf7-id=\"3365\">\n<div class=\"screen-reader-response\"><p role=\"status\" aria-live=\"polite\" aria-atomic=\"true\"><\/p> <ul><\/ul><\/div>\n<form action=\"\/fr\/wp-json\/wp\/v2\/pages\/3366#wpcf7-f3365-o1\" method=\"post\" class=\"wpcf7-form init\" aria-label=\"Formulaire de contact\" novalidate=\"novalidate\" data-status=\"init\" data-trp-original-action=\"\/fr\/wp-json\/wp\/v2\/pages\/3366#wpcf7-f3365-o1\">\n<fieldset class=\"hidden-fields-container\"><input type=\"hidden\" name=\"_wpcf7\" value=\"3365\" \/><input type=\"hidden\" name=\"_wpcf7_version\" value=\"6.1.5\" \/><input type=\"hidden\" name=\"_wpcf7_locale\" value=\"en_US\" \/><input type=\"hidden\" name=\"_wpcf7_unit_tag\" value=\"wpcf7-f3365-o1\" \/><input type=\"hidden\" name=\"_wpcf7_container_post\" value=\"0\" \/><input type=\"hidden\" name=\"_wpcf7_posted_data_hash\" value=\"\" \/><input type=\"hidden\" name=\"_wpcf7_recaptcha_response\" value=\"\" \/>\n<\/fieldset>\n<p><label> Nom<br \/>\n<span class=\"wpcf7-form-control-wrap\" data-name=\"your-name\"><input size=\"40\" maxlength=\"400\" class=\"wpcf7-form-control wpcf7-text wpcf7-validates-as-required\" autocomplete=\"name\" aria-required=\"true\" aria-invalid=\"false\" value=\"\" type=\"text\" name=\"your-name\" \/><\/span> <\/label>\n<\/p>\n<p><label> Entreprise et emplacement du site<br \/>\n<span class=\"wpcf7-form-control-wrap\" data-name=\"your-company\"><input size=\"40\" maxlength=\"400\" class=\"wpcf7-form-control wpcf7-text wpcf7-validates-as-required\" autocomplete=\"company\" aria-required=\"true\" aria-invalid=\"false\" value=\"\" type=\"text\" name=\"your-company\" \/><\/span> <\/label>\n<\/p>\n<p><label> e-mail<br \/>\n<span class=\"wpcf7-form-control-wrap\" data-name=\"your-email\"><input size=\"40\" maxlength=\"400\" class=\"wpcf7-form-control wpcf7-email wpcf7-validates-as-required wpcf7-text wpcf7-validates-as-email\" autocomplete=\"email\" aria-required=\"true\" aria-invalid=\"false\" value=\"\" type=\"email\" name=\"your-email\" \/><\/span> <\/label>\n<\/p>\n<p><label> t\u00e9l\u00e9phone<br \/>\n<span class=\"wpcf7-form-control-wrap\" data-name=\"tel-862\"><input size=\"40\" maxlength=\"400\" class=\"wpcf7-form-control wpcf7-tel wpcf7-validates-as-required wpcf7-text wpcf7-validates-as-tel\" aria-required=\"true\" aria-invalid=\"false\" value=\"\" type=\"tel\" name=\"tel-862\" \/><\/span> <\/label>\n<\/p>\n<p><label>Quels ateliers vous int\u00e9ressent ?<br \/>\n<span class=\"wpcf7-form-control-wrap\" data-name=\"menu-162\"><select class=\"wpcf7-form-control wpcf7-select\" aria-invalid=\"false\" name=\"menu-162\"><option value=\"CSE: Pump &amp; Cyclone Calculations to Maximize Grinding Circuit Efficiency\">CSE : Calculs de pompes et de cyclones pour maximiser l&#039;efficacit\u00e9 du circuit de broyage<\/option><option value=\"Plant Surveying, Laboratory Analysis and Grindability Testing\">Inspection des installations, analyses en laboratoire et tests de broyabilit\u00e9<\/option><option value=\"Both Workshops (3-days)\">Les deux ateliers (3 jours)<\/option><\/select><\/span><\/label>\n<\/p>\n<p><label> Sujet<br \/>\n<span class=\"wpcf7-form-control-wrap\" data-name=\"your-subject\"><input size=\"40\" maxlength=\"400\" class=\"wpcf7-form-control wpcf7-text wpcf7-validates-as-required\" aria-required=\"true\" aria-invalid=\"false\" value=\"\" type=\"text\" name=\"your-subject\" \/><\/span> <\/label>\n<\/p>\n<p><label> Votre message (Veuillez fournir des d\u00e9tails, notamment le nombre de participants et des noms suppl\u00e9mentaires, le cas \u00e9ch\u00e9ant)<br \/>\n<span class=\"wpcf7-form-control-wrap\" data-name=\"your-message\"><textarea cols=\"40\" rows=\"10\" maxlength=\"2000\" class=\"wpcf7-form-control wpcf7-textarea\" aria-invalid=\"false\" name=\"your-message\"><\/textarea><\/span> <\/label>\n<\/p>\n<p><input class=\"wpcf7-form-control wpcf7-submit has-spinner\" type=\"submit\" value=\"Soumettre\" \/>\n<\/p><div class=\"wpcf7-response-output\" aria-hidden=\"true\"><\/div>\n<input type=\"hidden\" name=\"trp-form-language\" value=\"fr\"\/><\/form>\n<\/div>\n\n\n\n\n<p><\/p>","protected":false},"excerpt":{"rendered":"<p>Please complete the form below to request more information or a formal quotation for Metcom&#8217;s two-part master class series. These workshops will taking place over three days October 27th\u00a0&#8211; 29th, 2025 in\u00a0Williams Lake, BC. Make sure to include relevant details and questions in your message.This interactive workshop is tailored for plant metallurgists, lab technicians, and [&hellip;]<\/p>\n","protected":false},"author":1,"featured_media":0,"parent":0,"menu_order":0,"comment_status":"closed","ping_status":"closed","template":"wp-custom-template-a1-main-template","meta":{"footnotes":""},"class_list":["post-3366","page","type-page","status-publish","hentry"],"_links":{"self":[{"href":"https:\/\/metcomtech.com\/fr\/wp-json\/wp\/v2\/pages\/3366","targetHints":{"allow":["GET"]}}],"collection":[{"href":"https:\/\/metcomtech.com\/fr\/wp-json\/wp\/v2\/pages"}],"about":[{"href":"https:\/\/metcomtech.com\/fr\/wp-json\/wp\/v2\/types\/page"}],"author":[{"embeddable":true,"href":"https:\/\/metcomtech.com\/fr\/wp-json\/wp\/v2\/users\/1"}],"replies":[{"embeddable":true,"href":"https:\/\/metcomtech.com\/fr\/wp-json\/wp\/v2\/comments?post=3366"}],"version-history":[{"count":8,"href":"https:\/\/metcomtech.com\/fr\/wp-json\/wp\/v2\/pages\/3366\/revisions"}],"predecessor-version":[{"id":3583,"href":"https:\/\/metcomtech.com\/fr\/wp-json\/wp\/v2\/pages\/3366\/revisions\/3583"}],"wp:attachment":[{"href":"https:\/\/metcomtech.com\/fr\/wp-json\/wp\/v2\/media?parent=3366"}],"curies":[{"name":"wp","href":"https:\/\/api.w.org\/{rel}","templated":true}]}}