{"id":3417,"date":"2025-01-27T19:24:13","date_gmt":"2025-01-27T19:24:13","guid":{"rendered":"https:\/\/metcomtech.com\/?page_id=3417"},"modified":"2025-02-07T20:46:36","modified_gmt":"2025-02-07T20:46:36","slug":"streamline-instructional-videos","status":"publish","type":"page","link":"https:\/\/metcomtech.com\/fr\/streamline-instructional-videos\/","title":{"rendered":"Vid\u00e9os p\u00e9dagogiques simplifi\u00e9es"},"content":{"rendered":"<div class=\"wp-block-buttons is-layout-flex wp-block-buttons-is-layout-flex\">\n<div class=\"wp-block-button\"><a class=\"wp-block-button__link wp-element-button\" href=\"https:\/\/metcomtech.com\/downloads\/STREAMLINE-TrialVer_6.zip\">T\u00e9l\u00e9charger la version d&#039;essai gratuite de Streamline <\/a><\/div>\n<\/div>\n\n\n\n\n\n<figure style=\"margin-top:var(--wp--preset--spacing--10);margin-right:var(--wp--preset--spacing--10);margin-bottom:var(--wp--preset--spacing--10);margin-left:var(--wp--preset--spacing--10);padding-top:var(--wp--preset--spacing--20);padding-right:var(--wp--preset--spacing--60);padding-bottom:var(--wp--preset--spacing--20);padding-left:var(--wp--preset--spacing--60)\" class=\"wp-block-video\"><video height=\"1080\" style=\"aspect-ratio: 1920 \/ 1080;\" width=\"1920\" controls poster=\"https:\/\/metcomtech.com\/wp-content\/uploads\/2025\/01\/vid1.jpg\" src=\"https:\/\/metcomtech.com\/wp-content\/uploads\/2025\/01\/intro-and-model-overview.mp4\"><\/video><figcaption class=\"wp-element-caption\"><strong>Vid\u00e9o 1 Introduction et aper\u00e7u du mod\u00e8le<\/strong><\/figcaption><\/figure>\n\n\n\n<figure style=\"margin-top:var(--wp--preset--spacing--10);margin-right:var(--wp--preset--spacing--10);margin-bottom:var(--wp--preset--spacing--10);margin-left:var(--wp--preset--spacing--10);padding-top:var(--wp--preset--spacing--20);padding-right:var(--wp--preset--spacing--60);padding-bottom:var(--wp--preset--spacing--20);padding-left:var(--wp--preset--spacing--60)\" class=\"wp-block-video\"><video height=\"1080\" style=\"aspect-ratio: 1920 \/ 1080;\" width=\"1920\" controls poster=\"https:\/\/metcomtech.com\/wp-content\/uploads\/2025\/01\/step1.jpg\" src=\"https:\/\/metcomtech.com\/wp-content\/uploads\/2025\/01\/step-1.mp4\"><\/video><figcaption class=\"wp-element-caption\"><strong>\u00c9tape 1 : Cr\u00e9er un mod\u00e8le de circuit existant<\/strong><\/figcaption><\/figure>\n\n\n\n<figure style=\"margin-top:var(--wp--preset--spacing--10);margin-right:var(--wp--preset--spacing--10);margin-bottom:var(--wp--preset--spacing--10);margin-left:var(--wp--preset--spacing--10);padding-top:var(--wp--preset--spacing--20);padding-right:var(--wp--preset--spacing--60);padding-bottom:var(--wp--preset--spacing--20);padding-left:var(--wp--preset--spacing--60)\" class=\"wp-block-video\"><video height=\"1080\" style=\"aspect-ratio: 1920 \/ 1080;\" width=\"1920\" controls poster=\"https:\/\/metcomtech.com\/wp-content\/uploads\/2025\/01\/step2.jpg\" src=\"https:\/\/metcomtech.com\/wp-content\/uploads\/2025\/01\/step-2.mp4\"><\/video><figcaption class=\"wp-element-caption\"><strong>\u00c9tape 3 : D\u00e9finir des objectifs pour am\u00e9liorer l\u2019ESC<\/strong><\/figcaption><\/figure>\n\n\n\n<figure style=\"margin-top:var(--wp--preset--spacing--10);margin-right:var(--wp--preset--spacing--10);margin-bottom:var(--wp--preset--spacing--10);margin-left:var(--wp--preset--spacing--10);padding-top:var(--wp--preset--spacing--20);padding-right:var(--wp--preset--spacing--60);padding-bottom:var(--wp--preset--spacing--20);padding-left:var(--wp--preset--spacing--60)\" class=\"wp-block-video\"><video height=\"480\" style=\"aspect-ratio: 852 \/ 480;\" width=\"852\" controls poster=\"https:\/\/metcomtech.com\/wp-content\/uploads\/2025\/01\/step3.jpg\" src=\"https:\/\/metcomtech.com\/wp-content\/uploads\/2025\/01\/Step-3-480.mp4\"><\/video><figcaption class=\"wp-element-caption\"><strong>\u00c9tape 3\u00a0: Ex\u00e9cuter des mod\u00e8les d&#039;essai pour atteindre les objectifs CSE<\/strong><\/figcaption><\/figure>\n\n\n\n<figure style=\"margin-top:var(--wp--preset--spacing--10);margin-right:var(--wp--preset--spacing--10);margin-bottom:var(--wp--preset--spacing--10);margin-left:var(--wp--preset--spacing--10);padding-top:var(--wp--preset--spacing--20);padding-right:var(--wp--preset--spacing--60);padding-bottom:var(--wp--preset--spacing--20);padding-left:var(--wp--preset--spacing--60)\" class=\"wp-block-video\"><video height=\"1080\" style=\"aspect-ratio: 1920 \/ 1080;\" width=\"1920\" controls poster=\"https:\/\/metcomtech.com\/wp-content\/uploads\/2025\/01\/step4.jpg\" src=\"https:\/\/metcomtech.com\/wp-content\/uploads\/2025\/02\/step-4.mp4\"><\/video><figcaption class=\"wp-element-caption\">\u00c9tape 4 : Calculer les ajustements \u00e0 apporter aux cyclones et aux pompes<\/figcaption><\/figure>\n\n\n\n<p><\/p>","protected":false},"excerpt":{"rendered":"","protected":false},"author":1,"featured_media":0,"parent":0,"menu_order":0,"comment_status":"closed","ping_status":"closed","template":"wp-custom-template-a1-main-template","meta":{"footnotes":""},"class_list":["post-3417","page","type-page","status-publish","hentry"],"_links":{"self":[{"href":"https:\/\/metcomtech.com\/fr\/wp-json\/wp\/v2\/pages\/3417","targetHints":{"allow":["GET"]}}],"collection":[{"href":"https:\/\/metcomtech.com\/fr\/wp-json\/wp\/v2\/pages"}],"about":[{"href":"https:\/\/metcomtech.com\/fr\/wp-json\/wp\/v2\/types\/page"}],"author":[{"embeddable":true,"href":"https:\/\/metcomtech.com\/fr\/wp-json\/wp\/v2\/users\/1"}],"replies":[{"embeddable":true,"href":"https:\/\/metcomtech.com\/fr\/wp-json\/wp\/v2\/comments?post=3417"}],"version-history":[{"count":16,"href":"https:\/\/metcomtech.com\/fr\/wp-json\/wp\/v2\/pages\/3417\/revisions"}],"predecessor-version":[{"id":3465,"href":"https:\/\/metcomtech.com\/fr\/wp-json\/wp\/v2\/pages\/3417\/revisions\/3465"}],"wp:attachment":[{"href":"https:\/\/metcomtech.com\/fr\/wp-json\/wp\/v2\/media?parent=3417"}],"curies":[{"name":"wp","href":"https:\/\/api.w.org\/{rel}","templated":true}]}}