{"id":386,"date":"2021-12-03T15:35:52","date_gmt":"2021-12-03T15:35:52","guid":{"rendered":"https:\/\/moodle.localhost\/wp\/?page_id=386"},"modified":"2024-05-15T04:15:44","modified_gmt":"2024-05-15T04:15:44","slug":"published-wins","status":"publish","type":"page","link":"https:\/\/metcomtech.com\/fr\/published-wins\/","title":{"rendered":"Victoires publi\u00e9es"},"content":{"rendered":"<p>Ce qui suit est une liste d&#039;histoires de r\u00e9ussite publi\u00e9es d&#039;usines utilisant divers \u00e9l\u00e9ments du syst\u00e8me de gestion des processus de broyage de Metcom pour am\u00e9liorer l&#039;efficacit\u00e9 de leurs op\u00e9rations de broyage. S&#039;il te pla\u00eet <a href=\"https:\/\/moodle.localhost\/wp\/contact\/\" data-type=\"page\" data-id=\"19\">contacter Metcom<\/a> pour plus d&#039;informations sur ces exemples et sur d&#039;autres exemples de la mani\u00e8re dont Metcom travaille avec les op\u00e9rations pour offrir des performances de broyage de min\u00e9raux de classe mondiale.<\/p>\n\n\n\n<p><\/p>\n\n\n\n<div class=\"wp-block-group is-layout-flow wp-block-group-is-layout-flow\">\n<ul class=\"wp-block-list\"><li><strong>Mines Selbaie, concentrateur de cuivre<\/strong><br>Une am\u00e9lioration de l&#039;efficacit\u00e9 du circuit de broyage 20% a \u00e9t\u00e9 d\u00e9montr\u00e9e gr\u00e2ce \u00e0 un meilleur dimensionnement\/s\u00e9lection des supports.<br><br><\/li><li>\u201c<strong>Utilisation de l&#039;analyse des performances fonctionnelles pour les tests et la s\u00e9lection des supports de broyage des usines<\/strong>.\u00bb Actes du Symposium international Cobre &#039;91, Ottawa, Canada. PP. 145-155.<br><br><\/li><li><strong>Qu\u00e9bec Mines Cartier, usine de bouletage de minerai de fer<\/strong><br>Une am\u00e9lioration de l&#039;efficacit\u00e9 du circuit de broyage 9% a \u00e9t\u00e9 d\u00e9montr\u00e9e gr\u00e2ce \u00e0 un meilleur dimensionnement\/s\u00e9lection des supports.<br>\u00abD\u00e9terminations comparatives de l&#039;efficacit\u00e9 du broyage \u00e0 boulets en circuit ouvert \u00e0 la Compagnie Mini\u00e8re Qu\u00e9bec Cartier.\u00bb Bulletin CIM, juillet-ao\u00fbt 1994, PP. 69-70.<br><br><\/li><li><strong>Selbaie, Kidd Creek, Gibraltar et Dome, op\u00e9rations de broyage<\/strong><br>Une am\u00e9lioration moyenne de l&#039;efficacit\u00e9 du broyeur \u00e0 barres 6% a \u00e9t\u00e9 mesur\u00e9e dans ces op\u00e9rations gr\u00e2ce \u00e0 l&#039;ajustement du taux d&#039;ajout d&#039;eau d&#039;alimentation du broyeur \u00e0 barres.<br><br><\/li><li><strong>\u00ab\u00a0Am\u00e9liorations des performances dans les op\u00e9rations industrielles de fraisage de tiges.\u00a0\u00bb Bulletin CIM, mars 1995, PP. 90-91.<\/strong><br><br><\/li><li><strong>Kidd Creek Mines, concentrateur de m\u00e9taux communs<\/strong><br>La dur\u00e9e de fonctionnement du circuit de broyage et la rentabilit\u00e9 globale du circuit ont \u00e9t\u00e9 augment\u00e9es apr\u00e8s avoir men\u00e9 une \u00e9tude de compromis sur la charge en circulation.<br><br><\/li><li><strong>\u00ab\u00a0Am\u00e9liorations des performances des usines gr\u00e2ce \u00e0 l&#039;efficacit\u00e9 du syst\u00e8me de classification du circuit de broyage<\/strong>\u00bb G\u00e9nie minier, septembre 2014, PP. 72-76.<br><br><\/li><li><strong>Mine de Gibraltar, concentrateur de cuivre<\/strong><br>Le tonnage global de l&#039;usine a \u00e9t\u00e9 augment\u00e9 de 5% suite aux ajustements des pompes et des cyclones.<br>\u00ab\u00a0Am\u00e9liorations des performances de l&#039;usine gr\u00e2ce \u00e0 l&#039;efficacit\u00e9 du syst\u00e8me de classification du circuit de broyage.\u00a0\u00bb G\u00e9nie minier, septembre 2014, PP. 72-76.<br><br><\/li><li><strong>Strathcona, concentrateur de nickel<\/strong><br>Une am\u00e9lioration de l&#039;efficacit\u00e9 du circuit de broyage 7% a \u00e9t\u00e9 r\u00e9alis\u00e9e gr\u00e2ce au remplacement des cyclones par des cyclones modernes \u00e0 \u00ab haut rendement \u00bb.<br>\u00ab\u00a0Conception\/optimisation de pompes et de cyclones pour maximiser l&#039;efficacit\u00e9 du circuit de broyage.\u00a0\u00bb Actes de l&#039;assembl\u00e9e annuelle des transformateurs de min\u00e9raux canadiens, 2011, PP. 521-535.<br><br><\/li><li><strong>Tulawaka, moulin \u00e0 minerai d&#039;or<\/strong><br>L&#039;ajout d&#039;un \u00e9paississeur apr\u00e8s le circuit du broyeur \u00e0 boulets a permis d&#039;augmenter la consommation d&#039;eau au niveau des cyclones. Cela a abouti \u00e0 une mouture plus fine de 6-11% et \u00e0 une r\u00e9cup\u00e9ration d&#039;or plus \u00e9lev\u00e9e de 2% sans \u00e9nergie de broyage suppl\u00e9mentaire.<br>\u00ab\u00a0Am\u00e9liorations des performances de l&#039;usine gr\u00e2ce \u00e0 l&#039;efficacit\u00e9 du syst\u00e8me de classification du circuit de broyage.\u00a0\u00bb G\u00e9nie minier, septembre 2014, PP. 72-76.<br><br><\/li><li><strong>Tilden, concentrateur de minerai de fer<\/strong><br>L&#039;optimisation du pourcentage de solides du broyeur \u00e0 galets a entra\u00een\u00e9 une am\u00e9lioration 5% de l&#039;efficacit\u00e9 du broyage du broyeur.<br>\u00ab\u00a0Approche syst\u00e9mique pour l&#039;am\u00e9lioration du broyage au concentrateur de Tilden.\u00a0\u00bb G\u00e9nie minier, f\u00e9vrier 2000, PP. 41-47.<br><br><\/li><li><strong>Tilden, concentrateur de minerai de fer<\/strong><br>L&#039;optimisation de la taille des galets lors du broyage secondaire a entra\u00een\u00e9 une augmentation de l&#039;efficacit\u00e9 du circuit de broyage 12%.<br>\u00abEffet d&#039;une taille de support plus petite sur l&#039;efficacit\u00e9 du broyage du circuit du broyeur \u00e0 galets.\u00bb Actes de la r\u00e9union annuelle ASISC 2014, Universit\u00e9 technique du Michigan, Houghton, \u00c9tats-Unis<br><br><\/li><li><strong>Une op\u00e9ration aurif\u00e8re majeure<\/strong><br>Les ajustements du circuit de broyage \u00e0 billes SAG ont entra\u00een\u00e9 une augmentation de l&#039;efficacit\u00e9 du circuit de broyage 25%.<br>\u00abMesures d&#039;efficacit\u00e9 pour identifier et r\u00e9soudre les probl\u00e8mes de performances de broyage des usines.\u00bb Conf\u00e9rence 2015 sur le broyage (semi-)autog\u00e8ne, Vancouver, Canada.<br><br><\/li><li><strong>Barrick Goldstrike, installation de grillage d&#039;or<\/strong><br>Les am\u00e9liorations apport\u00e9es au dimensionnement des m\u00e9dias dans un broyeur \u00e0 boulets sec \u00e0 double compartiment ont contribu\u00e9 \u00e0 une augmentation du tonnage du 25%.<br>\u00ab\u00a0Am\u00e9liorations du circuit de broyage \u00e0 l&#039;installation de torr\u00e9faction de Barrick Goldstrike.\u00a0\u00bb Actes de l&#039;assembl\u00e9e annuelle des transformateurs de min\u00e9raux canadiens, 2003, PP. 71-83.<br><br><\/li><li><strong>Mine Brunswick, concentrateur de m\u00e9taux communs<\/strong><br>Les am\u00e9liorations apport\u00e9es au dimensionnement et \u00e0 la s\u00e9lection des supports de broyage ont conduit \u00e0 une augmentation de la productivit\u00e9 du circuit du 30%.<br>\u00abTests Millpebs au concentrateur Brunswick.\u00bb Actes de l&#039;assembl\u00e9e annuelle des transformateurs de min\u00e9raux canadiens, 2006, PP. 263-280.<\/li><\/ul>\n<\/div>","protected":false},"excerpt":{"rendered":"<p>The following is a listing of published success stories of plants using various elements of Metcom&#8217;s Grinding Process Management System to realize efficiency improvements in their grinding operations. Please contact Metcom for more information on these and other examples of how Metcom works with operations to deliver world class mineral grinding performance. Selbaie Mines, copper [&hellip;]<\/p>\n","protected":false},"author":1,"featured_media":0,"parent":0,"menu_order":0,"comment_status":"closed","ping_status":"closed","template":"wp-custom-template-a1-main-template","meta":{"footnotes":""},"class_list":["post-386","page","type-page","status-publish","hentry"],"_links":{"self":[{"href":"https:\/\/metcomtech.com\/fr\/wp-json\/wp\/v2\/pages\/386","targetHints":{"allow":["GET"]}}],"collection":[{"href":"https:\/\/metcomtech.com\/fr\/wp-json\/wp\/v2\/pages"}],"about":[{"href":"https:\/\/metcomtech.com\/fr\/wp-json\/wp\/v2\/types\/page"}],"author":[{"embeddable":true,"href":"https:\/\/metcomtech.com\/fr\/wp-json\/wp\/v2\/users\/1"}],"replies":[{"embeddable":true,"href":"https:\/\/metcomtech.com\/fr\/wp-json\/wp\/v2\/comments?post=386"}],"version-history":[{"count":6,"href":"https:\/\/metcomtech.com\/fr\/wp-json\/wp\/v2\/pages\/386\/revisions"}],"predecessor-version":[{"id":396,"href":"https:\/\/metcomtech.com\/fr\/wp-json\/wp\/v2\/pages\/386\/revisions\/396"}],"wp:attachment":[{"href":"https:\/\/metcomtech.com\/fr\/wp-json\/wp\/v2\/media?parent=386"}],"curies":[{"name":"wp","href":"https:\/\/api.w.org\/{rel}","templated":true}]}}