{"id":430,"date":"2021-12-03T17:19:47","date_gmt":"2021-12-03T17:19:47","guid":{"rendered":"https:\/\/moodle.localhost\/wp\/?page_id=430"},"modified":"2024-05-15T04:15:44","modified_gmt":"2024-05-15T04:15:44","slug":"privacy-policy-2","status":"publish","type":"page","link":"https:\/\/metcomtech.com\/fr\/privacy-policy-2\/","title":{"rendered":"politique de confidentialit\u00e9"},"content":{"rendered":"<h2 class=\"wp-block-heading\">Introduction <\/h2>\n\n\n\n<p>Metcom Technologies, Inc. s&#039;engage \u00e0 prot\u00e9ger votre vie priv\u00e9e. Nous traiterons vos donn\u00e9es personnelles uniquement conform\u00e9ment \u00e0 la l\u00e9gislation pertinente en mati\u00e8re de protection des donn\u00e9es et de confidentialit\u00e9 et aux bonnes pratiques de traitement des donn\u00e9es.<\/p>\n\n\n\n<p>Metcom Technologies, Inc. (\u00ab Metcom \u00bb ou \u00ab nous \u00bb) est le responsable du traitement des donn\u00e9es personnelles concernant les clients de Metcom, les visiteurs du site Web, les distributeurs, les fournisseurs, les sous-traitants, les candidats \u00e0 un emploi, les actionnaires, les initi\u00e9s et les inventeurs.<\/p>\n\n\n\n<p>Dans cet avis de confidentialit\u00e9, nous vous informons du traitement des donn\u00e9es personnelles par Metcom en g\u00e9n\u00e9ral et vous fournissons des instructions sur la mani\u00e8re d&#039;exercer vos droits concernant le traitement de vos donn\u00e9es personnelles. Les suppl\u00e9ments sp\u00e9cifiques aux personnes concern\u00e9es fournissent des informations plus sp\u00e9cifiques sur le type de donn\u00e9es personnelles que nous traitons et les finalit\u00e9s du traitement des donn\u00e9es personnelles vous concernant dans des situations sp\u00e9cifiques.<\/p>\n\n\n\n<p><\/p>\n\n\n\n<h2 class=\"wp-block-heading\">Contact<\/h2>\n\n\n\n<p>L&#039;adresse de notre site Web est\u00a0: https:\/\/metcomtech.com<br><br>L&#039;adresse de notre si\u00e8ge social est :<\/p>\n\n\n\n<p><strong>Metcom Technologies, Inc.<\/strong><br><strong>501, avenue Pokegama Sud, bureau 6<br>Grand Rapids, Minnesota 55744<\/strong><br><strong>Etats-Unis<\/strong><\/p>\n\n\n\n<p>T\u00e9l\u00e9phone:<strong>&nbsp;218-212-4350<\/strong><\/p>\n\n\n\n<h2 class=\"wp-block-heading\">Clients et distributeurs<\/h2>\n\n\n\n<p><br><strong>CAT\u00c9GORIES ET SOURCES DE DONN\u00c9ES PERSONNELLES<br><\/strong>Nous collectons principalement des donn\u00e9es personnelles directement aupr\u00e8s de vous si vous \u00eates un repr\u00e9sentant de notre client, client potentiel, distributeur ou client de notre distributeur. Vous pouvez nous fournir des donn\u00e9es personnelles, par exemple en nous contactant, en nous faisant part de vos commentaires, en vous inscrivant en tant qu&#039;utilisateur de nos outils et services num\u00e9riques, en achetant nos produits ou services, en vous abonnant \u00e0 nos newsletters ou \u00e0 d&#039;autres documents, en commentant le contenu de notre site Web ou en t\u00e9l\u00e9chargeant du mat\u00e9riel. de notre part. Dans certains cas, nous obtenons vos donn\u00e9es personnelles aupr\u00e8s de votre employeur ou de sources publiques telles que les r\u00e9seaux sociaux ou aupr\u00e8s de notre distributeur, si vous \u00eates un repr\u00e9sentant du client de notre distributeur.<\/p>\n\n\n\n<p>Si vous \u00eates un repr\u00e9sentant de Metcom, un client, un client potentiel ou un distributeur, nous traitons les cat\u00e9gories suivantes de donn\u00e9es personnelles vous concernant :<\/p>\n\n\n\n<p>Vos informations d&#039;identification et de contact, telles que votre nom, votre entreprise, votre fonction, votre fonction, votre adresse e-mail, votre num\u00e9ro de t\u00e9l\u00e9phone, votre photo et vos informations de passeport (si n\u00e9cessaire, par exemple pour participer \u00e0 un \u00e9v\u00e9nement) ;<\/p>\n\n\n\n<p>Informations sur la relation client, telles que des informations sur vos achats pr\u00e9c\u00e9dents de produits et services Metcom, des informations de facturation, des pr\u00e9f\u00e9rences de communication, des informations sur la participation \u00e0 des \u00e9v\u00e9nements, vos int\u00e9r\u00eats en mati\u00e8re de produits, des informations sur l&#039;utilisation des produits et services Metcom, tout commentaire que vous nous avez donn\u00e9. et autres informations pertinentes fournies par vous\u00a0;<\/p>\n\n\n\n<p>Les informations de votre compte, telles que le nom d&#039;utilisateur, le mot de passe et les informations de pr\u00e9f\u00e9rences personnelles dans le compte de connexion Metcom ou dans le Centre de pr\u00e9f\u00e9rences\u00a0; et<\/p>\n\n\n\n<p>Informations techniques, telles que l&#039;adresse IP, les informations sur l&#039;\u00e9quipement terminal et les informations de localisation de l&#039;appareil (si vous avez consenti \u00e0 fournir des informations de localisation pour une application sp\u00e9cifique).<\/p>\n\n\n\n<p><strong>Finalit\u00e9s du traitement<\/strong><\/p>\n\n\n\n<p>Chez Metcom, nous traitons les donn\u00e9es personnelles des repr\u00e9sentants de nos clients, clients potentiels et distributeurs aux fins suivantes :<\/p>\n\n\n\n<ul class=\"wp-block-list\"><li>Commercialiser et vendre nos produits et services\u00a0;<\/li><li>Pour livrer nos produits ou services\u00a0;<\/li><li>G\u00e9rer la facturation et les paiements\u00a0;<\/li><li>Fournir un support client pour les produits et services vendus\u00a0;<\/li><li>D\u00e9velopper nos produits et services sur la base des commentaires et des enqu\u00eates des clients\u00a0;<\/li><li>Pour fournir une communication client, telle que des notifications sur les nouvelles fonctionnalit\u00e9s, les mises \u00e0 jour, la garantie ou d&#039;autres informations pertinentes sur le produit ou le service vendu\u00a0;<\/li><li>G\u00e9rer la relation client\u00a0;<\/li><li>Organiser et g\u00e9rer des \u00e9v\u00e9nements tels que des formations de distributeurs\u00a0;<\/li><li>Pour fournir et g\u00e9rer nos services num\u00e9riques tels que Streamline et Metcom Training\u00a0;<\/li><li>Pour mesurer l&#039;efficacit\u00e9 de notre marketing et vous proposer un contenu plus pertinent\u00a0;<\/li><li>Pour remplir nos autres obligations l\u00e9gales.<\/li><\/ul>\n\n\n\n<h2 class=\"wp-block-heading\"><br>Base l\u00e9gale<\/h2>\n\n\n\n<p>Nous traitons vos donn\u00e9es personnelles uniquement si nous disposons d&#039;une base juridique valable pour le faire. Veuillez trouver ci-dessous des informations sur la base juridique de nos finalit\u00e9s de traitement\u00a0:<\/p>\n\n\n\n<h2 class=\"wp-block-heading\">Int\u00e9r\u00eat l\u00e9gitime<\/h2>\n\n\n\n<p>Le traitement de vos donn\u00e9es personnelles repose sur notre int\u00e9r\u00eat l\u00e9gitime lorsqu&#039;il est effectu\u00e9 \u00e0 des fins de marketing, de vente et de d\u00e9veloppement de nos produits et services, ou \u00e0 des fins de gestion de la relation client, de communication client et d&#039;organisation d&#039;\u00e9v\u00e9nements. Il est \u00e9galement dans notre int\u00e9r\u00eat l\u00e9gitime de mesurer l&#039;efficacit\u00e9 de notre marketing, de livrer nos biens et services, de vous fournir nos services num\u00e9riques, de fournir un support client pour les biens et services vendus et de g\u00e9rer les factures et les paiements.<\/p>\n\n\n\n<h2 class=\"wp-block-heading\">Obligation l\u00e9gale<\/h2>\n\n\n\n<p>La base juridique du traitement est notre obligation l\u00e9gale lorsque nous sommes soumis \u00e0 des exigences l\u00e9gales.<\/p>\n\n\n\n<h2 class=\"wp-block-heading\">Consentement<\/h2>\n\n\n\n<p>Nous vous fournissons notre newsletter et d&#039;autres documents lorsque vous avez donn\u00e9 votre consentement pour les recevoir. Vous pouvez \u00e0 tout moment retirer votre consentement \u00e0 recevoir des newsletters ou d&#039;autres documents en utilisant la fonction \u00ab D\u00e9sabonnement | Mettre \u00e0 jour le lien des pr\u00e9f\u00e9rences inclus dans l&#039;e-mail.<\/p>\n\n\n\n<h2 class=\"wp-block-heading\"><strong>Contracter<\/strong><\/h2>\n\n\n\n<p>Lorsque nous avons conclu un accord contractuel directement avec une personne physique, telle qu&#039;un entrepreneur individuel, la base juridique du traitement des donn\u00e9es personnelles est l&#039;ex\u00e9cution d&#039;un contrat dans le but de livrer nos biens et services, de vous fournir nos services num\u00e9riques, de fournir \u00e0 nos clients support pour les biens et services vendus, et gestion des factures et des paiements.<\/p>\n\n\n\n<h2 class=\"wp-block-heading\">commentaires<\/h2>\n\n\n\n<p>Lorsque les visiteurs laissent des commentaires sur le site, nous collectons les donn\u00e9es affich\u00e9es dans le formulaire de commentaires, ainsi que l&#039;adresse IP du visiteur et la cha\u00eene de l&#039;agent utilisateur du navigateur pour faciliter la d\u00e9tection du spam.<\/p>\n\n\n\n<p>Une cha\u00eene anonymis\u00e9e cr\u00e9\u00e9e \u00e0 partir de votre adresse e-mail (\u00e9galement appel\u00e9e hachage) peut \u00eatre fournie au service Gravatar pour voir si vous l&#039;utilisez. La politique de confidentialit\u00e9 du service Gravatar est disponible ici : https:\/\/automattic.com\/privacy\/. Apr\u00e8s approbation de votre commentaire, votre photo de profil est visible publiquement dans le cadre de votre commentaire.<\/p>\n\n\n\n<h2 class=\"wp-block-heading\">M\u00e9dias<\/h2>\n\n\n\n<p><strong class=\"privacy-policy-tutorial\"> <\/strong>Si vous t\u00e9l\u00e9chargez des images sur le site Web, vous devez \u00e9viter de t\u00e9l\u00e9charger des images contenant des donn\u00e9es de localisation int\u00e9gr\u00e9es (GPS EXIF). Les visiteurs du site Web peuvent t\u00e9l\u00e9charger et extraire toutes les donn\u00e9es de localisation des images du site Web.<\/p>\n\n\n\n<h2 class=\"wp-block-heading\">Biscuits<\/h2>\n\n\n\n<p><strong class=\"privacy-policy-tutorial\"> <\/strong>Si vous laissez un commentaire sur notre site, vous pouvez choisir d&#039;enregistrer votre nom, votre adresse e-mail et votre site Web dans des cookies. Ces informations sont destin\u00e9es \u00e0 votre commodit\u00e9 afin que vous n&#039;ayez pas \u00e0 remplir \u00e0 nouveau vos coordonn\u00e9es lorsque vous laissez un autre commentaire. Ces cookies dureront un an.<\/p>\n\n\n\n<p>Si vous visitez notre page de connexion, nous d\u00e9finirons un cookie temporaire pour d\u00e9terminer si votre navigateur accepte les cookies. Ce cookie ne contient aucune donn\u00e9e personnelle et est supprim\u00e9 lorsque vous fermez votre navigateur.<\/p>\n\n\n\n<p>Lors de votre connexion, nous mettrons \u00e9galement en place plusieurs cookies pour enregistrer vos informations de connexion et vos choix d&#039;affichage \u00e0 l&#039;\u00e9cran. Les cookies de connexion durent deux jours et les cookies d\u2019options d\u2019\u00e9cran durent un an. Si vous s\u00e9lectionnez \u00ab Se souvenir de moi \u00bb, votre connexion persistera pendant deux semaines. Si vous vous d\u00e9connectez de votre compte, les cookies de connexion seront supprim\u00e9s.<\/p>\n\n\n\n<p>Si vous modifiez ou publiez un article, un cookie suppl\u00e9mentaire sera enregistr\u00e9 dans votre navigateur. Ce cookie ne contient aucune donn\u00e9e personnelle et indique simplement l&#039;identifiant de la publication de l&#039;article que vous venez de modifier. Il expire apr\u00e8s 1 jour.<\/p>\n\n\n\n<h2 class=\"wp-block-heading\">Contenu int\u00e9gr\u00e9 provenant d&#039;autres sites Web<\/h2>\n\n\n\n<p><strong class=\"privacy-policy-tutorial\"> <\/strong>Les articles de ce site peuvent inclure des contenus int\u00e9gr\u00e9s (par exemple des vid\u00e9os, des images, des articles, etc.). Le contenu int\u00e9gr\u00e9 d&#039;autres sites Web se comporte exactement de la m\u00eame mani\u00e8re que si le visiteur avait visit\u00e9 l&#039;autre site Web.<\/p>\n\n\n\n<p>Ces sites Web peuvent collecter des donn\u00e9es sur vous, utiliser des cookies, int\u00e9grer un suivi tiers suppl\u00e9mentaire et surveiller votre interaction avec ce contenu int\u00e9gr\u00e9, y compris le suivi de votre interaction avec le contenu int\u00e9gr\u00e9 si vous disposez d&#039;un compte et \u00eates connect\u00e9 \u00e0 ce site Web.<\/p>\n\n\n\n<h2 class=\"wp-block-heading\">Combien de temps conservons-nous vos donn\u00e9es<\/h2>\n\n\n\n<p>Si vous laissez un commentaire, le commentaire et ses m\u00e9tadonn\u00e9es sont conserv\u00e9s ind\u00e9finiment. Cela nous permet de reconna\u00eetre et d&#039;approuver automatiquement tous les commentaires suivants au lieu de les conserver dans une file d&#039;attente de mod\u00e9ration.<\/p>\n\n\n\n<p>Pour les utilisateurs qui s&#039;inscrivent sur notre site Web (le cas \u00e9ch\u00e9ant), nous stockons \u00e9galement les informations personnelles qu&#039;ils fournissent dans leur profil d&#039;utilisateur. Tous les utilisateurs peuvent voir, modifier ou supprimer leurs informations personnelles \u00e0 tout moment (sauf qu&#039;ils ne peuvent pas modifier leur nom d&#039;utilisateur). Les administrateurs de sites Web peuvent \u00e9galement voir et modifier ces informations.<\/p>\n\n\n\n<h2 class=\"wp-block-heading\">Quels sont vos droits sur vos donn\u00e9es<\/h2>\n\n\n\n<p><strong class=\"privacy-policy-tutorial\"> <\/strong>Si vous avez un compte sur ce site ou si vous avez laiss\u00e9 des commentaires, vous pouvez demander \u00e0 recevoir un fichier export\u00e9 des donn\u00e9es personnelles que nous d\u00e9tenons \u00e0 votre sujet, y compris toutes les donn\u00e9es que vous nous avez fournies. Vous pouvez \u00e9galement demander que nous supprimions toutes les donn\u00e9es personnelles que nous d\u00e9tenons \u00e0 votre sujet. Cela n&#039;inclut pas les donn\u00e9es que nous sommes oblig\u00e9s de conserver \u00e0 des fins administratives, juridiques ou de s\u00e9curit\u00e9.<\/p>\n\n\n\n<h2 class=\"wp-block-heading\">O\u00f9 nous envoyons vos donn\u00e9es<\/h2>\n\n\n\n<p><strong class=\"privacy-policy-tutorial\">Texte sugg\u00e9r\u00e9\u00a0: <\/strong>Les commentaires des visiteurs peuvent \u00eatre v\u00e9rifi\u00e9s via un service automatis\u00e9 de d\u00e9tection de spam.<\/p>","protected":false},"excerpt":{"rendered":"<p>Introduction Metcom Technologies, Inc. is committed to protecting your privacy. We will process your personal data only in accordance with relevant data protection and privacy legislation and good data processing practices. Metcom Technologies, Inc. (\u201cMetcom\u201d or \u201cwe\u201d) is the controller for the personal data concerning Metcom customers, website visitors, distributors, suppliers, contractors, job applicants, shareholders, [&hellip;]<\/p>\n","protected":false},"author":1,"featured_media":0,"parent":0,"menu_order":0,"comment_status":"closed","ping_status":"closed","template":"wp-custom-template-a1-main-template","meta":{"footnotes":""},"class_list":["post-430","page","type-page","status-publish","hentry"],"_links":{"self":[{"href":"https:\/\/metcomtech.com\/fr\/wp-json\/wp\/v2\/pages\/430","targetHints":{"allow":["GET"]}}],"collection":[{"href":"https:\/\/metcomtech.com\/fr\/wp-json\/wp\/v2\/pages"}],"about":[{"href":"https:\/\/metcomtech.com\/fr\/wp-json\/wp\/v2\/types\/page"}],"author":[{"embeddable":true,"href":"https:\/\/metcomtech.com\/fr\/wp-json\/wp\/v2\/users\/1"}],"replies":[{"embeddable":true,"href":"https:\/\/metcomtech.com\/fr\/wp-json\/wp\/v2\/comments?post=430"}],"version-history":[{"count":2,"href":"https:\/\/metcomtech.com\/fr\/wp-json\/wp\/v2\/pages\/430\/revisions"}],"predecessor-version":[{"id":435,"href":"https:\/\/metcomtech.com\/fr\/wp-json\/wp\/v2\/pages\/430\/revisions\/435"}],"wp:attachment":[{"href":"https:\/\/metcomtech.com\/fr\/wp-json\/wp\/v2\/media?parent=430"}],"curies":[{"name":"wp","href":"https:\/\/api.w.org\/{rel}","templated":true}]}}