{"id":44,"date":"2021-11-30T23:13:53","date_gmt":"2021-11-30T23:13:53","guid":{"rendered":"https:\/\/moodle.localhost\/wp\/?page_id=44"},"modified":"2024-07-17T15:13:57","modified_gmt":"2024-07-17T15:13:57","slug":"training","status":"publish","type":"page","link":"https:\/\/metcomtech.com\/fr\/training\/","title":{"rendered":"Formation"},"content":{"rendered":"<p class=\"has-white-color has-luminous-vivid-orange-background-color has-text-color has-background has-medium-font-size\">D\u00e9mystifiez le processus de broyage\u00a0!<\/p>\n\n\n\n<div class=\"wp-block-columns is-layout-flex wp-container-core-columns-is-layout-28f84493 wp-block-columns-is-layout-flex\">\n<div class=\"wp-block-column is-layout-flow wp-block-column-is-layout-flow\" style=\"flex-basis:66.66%\">\n<p>Les modules de formation Metcom pr\u00e9sentent les performances fonctionnelles du broyeur \u00e0 boulets et fournissent toutes les \u00e9tapes et m\u00e9thodes n\u00e9cessaires pour mesurer et am\u00e9liorer les performances des op\u00e9rations de broyage des usines.<\/p>\n\n\n\n<p>Toutes les formations sont disponibles en <strong>Anglais, fran\u00e7ais et espagnol.<\/strong><\/p>\n\n\n\n<p>Ces modules contiennent tous les \u00e9l\u00e9ments du syst\u00e8me de gestion de broyage Metcom (<a href=\"https:\/\/metcomtech.com\/fr\/moodle\/wp\/modules-and-general-objectives\/\" data-type=\"page\" data-id=\"646\"><u>Cliquez ici<\/u>&nbsp;<\/a>pour voir une liste de modules de formation), y compris comment mettre en \u0153uvre l&#039;analyse des performances fonctionnelles du broyage \u00e0 boulets dans votre usine.<\/p>\n\n\n\n<p>Cette formation sp\u00e9cialis\u00e9e est con\u00e7ue pour les m\u00e9tallurgistes d&#039;usine, les techniciens et la gestion des op\u00e9rations. Les op\u00e9rateurs d\u2019usine b\u00e9n\u00e9ficieront \u00e9galement de notre formation.&nbsp;<u><a href=\"http:\/\/moodle.localhost\/wp\/wp-content\/uploads\/2021\/12\/Cirriculum.pdf\" data-type=\"URL\" data-id=\"http:\/\/moodle.localhost\/wp\/wp-content\/uploads\/2021\/12\/Cirriculum.pdf\" target=\"_blank\" rel=\"noreferrer noopener\">Cliquez ici<\/a><\/u>&nbsp;pour voir un exemple de programme complet sur les plantes.<\/p>\n\n\n\n<p>Nouveaux utilisateurs&nbsp;<u><a href=\"https:\/\/metcomtech.com\/fr\/moodle\/wp\/welcome\/\" data-type=\"page\" data-id=\"666\">Cliquez ici<\/a><\/u>&nbsp;pour une introduction du d\u00e9veloppeur de formation Metcom RE McIvor, expliquant ce que vous allez apprendre et comment votre organisation b\u00e9n\u00e9ficiera de cette formation r\u00e9volutionnaire.<\/p>\n\n\n\n<div class=\"wp-block-buttons is-layout-flex wp-block-buttons-is-layout-flex\">\n<div class=\"wp-block-button is-style-fill\"><a class=\"wp-block-button__link wp-element-button\" href=\"https:\/\/metcomtech.com\/fr\/order\/\"><strong>Commandez une formation en ligne<\/strong><\/a><\/div>\n<\/div>\n<\/div>\n\n\n\n<div class=\"wp-block-column is-layout-flow wp-block-column-is-layout-flow\" style=\"flex-basis:33.33%\">\n<figure class=\"wp-block-image size-full is-resized\"><img loading=\"lazy\" decoding=\"async\" width=\"686\" height=\"943\" src=\"https:\/\/metcomtech.com\/wp-content\/uploads\/2024\/04\/Met-BM.jpg\" alt=\"\" class=\"wp-image-2433\" style=\"width:241px;height:352px\" srcset=\"https:\/\/metcomtech.com\/wp-content\/uploads\/2024\/04\/Met-BM.jpg 686w, https:\/\/metcomtech.com\/wp-content\/uploads\/2024\/04\/Met-BM-300x412.jpg 300w, https:\/\/metcomtech.com\/wp-content\/uploads\/2024\/04\/Met-BM-200x275.jpg 200w\" sizes=\"auto, (max-width: 686px) 100vw, 686px\" \/><\/figure>\n<\/div>\n<\/div>","protected":false},"excerpt":{"rendered":"<p>Demystify the Grinding Process! Metcom Training Modules feature Functional Performance of Ball Milling, and deliver all the steps and methods needed to measure and improve the performance of plant grinding operations. All training is available in English, French, and Spanish. These modules contain every element of the Metcom Grinding Management System (Click here&nbsp;to see a [&hellip;]<\/p>\n","protected":false},"author":1,"featured_media":0,"parent":0,"menu_order":0,"comment_status":"closed","ping_status":"closed","template":"wp-custom-template-a1-main-template","meta":{"footnotes":""},"class_list":["post-44","page","type-page","status-publish","hentry"],"_links":{"self":[{"href":"https:\/\/metcomtech.com\/fr\/wp-json\/wp\/v2\/pages\/44","targetHints":{"allow":["GET"]}}],"collection":[{"href":"https:\/\/metcomtech.com\/fr\/wp-json\/wp\/v2\/pages"}],"about":[{"href":"https:\/\/metcomtech.com\/fr\/wp-json\/wp\/v2\/types\/page"}],"author":[{"embeddable":true,"href":"https:\/\/metcomtech.com\/fr\/wp-json\/wp\/v2\/users\/1"}],"replies":[{"embeddable":true,"href":"https:\/\/metcomtech.com\/fr\/wp-json\/wp\/v2\/comments?post=44"}],"version-history":[{"count":12,"href":"https:\/\/metcomtech.com\/fr\/wp-json\/wp\/v2\/pages\/44\/revisions"}],"predecessor-version":[{"id":3153,"href":"https:\/\/metcomtech.com\/fr\/wp-json\/wp\/v2\/pages\/44\/revisions\/3153"}],"wp:attachment":[{"href":"https:\/\/metcomtech.com\/fr\/wp-json\/wp\/v2\/media?parent=44"}],"curies":[{"name":"wp","href":"https:\/\/api.w.org\/{rel}","templated":true}]}}