{"id":539,"date":"2021-12-04T01:51:36","date_gmt":"2021-12-04T01:51:36","guid":{"rendered":"https:\/\/moodle.localhost\/wp\/?page_id=539"},"modified":"2024-05-15T04:05:01","modified_gmt":"2024-05-15T04:05:01","slug":"grindingbulletin2","status":"publish","type":"page","link":"https:\/\/metcomtech.com\/fr\/grindingbulletin2\/","title":{"rendered":"Bulletin de meulage #2"},"content":{"rendered":"<h5 class=\"wp-block-heading\"> D\u00e9terminez rapidement votre finesse de mouture<\/h5>\n\n\n\n<p class=\"has-small-font-size\">Lorsque la flottation (ou autre s\u00e9paration des min\u00e9raux) ne fonctionne pas bien et que vous soup\u00e7onnez que la mouture peut en \u00eatre la cause, il existe un moyen rapide de le v\u00e9rifier en utilisant uniquement un r\u00e9cipient avec un volume fixe (comme une tasse Marcy d&#039;un litre), un outil de pes\u00e9e. une balance et un seul tamis. La meilleure fa\u00e7on de le d\u00e9montrer est de prendre un exemple.<\/p>\n\n\n\n<p class=\"has-small-font-size\">Sylvie, m\u00e9tallurgiste de l&#039;usine, r\u00e9cup\u00e8re d&#039;abord les boues de d\u00e9bordement du cyclone du circuit de broyage dans un gobelet Marcy d&#039;un litre. Elle le p\u00e8se, soustrait le poids de la tasse et d\u00e9termine que le poids de la bouillie est de 1\u00a0200 g. Le SG de la bouillie est alors de 1,2. Sachant que le minerai a un SG de 3,0, elle calcule le poids des solides dans la coupelle comme suit\u00a0:<\/p>\n\n\n\n<figure class=\"wp-block-table is-style-stripes\"><table><thead><tr><th><\/th><th class=\"has-text-align-center\" data-align=\"center\">Poids (gm)<\/th><th class=\"has-text-align-center\" data-align=\"center\">SG<\/th><th class=\"has-text-align-center\" data-align=\"center\">Volume (cc)<\/th><\/tr><\/thead><tbody><tr><td>Solides (minerai)<\/td><td class=\"has-text-align-center\" data-align=\"center\">UN?<\/td><td class=\"has-text-align-center\" data-align=\"center\">3.0<\/td><td class=\"has-text-align-center\" data-align=\"center\">B?<\/td><\/tr><tr><td>Eau<\/td><td class=\"has-text-align-center\" data-align=\"center\">C?<\/td><td class=\"has-text-align-center\" data-align=\"center\">1.0<\/td><td class=\"has-text-align-center\" data-align=\"center\">C?<\/td><\/tr><tr><td>Boue (totale)<\/td><td class=\"has-text-align-center\" data-align=\"center\">1,200<\/td><td class=\"has-text-align-center\" data-align=\"center\">1.2<\/td><td class=\"has-text-align-center\" data-align=\"center\">1,000<\/td><\/tr><tr><td><br><br><\/td><td class=\"has-text-align-center\" data-align=\"center\">A = 1 200 -C<\/td><td class=\"has-text-align-center\" data-align=\"center\"><\/td><td class=\"has-text-align-center\" data-align=\"center\"><br>C = 1000 \u2013 B<\/td><\/tr><\/tbody><\/table><figcaption class=\"wp-element-caption\"><mark style=\"background-color:rgba(0, 0, 0, 0)\" class=\"has-inline-color has-contrast-color\"><strong>Donc un<\/strong> <strong>= 1 200 \u2013 (1 000 \u2013 B) = 200 + B<\/strong><\/mark><\/figcaption><\/figure>\n\n\n\n<p>Aussi, A = B x 3<br>Donc 200 + B = 3 x B, ou 200 = 2 x B<br>Donc B = 100<br>Alors A = 200 + B = 300<br><br>Le poids des solides dans la tasse est donc de 300 g.<\/p>\n\n\n\n<p>Sylvie rince la coupelle sur un tamis de 65 mesh (212 um) mont\u00e9 sur un anneau vibrant, lavant jusqu&#039;\u00e0 ce que la mati\u00e8re retenue soit propre. Elle remet le tamis surdimensionn\u00e9 dans la tasse Marcy et le remplit d&#039;eau jusqu&#039;au sommet, le p\u00e8se, soustrait le poids de la tasse, obtenant cette fois 1 080 g. de boue. Encore une fois, elle calcule le poids des solides dans la tasse comme suit\u00a0:<\/p>\n\n\n\n<figure class=\"wp-block-table is-style-stripes\"><table><thead><tr><th><\/th><th class=\"has-text-align-center\" data-align=\"center\">Poids (gm)<\/th><th class=\"has-text-align-center\" data-align=\"center\">SG<\/th><th class=\"has-text-align-center\" data-align=\"center\">Volume (cc)<\/th><\/tr><\/thead><tbody><tr><td>Solides (minerai)<\/td><td class=\"has-text-align-center\" data-align=\"center\">UN?<\/td><td class=\"has-text-align-center\" data-align=\"center\">3.0<\/td><td class=\"has-text-align-center\" data-align=\"center\">B?<\/td><\/tr><tr><td>Eau<\/td><td class=\"has-text-align-center\" data-align=\"center\">C?<\/td><td class=\"has-text-align-center\" data-align=\"center\">1.0<\/td><td class=\"has-text-align-center\" data-align=\"center\">C?<\/td><\/tr><tr><td>Boue (totale)<\/td><td class=\"has-text-align-center\" data-align=\"center\">1,080<\/td><td class=\"has-text-align-center\" data-align=\"center\">1.08<\/td><td class=\"has-text-align-center\" data-align=\"center\">1,000<\/td><\/tr><tr><td><br><br><\/td><td class=\"has-text-align-center\" data-align=\"center\">A = 1 080 -C<\/td><td class=\"has-text-align-center\" data-align=\"center\"><\/td><td class=\"has-text-align-center\" data-align=\"center\"><br>C = 1000 \u2013 B<\/td><\/tr><\/tbody><\/table><figcaption class=\"wp-element-caption\"><mark style=\"background-color:rgba(0, 0, 0, 0)\" class=\"has-inline-color has-contrast-color\"><strong>Donc A = <\/strong>1 080 \u2013 (1 000 \u2013 B) = 80 + B<\/mark><\/figcaption><\/figure>\n\n\n\n<p class=\"has-small-font-size\">Aussi, A = B x 3<\/p>\n\n\n\n<p class=\"has-small-font-size\">Donc 80 + B = 3 x B, ou 80 = 2 x B<\/p>\n\n\n\n<p class=\"has-small-font-size\">Donc B = 40<\/p>\n\n\n\n<p class=\"has-small-font-size\">Alors A = 80 + B = 120<\/p>\n\n\n\n<p class=\"has-small-font-size\">Le poids des solides de plus de 212 \u00b5m dans la tasse est donc de 120 g.<\/p>\n\n\n\n<p class=\"has-small-font-size\">Par cons\u00e9quent, l&#039;\u00e9chantillon initial pr\u00e9lev\u00e9 \u00e9tait (120\/300 x 100 =) 40% retenu (et 60% passant) 212 um.<br>\u00c9tant donn\u00e9 que la mouture cible \u00e0 l&#039;usine de Sylvie est du 80% d\u00e9passant 212 \u00b5m, la mouture est en effet significativement erron\u00e9e et est \u00e0 l&#039;origine des probl\u00e8mes de s\u00e9paration en aval.<\/p>\n\n\n\n<p class=\"has-small-font-size\">Bien que cette proc\u00e9dure ne prenne que quelques minutes, elle n\u2019est pas tr\u00e8s pr\u00e9cise. Dans une variante de cette proc\u00e9dure, M. Barry Wills (veuillez consulter la r\u00e9f\u00e9rence ci-dessous, pour laquelle nous remercions gracieusement M. Wills) a montr\u00e9 une variation probable de plus ou moins 5% d\u00e9passant la taille d&#039;ouverture du tamis s\u00e9lectionn\u00e9e par rapport \u00e0 un \u00e9cran de laboratoire complet. proc\u00e9dure d\u2019analyse. Ce probl\u00e8me peut \u00eatre partiellement r\u00e9solu en pratiquant et en affinant les \u00e9tapes, ainsi qu\u2019en r\u00e9p\u00e9tant les mesures.<\/p>\n\n\n\n<p class=\"has-small-font-size\"><em>R\u00e9f\u00e9rence : Wills, BA, 1988, \u00ab A Rapid Method for Measurement of Fineness of Grind \u00bb, Minerals Engineering, Vol.1, No. 1, pp. 81-84.<\/em><\/p>\n\n\n\n<div class=\"wp-block-buttons is-horizontal is-content-justification-center is-layout-flex wp-container-core-buttons-is-layout-03627597 wp-block-buttons-is-layout-flex\">\n<div class=\"wp-block-button\"><a class=\"wp-block-button__link wp-element-button\" href=\"https:\/\/metcomtech.com\/fr\/#GrindingBulletin\">Voir plus de bulletins de meulage<\/a><\/div>\n<\/div>\n\n\n\n<p><\/p>","protected":false},"excerpt":{"rendered":"<p>Quickly Determine Your Fineness of Grind When flotation (or other mineral separation) is not performing well and you suspect the grind may be the cause, there is a quick way to check it using only a container with a fixed volume (such as a one liter Marcy cup), a weigh scale and a single sieve. [&hellip;]<\/p>\n","protected":false},"author":1,"featured_media":0,"parent":0,"menu_order":0,"comment_status":"closed","ping_status":"closed","template":"wp-custom-template-a1-main-template","meta":{"footnotes":""},"class_list":["post-539","page","type-page","status-publish","hentry"],"_links":{"self":[{"href":"https:\/\/metcomtech.com\/fr\/wp-json\/wp\/v2\/pages\/539","targetHints":{"allow":["GET"]}}],"collection":[{"href":"https:\/\/metcomtech.com\/fr\/wp-json\/wp\/v2\/pages"}],"about":[{"href":"https:\/\/metcomtech.com\/fr\/wp-json\/wp\/v2\/types\/page"}],"author":[{"embeddable":true,"href":"https:\/\/metcomtech.com\/fr\/wp-json\/wp\/v2\/users\/1"}],"replies":[{"embeddable":true,"href":"https:\/\/metcomtech.com\/fr\/wp-json\/wp\/v2\/comments?post=539"}],"version-history":[{"count":14,"href":"https:\/\/metcomtech.com\/fr\/wp-json\/wp\/v2\/pages\/539\/revisions"}],"predecessor-version":[{"id":2496,"href":"https:\/\/metcomtech.com\/fr\/wp-json\/wp\/v2\/pages\/539\/revisions\/2496"}],"wp:attachment":[{"href":"https:\/\/metcomtech.com\/fr\/wp-json\/wp\/v2\/media?parent=539"}],"curies":[{"name":"wp","href":"https:\/\/api.w.org\/{rel}","templated":true}]}}