{"id":55,"date":"2021-11-30T23:42:52","date_gmt":"2021-11-30T23:42:52","guid":{"rendered":"https:\/\/moodle.localhost\/wp\/?page_id=55"},"modified":"2025-01-29T16:08:36","modified_gmt":"2025-01-29T16:08:36","slug":"ball-mill-circuit-modeling","status":"publish","type":"page","link":"https:\/\/metcomtech.com\/fr\/ball-mill-circuit-modeling\/","title":{"rendered":"Streamline"},"content":{"rendered":"<p>Mod\u00e9lisation du circuit du broyeur \u00e0 boulets<\/p>\n\n\n\n<p class=\"has-text-align-left\"><strong>Streamline<\/strong>\u2122 est l&#039;application r\u00e9volutionnaire de mod\u00e9lisation et d&#039;optimisation des broyeurs \u00e0 boulets qui utilise l&#039;analyse des performances fonctionnelles pour am\u00e9liorer les performances des circuits.<\/p>\n\n\n\n<figure class=\"wp-block-image aligncenter size-full has-custom-border\"><img loading=\"lazy\" decoding=\"async\" width=\"740\" height=\"200\" src=\"https:\/\/metcomtech.com\/wp-content\/uploads\/2021\/12\/streamline-logo2.jpg\" alt=\"\" class=\"has-border-color wp-image-1009\" style=\"border-color:#028103;border-width:4px;border-radius:30px\" srcset=\"https:\/\/metcomtech.com\/wp-content\/uploads\/2021\/12\/streamline-logo2.jpg 740w, https:\/\/metcomtech.com\/wp-content\/uploads\/2021\/12\/streamline-logo2-300x81.jpg 300w, https:\/\/metcomtech.com\/wp-content\/uploads\/2021\/12\/streamline-logo2-200x54.jpg 200w\" sizes=\"auto, (max-width: 740px) 100vw, 740px\" \/><\/figure>\n\n\n\n<p>L'application utilise les donn\u00e9es d'enqu\u00eate sur l'usine pour construire un mod\u00e8le de r\u00e9duction de la taille du broyeur \u00e0 boulets repr\u00e9sent\u00e9 par des taux de broyage cumul\u00e9s r\u00e9els pour toutes les classes de taille. Les performances de s\u00e9paration des cyclones sont caract\u00e9ris\u00e9es \u00e0 l\u2019aide de r\u00e9cup\u00e9rations taille par taille jusqu\u2019au sous-versement. Ce mod\u00e8le de circuit \u00e0 deux unit\u00e9s, facile \u00e0 construire, reproduit parfaitement les distributions de taille et les d\u00e9bits massiques de l'enqu\u00eate sur le circuit. Les performances de la pompe et du cyclone peuvent ensuite \u00eatre ajust\u00e9es \u00e0 l'aide de la proc\u00e9dure \u00e9tape par \u00e9tape fournie pour maximiser l'efficacit\u00e9 du syst\u00e8me de classification (ESC), la mesure d'optimisation.<\/p>\n\n\n\n<p><strong>Streamline<\/strong>\u2122 est facile \u00e0 comprendre et \u00e0 utiliser, il est enti\u00e8rement pris en charge par des didacticiels vid\u00e9o, une assistance technique en direct et cinq modules de formation associ\u00e9s du syst\u00e8me de gestion des processus de broyage Metcom\u00a0:<\/p>\n\n\n\n<ul class=\"wp-block-list has-small-font-size\">\n<li class=\"has-small-font-size\">Module 5 \u2013 Performance fonctionnelle du broyeur \u00e0 boulets<\/li>\n\n\n\n<li class=\"has-small-font-size\">Module 7 \u2013 Performances des hydrocyclones<\/li>\n\n\n\n<li class=\"has-small-font-size\">Module 8 \u2013 Ajustements des hydrocyclones<\/li>\n\n\n\n<li class=\"has-small-font-size\">Module 9 \u2013 Pompage de la pulpe<\/li>\n\n\n\n<li class=\"has-small-font-size\">Module 18 \u2013 \u00c9valuation de la classification des circuits<\/li>\n<\/ul>\n\n\n\n<p><strong>Streamline<\/strong>\u2122 suit la philosophie fondamentale de Metcom consistant \u00e0 fournir aux m\u00e9tallurgistes uniquement les meilleures ressources pour les aider \u00e0 accomplir leur travail. Contrairement aux programmes ant\u00e9rieurs, il repose sur des fondamentaux \u00e9prouv\u00e9s. Streamline fournit aux m\u00e9tallurgistes un outil d&#039;analyse pr\u00e9cieux pour apporter des modifications aux circuits et r\u00e9aliser des gains de performances substantiels.<\/p>\n\n\n\n<div class=\"wp-block-buttons is-layout-flex wp-block-buttons-is-layout-flex\">\n<div class=\"wp-block-button\"><a class=\"wp-block-button__link wp-element-button\" href=\"https:\/\/metcomtech.com\/fr\/moodle\/wp\/produit\/streamline\/\"><span style=\"background-color:rgba(0, 0, 0, 0)\" class=\"has-inline-color has-luminous-vivid-amber-color\">Rationalisation des commandes<\/span><\/a><\/div>\n\n\n\n<div class=\"wp-block-button\"><a class=\"wp-block-button__link wp-element-button\" href=\"https:\/\/metcomtech.com\/wp-content\/uploads\/2025\/01\/2024-Streamline-Pricing.pdf\" target=\"_blank\" rel=\"noreferrer noopener\">Informations sur les prix<\/a><\/div>\n\n\n\n<div class=\"wp-block-button\"><a class=\"wp-block-button__link wp-element-button\" href=\"https:\/\/metcomtech.com\/downloads\/STREAMLINE-TrialVer_6.zip\">T\u00e9l\u00e9charger la version d&#039;essai gratuite de Streamline<\/a><\/div>\n\n\n\n<div class=\"wp-block-button\"><a class=\"wp-block-button__link wp-element-button\" href=\"https:\/\/metcomtech.com\/fr\/streamline-instructional-videos\/\">Regardez les vid\u00e9os p\u00e9dagogiques de Streamline<\/a><\/div>\n<\/div>\n\n\n\n<p class=\"has-text-align-center\"><\/p>\n\n\n\n<figure class=\"wp-block-embed is-type-video is-provider-youtube wp-block-embed-youtube wp-embed-aspect-16-9 wp-has-aspect-ratio\"><div class=\"wp-block-embed__wrapper\">\n<iframe loading=\"lazy\" title=\"Introduction et aper\u00e7u du mod\u00e8le\" width=\"500\" height=\"281\" src=\"https:\/\/www.youtube.com\/embed\/we8xhjQ2aKc?feature=oembed\" frameborder=\"0\" allow=\"accelerometer; autoplay; clipboard-write; encrypted-media; gyroscope; picture-in-picture; web-share\" referrerpolicy=\"strict-origin-when-cross-origin\" allowfullscreen><\/iframe>\n<\/div><\/figure>\n\n\n\n<p><\/p>","protected":false},"excerpt":{"rendered":"<p>Ball Mill Circuit Modeling Streamline\u2122 is the breakthrough ball mill modeling and optimization application that uses Functional Performance Analysis to carry out circuit performance improvements. The application uses plant survey data to construct a ball mill size reduction model represented by real-world cumulative grinding rates through all size classes. Cyclone separation performance is characterized using [&hellip;]<\/p>\n","protected":false},"author":1,"featured_media":0,"parent":0,"menu_order":0,"comment_status":"closed","ping_status":"closed","template":"wp-custom-template-a1-main-template","meta":{"footnotes":""},"class_list":["post-55","page","type-page","status-publish","hentry"],"_links":{"self":[{"href":"https:\/\/metcomtech.com\/fr\/wp-json\/wp\/v2\/pages\/55","targetHints":{"allow":["GET"]}}],"collection":[{"href":"https:\/\/metcomtech.com\/fr\/wp-json\/wp\/v2\/pages"}],"about":[{"href":"https:\/\/metcomtech.com\/fr\/wp-json\/wp\/v2\/types\/page"}],"author":[{"embeddable":true,"href":"https:\/\/metcomtech.com\/fr\/wp-json\/wp\/v2\/users\/1"}],"replies":[{"embeddable":true,"href":"https:\/\/metcomtech.com\/fr\/wp-json\/wp\/v2\/comments?post=55"}],"version-history":[{"count":17,"href":"https:\/\/metcomtech.com\/fr\/wp-json\/wp\/v2\/pages\/55\/revisions"}],"predecessor-version":[{"id":3461,"href":"https:\/\/metcomtech.com\/fr\/wp-json\/wp\/v2\/pages\/55\/revisions\/3461"}],"wp:attachment":[{"href":"https:\/\/metcomtech.com\/fr\/wp-json\/wp\/v2\/media?parent=55"}],"curies":[{"name":"wp","href":"https:\/\/api.w.org\/{rel}","templated":true}]}}