{"id":56,"date":"2021-11-30T23:42:52","date_gmt":"2021-11-30T23:42:52","guid":{"rendered":"https:\/\/moodle.localhost\/wp\/?page_id=56"},"modified":"2026-04-02T17:05:12","modified_gmt":"2026-04-02T17:05:12","slug":"ball-mill-media-size-testing","status":"publish","type":"page","link":"https:\/\/metcomtech.com\/fr\/ball-mill-media-size-testing\/","title":{"rendered":"Dimensionnement des corps broyants"},"content":{"rendered":"<figure class=\"wp-block-image aligncenter size-medium is-resized has-custom-border is-style-rounded is-style-rounded--1\"><img loading=\"lazy\" decoding=\"async\" width=\"800\" height=\"247\" src=\"https:\/\/metcomtech.com\/wp-content\/uploads\/2025\/04\/AcertaHeader2_fr.jpg\" alt=\"Acerta\" class=\"has-border-color wp-image-720\" style=\"border-color:#198b03;border-radius:24px;width:748px;height:auto\" srcset=\"https:\/\/metcomtech.com\/wp-content\/uploads\/2025\/04\/AcertaHeader2_fr.jpg 630w, https:\/\/metcomtech.com\/wp-content\/uploads\/2025\/04\/AcertaHeader2_fr-300x106.jpg 300w, https:\/\/metcomtech.com\/wp-content\/uploads\/2025\/04\/AcertaHeader2_fr-18x6.jpg 18w, https:\/\/metcomtech.com\/wp-content\/uploads\/2025\/04\/AcertaHeader2_fr-200x71.jpg 200w\" sizes=\"auto, (max-width: 800px) 100vw, 800px\" \/><\/figure>\n\n\n\n<p>L'efficacit\u00e9 du broyage du broyeur \u00e0 boulets est directement influenc\u00e9e par la r\u00e9partition de la taille des boulets dans le broyeur. La d\u00e9termination de la ou des tailles de boulets qui doivent \u00eatre ajout\u00e9es \u00e0 un broyeur \u00e0 boulets d'usine pour obtenir des performances optimales n\u00e9cessite la prise en compte d'un certain nombre de facteurs, notamment\u00a0: la distribution de la granulom\u00e9trie de l'alimentation du circuit, la granulom\u00e9trie de broyage cible et les caract\u00e9ristiques de bris du minerai. S'appuyant sur une vaste exp\u00e9rience, une vaste base de donn\u00e9es de donn\u00e9es d'usine et de pilotes, ainsi que des \u00e9quipements et techniques de laboratoire sp\u00e9cialis\u00e9s, Metcom Technologies a d\u00e9velopp\u00e9 une m\u00e9thode unique pour concevoir des charges \u00e0 boulets afin de r\u00e9pondre au mieux aux caract\u00e9ristiques d'un minerai donn\u00e9 et aux exigences de performance du circuit. Lorsqu\u2019ils sont appliqu\u00e9s, les avantages \u00e9conomiques se sont souvent r\u00e9v\u00e9l\u00e9s substantiels&nbsp;<strong>aucun co\u00fbt en capital !<\/strong><\/p>\n\n\n\n<figure class=\"wp-block-image aligncenter size-full is-resized has-custom-border\"><img loading=\"lazy\" decoding=\"async\" width=\"404\" height=\"265\" src=\"https:\/\/metcomtech.com\/wp-content\/uploads\/2025\/04\/benefits_fr.jpg\" alt=\"\" class=\"wp-image-722\" style=\"border-style:none;border-width:0px;border-radius:16px;width:489px;height:auto\" srcset=\"https:\/\/metcomtech.com\/wp-content\/uploads\/2025\/04\/benefits_fr.jpg 406w, https:\/\/metcomtech.com\/wp-content\/uploads\/2025\/04\/benefits_fr-300x197.jpg 300w, https:\/\/metcomtech.com\/wp-content\/uploads\/2025\/04\/benefits_fr-18x12.jpg 18w, https:\/\/metcomtech.com\/wp-content\/uploads\/2025\/04\/benefits_fr-200x132.jpg 200w\" sizes=\"auto, (max-width: 404px) 100vw, 404px\" \/><\/figure>\n\n\n\n<p>Le processus d&#039;\u00e9valuation de la taille du support utilise une base de donn\u00e9es compl\u00e8te compos\u00e9e de nombreux tests et donn\u00e9es d&#039;installation. Ceci est utilis\u00e9 conjointement avec les informations de votre usine pour cr\u00e9er un programme de test personnalis\u00e9 des supports de broyage.<\/p>\n\n\n\n<p>Le processus d&#039;\u00e9valuation est g\u00e9n\u00e9ralement divis\u00e9 en deux phases.<\/p>\n\n\n\n<hr class=\"wp-block-separator has-css-opacity\"\/>\n\n\n\n<h5 class=\"wp-block-heading\"><strong>Level 1) Scoping Study and Customized Test Planning ($11,995)<\/strong><\/h5>\n\n\n\n<p>Dans cette \u00e9tude de cadrage initiale, les experts Metcom travaillent avec vous pour collecter les informations n\u00e9cessaires sur l&#039;usine et le processus, \u00e9valuer les techniques de collecte d&#039;\u00e9chantillons et la qualit\u00e9 des donn\u00e9es, et interpr\u00e9ter les donn\u00e9es du circuit de broyage existant, lorsque cela est possible, pour former une premi\u00e8re opinion sur l&#039;ad\u00e9quation de la taille du support de broyage. en cours d&#039;utilisation et le potentiel d&#039;am\u00e9lioration. De plus, avec un \u00e9chantillon d&#039;alimentation du broyeur que vous fournissez, Metcom effectuera un premier test de broyeur dynamom\u00e9trique instrument\u00e9 de niveau 1, dans son installation d&#039;essai sp\u00e9cialis\u00e9e, afin d&#039;\u00e9valuer plus en d\u00e9tail le potentiel d&#039;am\u00e9lioration gr\u00e2ce \u00e0 un meilleur dimensionnement du support.<\/p>\n\n\n\n<p><strong>Livrables de l\u2019\u00e9tude de cadrage de niveau 1\u00a0:<\/strong><\/p>\n\n\n\n<ul class=\"wp-block-list\">\n<li class=\"has-small-font-size\">Interpr\u00e9tation de l\u2019essai initial au broyeur couple de niveau 1 r\u00e9alis\u00e9 sur votre minerai.<br><\/li>\n\n\n\n<li class=\"has-small-font-size\">Examen comparatif des bases de donn\u00e9es.<br><\/li>\n\n\n\n<li class=\"has-small-font-size\">\u00c9valuation des donn\u00e9es des usines existantes et de la qualit\u00e9 des \u00e9chantillons.<br><\/li>\n\n\n\n<li class=\"has-small-font-size\">Interpr\u00e9tation des informations sur les installations existantes en ce qui concerne l&#039;ad\u00e9quation de la taille du support.<br><\/li>\n\n\n\n<li class=\"has-small-font-size\">Premier avis sur le potentiel d&#039;am\u00e9lioration des performances via des changements de taille de support.<br><\/li>\n\n\n\n<li class=\"has-small-font-size\">Les recommandations pour les prochaines \u00e9tapes, qui, en fonction des r\u00e9sultats de l\u2019\u00e9tude de cadrage, pourraient inclure\u00a0:<br>\n<ul class=\"wp-block-list\">\n<li class=\"has-small-font-size\">Une recommandation imm\u00e9diate de changement de taille du support, si indiqu\u00e9.<br><\/li>\n\n\n\n<li class=\"has-small-font-size\">Modifications du point d\u2019\u00e9chantillonnage et de la collecte.<br><\/li>\n\n\n\n<li class=\"has-small-font-size\">Autres donn\u00e9es sur les installations \/ collecte d&#039;\u00e9chantillons (enqu\u00eate sur les usines).<br><\/li>\n\n\n\n<li class=\"has-small-font-size\">Un programme de test pilote complet de niveau 2 utilisant le moulin couple Metcom<\/li>\n<\/ul>\n<\/li>\n<\/ul>\n\n\n\n<hr class=\"wp-block-separator has-css-opacity\"\/>\n\n\n\n<h5 class=\"wp-block-heading\"><strong>Level 2) Pilot Scale Torque Mill Test Program<\/strong><\/h5>\n\n\n\n<p>L&#039;\u00e9tude de cadrage et le test initial de laboratoire de niveau 1 peuvent montrer la n\u00e9cessit\u00e9 d&#039;un <strong>Niveau 2<\/strong> Programme d&#039;essais pilotes. Cette phase consiste \u00e0 r\u00e9aliser des essais avec diff\u00e9rentes charges de granulom\u00e9trie dans notre broyeur \u00e0 couple instrument\u00e9 \u00e0 l&#039;\u00e9chelle pilote. Ce programme d&#039;essais personnalis\u00e9 utilise des \u00e9chantillons pr\u00e9lev\u00e9s sur votre site et \u00e9value les performances de charges de granulom\u00e9tries diff\u00e9rentes. Les r\u00e9sultats de ces essais sont ensuite interpr\u00e9t\u00e9s et un rapport d\u00e9taill\u00e9 est fourni, accompagn\u00e9 de recommandations de pratiques de chargement des charges pour l&#039;usine. Le co\u00fbt de ces essais et analyses d\u00e9pend du nombre d&#039;essais requis, d\u00e9termin\u00e9 lors de la premi\u00e8re phase.<\/p>\n\n\n\n<hr class=\"wp-block-separator has-css-opacity\"\/>\n\n\n\n<div class=\"wp-block-columns is-layout-flex wp-container-core-columns-is-layout-28f84493 wp-block-columns-is-layout-flex\">\n<div class=\"wp-block-column is-layout-flow wp-block-column-is-layout-flow\">\n<figure class=\"wp-block-image aligncenter size-full is-resized has-custom-border\"><img loading=\"lazy\" decoding=\"async\" width=\"835\" height=\"544\" src=\"https:\/\/metcomtech.com\/wp-content\/uploads\/2025\/04\/TorqueMill1.jpg\" alt=\"\" class=\"wp-image-3499\" style=\"border-style:none;border-width:0px;border-radius:21px;width:457px;height:auto\" srcset=\"https:\/\/metcomtech.com\/wp-content\/uploads\/2025\/04\/TorqueMill1.jpg 835w, https:\/\/metcomtech.com\/wp-content\/uploads\/2025\/04\/TorqueMill1-300x195.jpg 300w, https:\/\/metcomtech.com\/wp-content\/uploads\/2025\/04\/TorqueMill1-768x500.jpg 768w, https:\/\/metcomtech.com\/wp-content\/uploads\/2025\/04\/TorqueMill1-18x12.jpg 18w, https:\/\/metcomtech.com\/wp-content\/uploads\/2025\/04\/TorqueMill1-200x130.jpg 200w\" sizes=\"auto, (max-width: 835px) 100vw, 835px\" \/><\/figure>\n<\/div>\n\n\n\n<div class=\"wp-block-column is-layout-flow wp-block-column-is-layout-flow\">\n<figure class=\"wp-block-image aligncenter size-large is-resized has-custom-border\"><img loading=\"lazy\" decoding=\"async\" width=\"1024\" height=\"559\" src=\"https:\/\/metcomtech.com\/wp-content\/uploads\/2025\/04\/BM-Intro-1024x559.jpg\" alt=\"\" class=\"wp-image-3507\" style=\"border-width:3px;border-radius:30px;width:522px;height:auto\" srcset=\"https:\/\/metcomtech.com\/wp-content\/uploads\/2025\/04\/BM-Intro-1024x559.jpg 1024w, https:\/\/metcomtech.com\/wp-content\/uploads\/2025\/04\/BM-Intro-300x164.jpg 300w, https:\/\/metcomtech.com\/wp-content\/uploads\/2025\/04\/BM-Intro-768x419.jpg 768w, https:\/\/metcomtech.com\/wp-content\/uploads\/2025\/04\/BM-Intro-18x10.jpg 18w, https:\/\/metcomtech.com\/wp-content\/uploads\/2025\/04\/BM-Intro-200x109.jpg 200w, https:\/\/metcomtech.com\/wp-content\/uploads\/2025\/04\/BM-Intro.jpg 1111w\" sizes=\"auto, (max-width: 1024px) 100vw, 1024px\" \/><\/figure>\n<\/div>\n<\/div>\n\n\n\n<div class=\"wp-block-media-text alignwide is-stacked-on-mobile is-vertically-aligned-top has-small-font-size\" style=\"border-style:none;border-width:0px;border-radius:15px;grid-template-columns:19% auto\"><figure class=\"wp-block-media-text__media\"><img loading=\"lazy\" decoding=\"async\" width=\"233\" height=\"300\" src=\"https:\/\/metcomtech.com\/wp-content\/uploads\/2025\/04\/BallCharge-233x300.jpg\" alt=\"\" class=\"wp-image-3503 size-medium\" srcset=\"https:\/\/metcomtech.com\/wp-content\/uploads\/2025\/04\/BallCharge-233x300.jpg 233w, https:\/\/metcomtech.com\/wp-content\/uploads\/2025\/04\/BallCharge-794x1024.jpg 794w, https:\/\/metcomtech.com\/wp-content\/uploads\/2025\/04\/BallCharge-768x990.jpg 768w, https:\/\/metcomtech.com\/wp-content\/uploads\/2025\/04\/BallCharge-9x12.jpg 9w, https:\/\/metcomtech.com\/wp-content\/uploads\/2025\/04\/BallCharge-300x387.jpg 300w, https:\/\/metcomtech.com\/wp-content\/uploads\/2025\/04\/BallCharge-200x258.jpg 200w, https:\/\/metcomtech.com\/wp-content\/uploads\/2025\/04\/BallCharge-rotated.jpg 796w\" sizes=\"auto, (max-width: 233px) 100vw, 233px\" \/><\/figure><div class=\"wp-block-media-text__content\">\n<p>Nos installations de test de la taille des supports comprennent un broyeur d&#039;essai \u00e0 \u00e9chelle pilote \u00e9quip\u00e9 d&#039;instruments de couple, un vaste inventaire de charges de supports gradu\u00e9es pour les pratiques de chargement de tailles mixtes et simples, ainsi que tout l&#039;\u00e9quipement de laboratoire d&#039;assistance et d&#039;analyse n\u00e9cessaire.<\/p>\n\n\n\n<p><\/p>\n\n\n\n<p class=\"has-medium-font-size\"><strong>Pour des questions et plus de d\u00e9tails, veuillez nous contacter\u00a0:<br><\/strong><br><a href=\"mailto:mediasize@metcomtech.com\" data-type=\"mailto\" data-id=\"mailto:mediasize@metcomtech.com\">mediasize@metcomtech.com<\/a><br>t\u00e9l\u00e9phone\u00a0: (218) 212-4350<\/p>\n<\/div><\/div>\n\n\n\n<p><\/p>\n\n\n\n<p><\/p>\n\n\n\n<p><\/p>","protected":false},"excerpt":{"rendered":"<p>Ball mill grinding efficiency is directly influenced by the size distribution of the grinding balls in the mill. Determining the ball size (or sizes) that should be added to a plant ball mill to obtain optimal performance requires consideration of a number of factors including: circuit feed size distribution, target grind size, and ore breakage [&hellip;]<\/p>\n","protected":false},"author":1,"featured_media":0,"parent":0,"menu_order":0,"comment_status":"closed","ping_status":"closed","template":"wp-custom-template-a1-main-template","meta":{"footnotes":""},"class_list":["post-56","page","type-page","status-publish","hentry"],"_links":{"self":[{"href":"https:\/\/metcomtech.com\/fr\/wp-json\/wp\/v2\/pages\/56","targetHints":{"allow":["GET"]}}],"collection":[{"href":"https:\/\/metcomtech.com\/fr\/wp-json\/wp\/v2\/pages"}],"about":[{"href":"https:\/\/metcomtech.com\/fr\/wp-json\/wp\/v2\/types\/page"}],"author":[{"embeddable":true,"href":"https:\/\/metcomtech.com\/fr\/wp-json\/wp\/v2\/users\/1"}],"replies":[{"embeddable":true,"href":"https:\/\/metcomtech.com\/fr\/wp-json\/wp\/v2\/comments?post=56"}],"version-history":[{"count":32,"href":"https:\/\/metcomtech.com\/fr\/wp-json\/wp\/v2\/pages\/56\/revisions"}],"predecessor-version":[{"id":3824,"href":"https:\/\/metcomtech.com\/fr\/wp-json\/wp\/v2\/pages\/56\/revisions\/3824"}],"wp:attachment":[{"href":"https:\/\/metcomtech.com\/fr\/wp-json\/wp\/v2\/media?parent=56"}],"curies":[{"name":"wp","href":"https:\/\/api.w.org\/{rel}","templated":true}]}}