{"id":561,"date":"2021-12-04T02:25:41","date_gmt":"2021-12-04T02:25:41","guid":{"rendered":"https:\/\/moodle.localhost\/wp\/?page_id=561"},"modified":"2024-05-15T04:05:01","modified_gmt":"2024-05-15T04:05:01","slug":"grinding-bulletin-3","status":"publish","type":"page","link":"https:\/\/metcomtech.com\/fr\/grinding-bulletin-3\/","title":{"rendered":"Bulletin de meulage #3"},"content":{"rendered":"<h5 class=\"wp-block-heading\">Pourquoi constatons-nous une augmentation de la puissance de notre broyeur \u00e0 boulets lorsque nous \u00e9teignons l&#039;alimentation<\/h5>\n\n\n\n<p class=\"has-small-font-size\">Cette question nous est souvent pos\u00e9e par les exploitants d&#039;usines. Lors d&#039;un arr\u00eat du circuit de broyage, lorsque l&#039;alimentation est coup\u00e9e et que le broyeur se broie tout seul, une l\u00e9g\u00e8re augmentation (parfois de 2 \u00e0 3%) de la consommation de puissance du moteur est souvent observ\u00e9e. De m\u00eame, au d\u00e9marrage, la puissance chute de mani\u00e8re mesurable lors de la premi\u00e8re mise sous tension de l\u2019alimentation. Ceci est contre-intuitif et suscite parfois des inqui\u00e9tudes quant \u00e0 la fiabilit\u00e9 des instruments \u00e9lectriques.<\/p>\n\n\n\n<p class=\"has-small-font-size\">Il n&#039;y a rien de mal avec les instruments \u00e9lectriques. Pour comprendre cet \u00e9v\u00e9nement courant, consid\u00e9rons que la puissance consomm\u00e9e par le broyeur \u00e0 boulets peut \u00eatre consid\u00e9r\u00e9e en termes du poids total de la charge (W, des boulets plus la roche et l&#039;eau) maintenue en suspension par la coque rotative avec le centre de toute la masse \u00e0 l&#039;int\u00e9rieur du broyeur \u00e0 l&#039;emplacement (M). Voir la figure ci-dessous. La puissance est \u00e9gale \u00e0 la vitesse multipli\u00e9e par le couple, donc avec une vitesse de broyeur fixe, la puissance est directement li\u00e9e au couple. Le couple est \u00e9gal \u00e0 la force multipli\u00e9e par la distance\u00a0; dans ce cas, le poids de la charge est la force (agissant verticalement vers le bas) ; et la distance sur laquelle cette force agit est la distance horizontale (d) du centre de rotation du broyeur au centre de masse situ\u00e9 au point M.<\/p>\n\n\n\n<figure class=\"wp-block-image aligncenter size-full\"><img loading=\"lazy\" decoding=\"async\" width=\"544\" height=\"383\" src=\"https:\/\/metcomtech.com\/wp-content\/uploads\/2021\/12\/TumblingCharge.gif\" alt=\"tumbling charge\" class=\"wp-image-562\"\/><\/figure>\n\n\n\n<p class=\"has-small-font-size\">Maintenant, \u00e9tant donn\u00e9 cette image, supposons que l&#039;usine fonctionne sans alimentation en minerai. La puissance est directement li\u00e9e \u00e0 W x d. Lorsque l&#039;alimentation est activ\u00e9e, W augmente, d\u00e9sormais \u00e9gal au poids des billes plus le minerai (et l&#039;eau) dans le broyeur. Mais la roche gonfle \u00e9galement la charge, rapprochant le centre de la masse enti\u00e8re du centre du broyeur et diminuant ainsi la distance horizontale (d). Le produit du nouveau (plus grand) W par le nouveau (plus petit) d avec l&#039;alimentation est normalement inf\u00e9rieur pour les broyeurs fonctionnant avec des niveaux de charge de billes typiques. La puissance chute donc lorsque l&#039;alimentation d\u00e9marre.<\/p>\n\n\n\n<p class=\"has-small-font-size\">La raison pour laquelle cela ne se produit pas avec les broyeurs semi-autog\u00e8nes (\u00ab SAG \u00bb) est que le changement du poids de la charge domine sur la distance (horizontale) depuis la ligne centrale du broyeur lorsque le broyeur se charge de minerai. Cependant, les m\u00eames principes physiques s&#039;appliquent pour d\u00e9terminer la consommation d&#039;\u00e9nergie de tous les broyeurs rotatifs.<\/p>\n\n\n\n<div class=\"wp-block-buttons is-horizontal is-content-justification-center is-layout-flex wp-container-core-buttons-is-layout-03627597 wp-block-buttons-is-layout-flex\">\n<div class=\"wp-block-button\"><a class=\"wp-block-button__link wp-element-button\" href=\"https:\/\/metcomtech.com\/fr\/#GrindingBulletin\">Voir plus de bulletins de meulage<\/a><\/div>\n<\/div>","protected":false},"excerpt":{"rendered":"<p>Why Do We See an Increase in the Power of Our Ball Mill When We Turn Off the Feed We are often asked this question by Mill Operators. During a grinding circuit shut-down, when the feed is shut off and the mill is grinding itself out, a small (sometimes 2 to 3%) increase in the [&hellip;]<\/p>\n","protected":false},"author":1,"featured_media":0,"parent":0,"menu_order":0,"comment_status":"closed","ping_status":"closed","template":"wp-custom-template-a1-main-template","meta":{"footnotes":""},"class_list":["post-561","page","type-page","status-publish","hentry"],"_links":{"self":[{"href":"https:\/\/metcomtech.com\/fr\/wp-json\/wp\/v2\/pages\/561","targetHints":{"allow":["GET"]}}],"collection":[{"href":"https:\/\/metcomtech.com\/fr\/wp-json\/wp\/v2\/pages"}],"about":[{"href":"https:\/\/metcomtech.com\/fr\/wp-json\/wp\/v2\/types\/page"}],"author":[{"embeddable":true,"href":"https:\/\/metcomtech.com\/fr\/wp-json\/wp\/v2\/users\/1"}],"replies":[{"embeddable":true,"href":"https:\/\/metcomtech.com\/fr\/wp-json\/wp\/v2\/comments?post=561"}],"version-history":[{"count":6,"href":"https:\/\/metcomtech.com\/fr\/wp-json\/wp\/v2\/pages\/561\/revisions"}],"predecessor-version":[{"id":2499,"href":"https:\/\/metcomtech.com\/fr\/wp-json\/wp\/v2\/pages\/561\/revisions\/2499"}],"wp:attachment":[{"href":"https:\/\/metcomtech.com\/fr\/wp-json\/wp\/v2\/media?parent=561"}],"curies":[{"name":"wp","href":"https:\/\/api.w.org\/{rel}","templated":true}]}}