{"id":57,"date":"2021-11-30T23:42:52","date_gmt":"2021-11-30T23:42:52","guid":{"rendered":"https:\/\/moodle.localhost\/wp\/?page_id=57"},"modified":"2026-03-13T16:20:53","modified_gmt":"2026-03-13T16:20:53","slug":"metcom-home","status":"publish","type":"page","link":"https:\/\/metcomtech.com\/fr\/","title":{"rendered":"Metcom-Accueil"},"content":{"rendered":"<div class=\"wp-block-group alignwide is-layout-flow wp-block-group-is-layout-flow\">\n<div class=\"wp-block-columns alignwide are-vertically-aligned-top is-layout-flex wp-container-core-columns-is-layout-2f71e845 wp-block-columns-is-layout-flex\" style=\"padding-right:0;padding-left:0\">\n<div class=\"wp-block-column is-vertically-aligned-top is-layout-flow wp-block-column-is-layout-flow\" style=\"flex-basis:33.34%\">\n<div class=\"wp-block-group is-nowrap is-layout-flex wp-container-core-group-is-layout-6c531013 wp-block-group-is-layout-flex\">\n<h3 class=\"wp-block-heading is-style-default has-text-color has-link-color wp-elements-ababfd6e4cdb5590e73d18f2c2f79321\" id=\"our-expertise\" style=\"color:#317007\"><strong>Qui nous sommes<\/strong><\/h3>\n<\/div>\n\n\n\n<p style=\"padding-top: 0; padding-bottom: 0; font-size: 18px; line-height: 1.5;\">Metcom est le leader mondial de la formation et du transfert de connaissances dans les circuits de broyage de min\u00e9raux. Il est prouv\u00e9 que notre programme complet de formation en ligne apporte des am\u00e9liorations significatives en termes de performances de meulage et une r\u00e9duction des co\u00fbts op\u00e9rationnels.<\/p>\n<\/div>\n\n\n\n<div class=\"wp-block-column is-vertically-aligned-top is-style-default has-text-color has-link-color wp-elements-f910045712708dceca665e43ef46d3a4 is-layout-flow wp-block-column-is-layout-flow\" style=\"color:#317007\">\n<div class=\"wp-block-group is-nowrap is-layout-flex wp-container-core-group-is-layout-6c531013 wp-block-group-is-layout-flex\">\n<h3 class=\"wp-block-heading is-style-default has-text-color has-link-color wp-elements-1c3833e9fe35da3339fa759a8dd9c67f\" id=\"our-expertise\" style=\"color:#317007\"><strong>Notre mission<\/strong><\/h3>\n<\/div>\n\n\n\n<p style=\"font-size: 18px; line-height: 1.5;\"><span style=\"color: #000000;\">La philosophie fondamentale de Metcom est bas\u00e9e sur <strong>autonomisation. <\/strong>Nous fournissons les comp\u00e9tences pratiques requises \u00e0 ceux qui travaillent avec des circuits de broyage de min\u00e9raux afin qu&#039;ils puissent obtenir des performances de classe mondiale dans leurs op\u00e9rations.<\/span><\/p>\n<\/div>\n\n\n\n<div class=\"wp-block-column is-vertically-aligned-top is-layout-flow wp-block-column-is-layout-flow\" style=\"flex-basis:33.33%\">\n<h3 class=\"wp-block-heading is-style-default has-text-color has-link-color wp-elements-22fd237312f27a5d9a5445fda06f0c48\" id=\"our-expertise\" style=\"color:#317007\"><strong>Notre expertise<\/strong><\/h3>\n\n\n\n<p style=\"font-size: 18px; line-height: 1.5;\">Couvre tous les aspects de l\u2019am\u00e9lioration des performances de traitement des circuits de broyage et de classification des usines. Notre approche syst\u00e9matique comprend <strong>Analyse des performances fonctionnelles <\/strong>de broyage \u00e0 boulets. Cette technologie r\u00e9volutionnaire d\u00e9velopp\u00e9e par Metcom a \u00e9t\u00e9 mise en \u0153uvre dans de nombreuses op\u00e9rations \u00e0 travers la plan\u00e8te.<\/p>\n<\/div>\n<\/div>\n<\/div>\n\n\n\n<hr class=\"wp-block-separator alignfull has-alpha-channel-opacity is-style-wide\" style=\"margin-top:20px;margin-bottom:20px\"\/>\n\n\n\n<div class=\"wp-block-columns alignwide is-layout-flex wp-container-core-columns-is-layout-658170e2 wp-block-columns-is-layout-flex\">\n<div class=\"wp-block-column is-layout-flow wp-block-column-is-layout-flow\">\n<figure class=\"wp-block-image aligncenter size-full is-resized has-custom-border is-style-rounded is-style-rounded--1\"><a href=\"https:\/\/metcomtech.com\/fr\/metcom-honor-roll\/\"><img loading=\"lazy\" decoding=\"async\" width=\"600\" height=\"167\" src=\"https:\/\/metcomtech.com\/wp-content\/uploads\/2022\/09\/HonorRoll-WebBanner.jpg\" alt=\"\" class=\"has-border-color wp-image-1587\" style=\"border-color:#037d11;border-width:4px;border-radius:36px;width:296px;height:auto\" srcset=\"https:\/\/metcomtech.com\/wp-content\/uploads\/2022\/09\/HonorRoll-WebBanner.jpg 600w, https:\/\/metcomtech.com\/wp-content\/uploads\/2022\/09\/HonorRoll-WebBanner-300x84.jpg 300w, https:\/\/metcomtech.com\/wp-content\/uploads\/2022\/09\/HonorRoll-WebBanner-200x56.jpg 200w\" sizes=\"auto, (max-width: 600px) 100vw, 600px\" \/><\/a><\/figure>\n\n\n\n<div style=\"height:32px\" aria-hidden=\"true\" class=\"wp-block-spacer\"><\/div>\n\n\n\n<p class=\"has-text-align-center\" style=\"font-size:clamp(14px, 0.875rem + ((1vw - 3.2px) * 0.078), 15px);\"><a href=\"https:\/\/metcomtech.com\/fr\/the-functional-performance-of-ball-milling\/\" data-type=\"page\" data-id=\"311\"><img loading=\"lazy\" decoding=\"async\" width=\"300\" height=\"226\" class=\"wp-image-253\" style=\"width: 300px;\" src=\"https:\/\/metcomtech.com\/wp-content\/uploads\/2021\/12\/FPCapture-1.jpg\" alt=\"\" srcset=\"https:\/\/metcomtech.com\/wp-content\/uploads\/2021\/12\/FPCapture-1.jpg 800w, https:\/\/metcomtech.com\/wp-content\/uploads\/2021\/12\/FPCapture-1-300x226.jpg 300w, https:\/\/metcomtech.com\/wp-content\/uploads\/2021\/12\/FPCapture-1-200x151.jpg 200w\" sizes=\"auto, (max-width: 300px) 100vw, 300px\" \/><\/a><br>Regardez une vid\u00e9o de pr\u00e9sentation sur le <br>Performance fonctionnelle du broyeur \u00e0 boulets<\/p>\n<\/div>\n\n\n\n<div class=\"wp-block-column is-layout-flow wp-block-column-is-layout-flow\">\n<div class=\"wp-block-columns is-layout-flex wp-container-core-columns-is-layout-28f84493 wp-block-columns-is-layout-flex\">\n<div class=\"wp-block-column is-vertically-aligned-top is-layout-flow wp-block-column-is-layout-flow\" style=\"flex-basis:100%\"><\/div>\n<\/div>\n\n\n\n<h5 class=\"wp-block-heading has-contrast-color has-text-color has-background has-link-color wp-elements-9a7630dc26dd5439476174f1abf1c07a\" style=\"background-color:#f85726\"><strong>Besoin d\u2019aide pour \u00e9tablir une analyse de rentabilisation pour investir dans la formation Metcom ?<\/strong><\/h5>\n\n\n\n<p>Nous savons qu\u2019obtenir l\u2019approbation d\u2019une formation peut parfois s\u2019av\u00e9rer difficile. Pour vous aider \u00e0 pr\u00e9senter une analyse de rentabilisation convaincante \u00e0 votre responsable, nous avons pr\u00e9par\u00e9 un mod\u00e8le.<\/p>\n\n\n\n<p>Cette analyse de rentabilisation montre comment votre employeur obtiendra un retour sur investissement significatif en parrainant votre formation.<\/p>\n\n\n\n<p><br>T\u00e9l\u00e9chargez simplement le mod\u00e8le de document, remplissez les espaces vides et envoyez-le par courrier \u00e9lectronique \u00e0 votre responsable.<br><\/p>\n\n\n\n<div class=\"wp-block-buttons is-content-justification-center is-layout-flex wp-container-core-buttons-is-layout-a89b3969 wp-block-buttons-is-layout-flex\">\n<div class=\"wp-block-button\"><a class=\"wp-block-button__link wp-element-button\" href=\"https:\/\/metcomtech.com\/wp-content\/uploads\/2024\/07\/Formation-Metcom-analyse-de-rentabilisation.docx\">T\u00e9l\u00e9charger la lettre de rentabilisation<\/a><\/div>\n<\/div>\n<\/div>\n\n\n\n<div class=\"wp-block-column is-vertically-aligned-top is-layout-flow wp-block-column-is-layout-flow\">\n<div class=\"wp-block-group is-nowrap is-layout-flex wp-container-core-group-is-layout-6c531013 wp-block-group-is-layout-flex\">\n<div style=\"height:100px;width:16px\" aria-hidden=\"true\" class=\"wp-block-spacer wp-container-content-f9bd05ee\"><\/div>\n\n\n\n<figure class=\"wp-block-image alignleft size-full is-resized\"><img loading=\"lazy\" decoding=\"async\" width=\"227\" height=\"230\" src=\"https:\/\/metcomtech.com\/wp-content\/uploads\/2024\/03\/EIC-Trans.png\" alt=\"\" class=\"wp-image-2048\" style=\"width:108px;height:auto\" srcset=\"https:\/\/metcomtech.com\/wp-content\/uploads\/2024\/03\/EIC-Trans.png 227w, https:\/\/metcomtech.com\/wp-content\/uploads\/2024\/03\/EIC-Trans-100x100.png 100w, https:\/\/metcomtech.com\/wp-content\/uploads\/2024\/03\/EIC-Trans-200x203.png 200w\" sizes=\"auto, (max-width: 227px) 100vw, 227px\" \/><\/figure>\n\n\n\n<p style=\"padding-top:0;padding-right:0;padding-bottom:0;padding-left:0;font-size:0.7rem\">*Institut canadien des ing\u00e9nieurs<br>Formation certifi\u00e9e<\/p>\n<\/div>\n\n\n\n<p class=\"has-small-font-size\" style=\"line-height:1.5\">*<em>Le programme de formation sp\u00e9cialis\u00e9e de Metcom est certifi\u00e9 par l&#039;EIC et est disponible EN LIGNE\u00a0! Il comprend toutes les \u00e9tapes du syst\u00e8me de gestion du processus de broyage Metcom.<\/em><\/p>\n\n\n\n<div style=\"height:22px\" aria-hidden=\"true\" class=\"wp-block-spacer\"><\/div>\n\n\n\n<p><\/p>\n\n\n\n<h5 class=\"wp-block-heading has-text-align-center\"><a href=\"https:\/\/metcomtech.com\/fr\/order\/order-training\/\" data-type=\"page\" data-id=\"1069\">D\u00e9mystifiez le processus de broyage\u00a0!<\/a><\/h5>\n\n\n\n<p class=\"has-text-align-center has-contrast-color has-text-color has-link-color wp-elements-938b881448c3013e656b4bff622c4e6a\" style=\"padding-top:0;padding-bottom:0;line-height:1.3\"><strong>Rejoignez plus d&#039;un millier de m\u00e9tallurgistes qui am\u00e9liorent les performances du circuit de meulage gr\u00e2ce au syst\u00e8me Metcom<\/strong><\/p>\n\n\n\n<div style=\"height:15px\" aria-hidden=\"true\" class=\"wp-block-spacer\"><\/div>\n\n\n\n<p class=\"has-text-align-center\" style=\"font-size:clamp(14px, 0.875rem + ((1vw - 3.2px) * 0.313), 18px);\"><a href=\"https:\/\/www.linkedin.com\/company\/metcom-technologies-inc-\/\"><img loading=\"lazy\" decoding=\"async\" width=\"80\" height=\"80\" class=\"wp-image-1964\" style=\"width: 80px;\" src=\"https:\/\/metcomtech.com\/wp-content\/uploads\/2024\/03\/317750_linkedin_icon.png\" alt=\"\" srcset=\"https:\/\/metcomtech.com\/wp-content\/uploads\/2024\/03\/317750_linkedin_icon.png 128w, https:\/\/metcomtech.com\/wp-content\/uploads\/2024\/03\/317750_linkedin_icon-100x100.png 100w\" sizes=\"auto, (max-width: 80px) 100vw, 80px\" \/><\/a><br>Suivez-nous sur LinkedIn<\/p>\n<\/div>\n<\/div>\n\n\n\n<div style=\"height:9px\" aria-hidden=\"true\" class=\"wp-block-spacer\"><\/div>\n\n\n\n<hr class=\"wp-block-separator alignfull has-alpha-channel-opacity is-style-wide\" style=\"margin-top:20px;margin-bottom:20px\"\/>\n\n\n\n<div class=\"wp-block-columns alignwide are-vertically-aligned-top is-layout-flex wp-container-core-columns-is-layout-2f71e845 wp-block-columns-is-layout-flex\" style=\"padding-right:0;padding-left:0\">\n<div class=\"wp-block-column is-vertically-aligned-top is-layout-flow wp-block-column-is-layout-flow\" style=\"flex-basis:50%\">\n<div class=\"wp-block-columns is-layout-flex wp-container-core-columns-is-layout-28f84493 wp-block-columns-is-layout-flex\">\n<div class=\"wp-block-column is-vertically-aligned-top is-layout-flow wp-block-column-is-layout-flow\" style=\"flex-basis:100%\">\n<div style=\"height:0px\" aria-hidden=\"true\" class=\"wp-block-spacer\"><\/div>\n\n\n\n<p class=\"has-text-align-center has-accent-3-color has-text-color has-link-color wp-elements-36989877934f492905e0ab105bb52c5a\"><strong>Articles d\u2019actualit\u00e9 Metcom<\/strong><\/p>\n\n\n\n<div class=\"wp-block-group has-border-color has-accent-3-border-color has-background has-global-padding is-layout-constrained wp-container-core-group-is-layout-4c4f83ee wp-block-group-is-layout-constrained\" style=\"border-width:5px;border-radius:14px;background-color:#f2f2f287;padding-right:var(--wp--preset--spacing--10);padding-left:var(--wp--preset--spacing--10)\">\n<div style=\"height:15px\" aria-hidden=\"true\" class=\"wp-block-spacer\"><\/div>\n\n\n\n<div class=\"wp-block-columns is-layout-flex wp-container-core-columns-is-layout-a9314bed wp-block-columns-is-layout-flex\" style=\"margin-top:0;margin-bottom:0;padding-top:0;padding-bottom:0\">\n<div class=\"wp-block-column is-layout-flow wp-block-column-is-layout-flow\" style=\"flex-basis:100%\"><ul style=\"font-size:clamp(0.875rem, 0.875rem + ((1vw - 0.2rem) * 0.531), 1.3rem);line-height:1.4; padding-top:0;padding-bottom:0;margin-top:0;margin-bottom:0;\" class=\"wp-block-latest-posts__list has-dates has-link-color wp-elements-27da50660b0ae05a59e96e23391315c5 wp-block-latest-posts\"><li><a class=\"wp-block-latest-posts__post-title\" href=\"https:\/\/metcomtech.com\/fr\/mcivor-receives-the-2026-robert-h-richards-award\/\">McIvor Receives the 2026 Robert H. Richards Award<\/a><time datetime=\"2026-03-12T20:12:28+00:00\" class=\"wp-block-latest-posts__post-date\">mars 12, 2026<\/time><\/li>\n<li><a class=\"wp-block-latest-posts__post-title\" href=\"https:\/\/metcomtech.com\/fr\/how-a-simple-equation-delivers-breakthrough-understanding-of-grinding-circuits\/\">How a simple equation delivers breakthrough understanding of grinding circuits<\/a><time datetime=\"2026-03-11T18:43:24+00:00\" class=\"wp-block-latest-posts__post-date\">mars 11, 2026<\/time><\/li>\n<li><a class=\"wp-block-latest-posts__post-title\" href=\"https:\/\/metcomtech.com\/fr\/jkmrc-friday-seminar-2025-how-functional-performance-equation-for-milling-circuits-is-a-gamechanger\/\">Comment l&#039;\u00e9quation de performance fonctionnelle des circuits de fraisage change la donne<\/a><time datetime=\"2025-11-14T15:25:56+00:00\" class=\"wp-block-latest-posts__post-date\">14 novembre 2025<\/time><\/li>\n<li><a class=\"wp-block-latest-posts__post-title\" href=\"https:\/\/metcomtech.com\/fr\/process-performance-considerations-of-as-sag-milling-circuits\/\">Consid\u00e9rations sur les performances des processus des circuits de broyage AG\/SAG<\/a><time datetime=\"2024-11-21T18:56:00+00:00\" class=\"wp-block-latest-posts__post-date\">21 novembre 2024<\/time><\/li>\n<li><a class=\"wp-block-latest-posts__post-title\" href=\"https:\/\/metcomtech.com\/fr\/news\/\">L&#039;\u00e9tude de Metcom sur la r\u00e9tention des particules grossi\u00e8res dans les broyeurs \u00e0 boulets pr\u00e9sent\u00e9e dans Engineering &amp; Mining Journal (E&amp;MJ)<\/a><time datetime=\"2021-11-30T22:18:02+00:00\" class=\"wp-block-latest-posts__post-date\">30 novembre 2021<\/time><\/li>\n<\/ul><\/div>\n<\/div>\n<\/div>\n<\/div>\n<\/div>\n<\/div>\n\n\n\n<div class=\"wp-block-column is-vertically-aligned-top is-layout-flow wp-block-column-is-layout-flow\" style=\"flex-basis:50%\">\n<h3 class=\"wp-block-heading has-text-align-center has-medium-font-size\" id=\"our-expertise\" style=\"line-height:1.7;text-decoration:underline\"><strong>Le bulletin de meulage Metcom<\/strong><\/h3>\n\n\n\n<div class=\"wp-block-columns is-layout-flex wp-container-core-columns-is-layout-28f84493 wp-block-columns-is-layout-flex\">\n<div class=\"wp-block-column has-background is-layout-flow wp-container-core-column-is-layout-14a0a060 wp-block-column-is-layout-flow\" style=\"border-width:1px;background-color:#ebebeb;padding-top:var(--wp--preset--spacing--10);padding-right:var(--wp--preset--spacing--10);padding-bottom:var(--wp--preset--spacing--10);padding-left:var(--wp--preset--spacing--10);box-shadow:var(--wp--preset--shadow--natural)\" id=\"GrindingBulletin\">\n<p class=\"has-contrast-color has-text-color has-link-color wp-elements-61159562346e2ac8a658338b3905e00e\" style=\"font-size:clamp(0.875rem, 0.875rem + ((1vw - 0.2rem) * 0.156), 1rem);\"><a href=\"https:\/\/metcomtech.com\/fr\/grindingbulletin1\/\" data-type=\"page\" data-id=\"322\">1. D\u00e9terminez rapidement et pr\u00e9cis\u00e9ment votre \u00ab\u00a0rapport de charge circulante\u00a0\u00bb<\/a><\/p>\n\n\n\n<p class=\"has-contrast-color has-text-color has-link-color wp-elements-a8f2dbcd679f4e6d389fab92ef79e74f\" style=\"font-size:clamp(0.875rem, 0.875rem + ((1vw - 0.2rem) * 0.156), 1rem);\"><a href=\"https:\/\/metcomtech.com\/fr\/grindingbulletin2\/\" data-type=\"page\" data-id=\"539\">2. D\u00e9terminez rapidement votre finesse de mouture<\/a><\/p>\n\n\n\n<p class=\"has-contrast-color has-text-color has-link-color wp-elements-966d86a2a7674ed66480b3a0a115f0ac\" style=\"font-size:clamp(0.875rem, 0.875rem + ((1vw - 0.2rem) * 0.156), 1rem);\"><a href=\"https:\/\/metcomtech.com\/fr\/grinding-bulletin-3\/\" data-type=\"page\" data-id=\"561\">3. Pourquoi constatons-nous une augmentation de la consommation \u00e9lectrique du broyeur \u00e0 boulets lorsque nous \u00e9teignons l&#039;alimentation\u00a0?<\/a><\/p>\n\n\n\n<p class=\"has-contrast-color has-text-color has-link-color wp-elements-61df33bc6424f7789e2fe7f6a4f7e870\" style=\"font-size:clamp(0.875rem, 0.875rem + ((1vw - 0.2rem) * 0.156), 1rem);\"><a href=\"https:\/\/metcomtech.com\/fr\/grinding-bulletin-4\/\" data-type=\"page\" data-id=\"579\">4. Pourquoi avons-nous besoin d&#039;une charge de recirculation aussi \u00e9lev\u00e9e dans notre broyeur \u00e0 boulets ?<\/a><\/p>\n\n\n\n<p class=\"has-contrast-color has-text-color has-link-color wp-elements-187399dd65fbd01a022decb2d56b3a3d\" style=\"font-size:clamp(0.875rem, 0.875rem + ((1vw - 0.2rem) * 0.156), 1rem);\"><a href=\"https:\/\/metcomtech.com\/fr\/grindng-bulletin-5\/\" data-type=\"page\" data-id=\"574\">5. Qu&#039;est-ce que \u00ab Work Index \u00bb exactement et comment puis-je l&#039;utiliser ?<\/a><\/p>\n\n\n\n<p class=\"has-contrast-color has-text-color has-link-color wp-elements-efd6f57d94da0c1258e1f98740087ec7\" style=\"font-size:clamp(0.875rem, 0.875rem + ((1vw - 0.2rem) * 0.156), 1rem);\"><a href=\"https:\/\/metcomtech.com\/fr\/grinding-bulletin-6\/\" data-type=\"page\" data-id=\"589\">6. Calculez \u00ab l&#039;efficacit\u00e9 de l&#039;indice de travail \u00bb de votre circuit de meulage<\/a><\/p>\n\n\n\n<p class=\"has-contrast-color has-text-color has-link-color wp-elements-70847edcd3218d6a05ae99aaa8c0e58b\" style=\"font-size:clamp(0.875rem, 0.875rem + ((1vw - 0.2rem) * 0.156), 1rem);\"><a href=\"https:\/\/metcomtech.com\/fr\/grinding-bulletin-7\/\" data-type=\"page\" data-id=\"594\">7. Comment pouvons-nous r\u00e9duire les co\u00fbts d\u2019exploitation avec peu ou pas de capital ?<\/a><\/p>\n\n\n\n<p class=\"has-contrast-color has-text-color has-link-color wp-elements-a440a2cacbc2add9af44f1daf592c372\" style=\"font-size:clamp(0.875rem, 0.875rem + ((1vw - 0.2rem) * 0.156), 1rem);\"><a href=\"https:\/\/metcomtech.com\/fr\/grinding-bulletin-8\/\" data-type=\"page\" data-id=\"600\">8. Comment l&#039;utilisation de l&#039;eau du cyclone peut \u00eatre utilis\u00e9e pour augmenter l&#039;efficacit\u00e9 du circuit du broyeur \u00e0 boulets<\/a><\/p>\n<\/div>\n<\/div>\n<\/div>\n<\/div>\n\n\n\n<hr class=\"wp-block-separator alignfull has-alpha-channel-opacity is-style-wide\" style=\"margin-top:20px;margin-bottom:20px\"\/>","protected":false},"excerpt":{"rendered":"<p>Who we are Metcom is the world leader in training and knowledge transfer in mineral grinding circuits. Our comprehensive online training program is proven to deliver significant improvements in grinding performance and reduced operational costs. Our mission Metcom&#8217;s core philosophy is based on empowerment. We deliver the required hands-on skills to those working with mineral [&hellip;]<\/p>\n","protected":false},"author":1,"featured_media":182,"parent":0,"menu_order":0,"comment_status":"closed","ping_status":"closed","template":"page-wide","meta":{"footnotes":""},"class_list":["post-57","page","type-page","status-publish","has-post-thumbnail","hentry"],"_links":{"self":[{"href":"https:\/\/metcomtech.com\/fr\/wp-json\/wp\/v2\/pages\/57","targetHints":{"allow":["GET"]}}],"collection":[{"href":"https:\/\/metcomtech.com\/fr\/wp-json\/wp\/v2\/pages"}],"about":[{"href":"https:\/\/metcomtech.com\/fr\/wp-json\/wp\/v2\/types\/page"}],"author":[{"embeddable":true,"href":"https:\/\/metcomtech.com\/fr\/wp-json\/wp\/v2\/users\/1"}],"replies":[{"embeddable":true,"href":"https:\/\/metcomtech.com\/fr\/wp-json\/wp\/v2\/comments?post=57"}],"version-history":[{"count":330,"href":"https:\/\/metcomtech.com\/fr\/wp-json\/wp\/v2\/pages\/57\/revisions"}],"predecessor-version":[{"id":3813,"href":"https:\/\/metcomtech.com\/fr\/wp-json\/wp\/v2\/pages\/57\/revisions\/3813"}],"wp:featuredmedia":[{"embeddable":true,"href":"https:\/\/metcomtech.com\/fr\/wp-json\/wp\/v2\/media\/182"}],"wp:attachment":[{"href":"https:\/\/metcomtech.com\/fr\/wp-json\/wp\/v2\/media?parent=57"}],"curies":[{"name":"wp","href":"https:\/\/api.w.org\/{rel}","templated":true}]}}