{"id":589,"date":"2021-12-06T19:36:07","date_gmt":"2021-12-06T19:36:07","guid":{"rendered":"https:\/\/moodle.localhost\/wp\/?page_id=589"},"modified":"2024-05-15T04:05:02","modified_gmt":"2024-05-15T04:05:02","slug":"grinding-bulletin-6","status":"publish","type":"page","link":"https:\/\/metcomtech.com\/fr\/grinding-bulletin-6\/","title":{"rendered":"Bulletin de meulage #6"},"content":{"rendered":"<h2 class=\"wp-block-heading\">Calculez \u00abl&#039;efficacit\u00e9 de l&#039;indice de travail\u00bb de votre circuit de meulage<\/h2>\n\n\n\n<p>Historiquement (avant Bond), afin de pouvoir dimensionner les broyeurs \u00e0 boulets pour de nouveaux projets, Allis-Chalmers effectuait des tests standard de broyabilit\u00e9 en laboratoire sur des \u00e9chantillons de minerai provenant de nombreux circuits d&#039;usine. Les \u00ab grammes par tour \u00bb broy\u00e9s \u00e0 travers une taille de tamis donn\u00e9e (par exemple 75 um) mesur\u00e9s sur le minerai ont \u00e9t\u00e9 corr\u00e9l\u00e9s au kWh par tonne nette de mat\u00e9riau de taille de produit similaire produit par le circuit de l&#039;usine. Pour un nouveau projet, un \u00e9chantillon du nouveau minerai a \u00e9t\u00e9 soumis au m\u00eame test de broyabilit\u00e9. Ensuite, par comparaison avec leur base de donn\u00e9es de tests, le kWh par tonne requis pour la nouvelle usine a pu \u00eatre estim\u00e9, et avec le tonnage de conception, la taille n\u00e9cessaire de l&#039;usine a pu \u00eatre d\u00e9termin\u00e9e.<\/p>\n\n\n\n<p>Arm\u00e9 de sa nouvelle \u00e9quation \u00ab Indice de travail \u00bb, Bond a converti \u00e0 la fois les donn\u00e9es des tests de broyabilit\u00e9 et les donn\u00e9es d&#039;usine correspondantes en valeurs \u00ab Indice de travail \u00bb. En traitant de la dispersion des donn\u00e9es, il a d\u00e9couvert qu\u2019elles pouvaient \u00eatre math\u00e9matiquement corr\u00e9l\u00e9es. Ensuite, en appliquant un facteur \u00ab d&#039;augmentation \u00bb \u00e0 l&#039;indice de travail en laboratoire, il l&#039;a rendu, en moyenne, \u00e9gal \u00e0 l&#039;indice de travail en fonctionnement. Le test en laboratoire a \u00e9t\u00e9 rebaptis\u00e9 \u00ab Bond Work Index Test \u00bb, d\u00e9sormais familier, et la nouvelle m\u00e9thode de dimensionnement du broyeur a \u00e9t\u00e9 largement adopt\u00e9e.<\/p>\n\n\n\n<p>\u00c9tant donn\u00e9 que le nouveau \u00ab\u00a0Indice de travail de test de liaison\u00a0\u00bb prescrivait l&#039;indice de travail de fonctionnement du circuit attendu, la comparaison des deux a donn\u00e9 une valeur relative d&#039;efficacit\u00e9 du circuit. Pour la conception, l&#039;indice de travail de test (Wlt) est \u00e9gal \u00e0 l&#039;indice de travail d&#039;exploitation (WIo), le tout li\u00e9 \u00e0 l&#039;efficacit\u00e9 \u00e9nerg\u00e9tique moyenne des circuits de la base de donn\u00e9es. Pour un circuit donn\u00e9, lorsque Wlo &lt; Wlt, le circuit est plus efficace que cette moyenne, et lorsque Wlo &gt; Wlt, moins efficace. Le rapport entre eux exprime ainsi quantitativement \u00ab l\u2019efficacit\u00e9 relative de l\u2019indice de travail de liaison du circuit \u00bb.<\/p>\n\n\n\n<p>Nous vous avons montr\u00e9 comment calculer l&#039;indice de travail en fonctionnement de votre circuit de meulage dans le Bulletin de meulage n\u00b0 5 : \u00ab Qu&#039;est-ce que l&#039;\u00ab indice de travail \u00bb exactement et comment puis-je l&#039;utiliser ? Dans cet exemple de base, l&#039;indice de travail d&#039;exploitation a \u00e9t\u00e9 calcul\u00e9 \u00e0 14,4 kWh\/t. L&#039;indice de travail d&#039;essai du broyeur \u00e0 boulets Bond du minerai a \u00e9t\u00e9 mesur\u00e9 \u00e0 15,8 kWh\/t. Ensuite, en prenant l&#039;efficacit\u00e9 de l&#039;indice de travail comme rapport Test WI \/ Operating WI, il est \u00e9gal \u00e0 15,8 \/ 14,4 = 1,10, soit 110%. Ce circuit est environ 10% plus efficace que le circuit moyen sur lequel est bas\u00e9e la m\u00e9thode de conception Bond. Alternativement, prenez le rapport 14,4 \/ 15,8 = 0,91. Le circuit utilise environ 91% de l&#039;\u00e9nergie de liaison prescrite.<\/p>\n\n\n\n<p>En calculant l&#039;efficacit\u00e9 de l&#039;indice de travail de votre circuit, vous pouvez la comparer \u00e0 la moyenne des obligations de 100%. Gr\u00e2ce \u00e0 l\u2019\u00e9tonnante standardisation de la r\u00e9duction de taille qu\u2019offre le concept \u00ab Work Index \u00bb, vous pouvez \u00e9galement la comparer \u00e0 l\u2019efficacit\u00e9 d\u2019autres circuits, \u00e0 la fois similaires et diff\u00e9rents. Et vous pouvez surveiller les augmentations d\u2019efficacit\u00e9 \u00e0 mesure que vous travaillez sur un programme d\u2019am\u00e9lioration de l\u2019efficacit\u00e9 du circuit de meulage.<\/p>\n\n\n\n<p><strong>Les r\u00e9f\u00e9rences:<\/strong><\/p>\n\n\n\n<p><em>&quot;D\u00e9termination de la taille du broyeur \u00e0 boulets \u00e0 partir des donn\u00e9es de broyabilit\u00e9&quot;, SD Michaelson, AIME Trans. V. 169, 1946, pp. 123-128. &quot;Utilisation du Bond Work Index pour mesurer l&#039;efficacit\u00e9 de la comminution op\u00e9rationnelle&quot;, CA Rowland, Jr., Minerals and Metallurgical Processing, V. 15, n\u00b0 4, novembre 1998, pp. 32-36.<\/em><\/p>\n\n\n\n<div class=\"wp-block-buttons is-horizontal is-content-justification-center is-layout-flex wp-container-core-buttons-is-layout-03627597 wp-block-buttons-is-layout-flex\">\n<div class=\"wp-block-button\"><a class=\"wp-block-button__link wp-element-button\" href=\"https:\/\/metcomtech.com\/fr\/#GrindingBulletin\">Voir plus de bulletins de meulage<\/a><\/div>\n<\/div>\n\n\n\n<p><\/p>","protected":false},"excerpt":{"rendered":"<p>Calculate the &#8216;Work Index Efficiency&#8217; of Your Grinding Circuit Historically (before Bond), in order to be able to size ball mills for new projects, Allis-Chalmers ran standard laboratory grindability tests on samples of the ore from numerous plant circuits. The &#8216;grams per revolution&#8217; ground through a given screen size (e.g. 75 um) measured on the [&hellip;]<\/p>\n","protected":false},"author":1,"featured_media":0,"parent":0,"menu_order":0,"comment_status":"closed","ping_status":"closed","template":"wp-custom-template-a1-main-template","meta":{"footnotes":""},"class_list":["post-589","page","type-page","status-publish","hentry"],"_links":{"self":[{"href":"https:\/\/metcomtech.com\/fr\/wp-json\/wp\/v2\/pages\/589","targetHints":{"allow":["GET"]}}],"collection":[{"href":"https:\/\/metcomtech.com\/fr\/wp-json\/wp\/v2\/pages"}],"about":[{"href":"https:\/\/metcomtech.com\/fr\/wp-json\/wp\/v2\/types\/page"}],"author":[{"embeddable":true,"href":"https:\/\/metcomtech.com\/fr\/wp-json\/wp\/v2\/users\/1"}],"replies":[{"embeddable":true,"href":"https:\/\/metcomtech.com\/fr\/wp-json\/wp\/v2\/comments?post=589"}],"version-history":[{"count":5,"href":"https:\/\/metcomtech.com\/fr\/wp-json\/wp\/v2\/pages\/589\/revisions"}],"predecessor-version":[{"id":1408,"href":"https:\/\/metcomtech.com\/fr\/wp-json\/wp\/v2\/pages\/589\/revisions\/1408"}],"wp:attachment":[{"href":"https:\/\/metcomtech.com\/fr\/wp-json\/wp\/v2\/media?parent=589"}],"curies":[{"name":"wp","href":"https:\/\/api.w.org\/{rel}","templated":true}]}}