{"id":594,"date":"2021-12-06T19:37:25","date_gmt":"2021-12-06T19:37:25","guid":{"rendered":"https:\/\/moodle.localhost\/wp\/?page_id=594"},"modified":"2024-05-15T04:15:43","modified_gmt":"2024-05-15T04:15:43","slug":"grinding-bulletin-7","status":"publish","type":"page","link":"https:\/\/metcomtech.com\/fr\/grinding-bulletin-7\/","title":{"rendered":"Bulletin de meulage #7"},"content":{"rendered":"<h2 class=\"wp-block-heading\">Comment pouvons-nous r\u00e9duire les co\u00fbts d\u2019exploitation avec peu ou pas de capital ?<\/h2>\n\n\n\n<p>Des d\u00e9cennies de tests d&#039;usine avec les op\u00e9rateurs ont permis \u00e0 Metcom d&#039;identifier un certain nombre d&#039;opportunit\u00e9s communes \u00e0 la plupart des circuits de broyage \u00e0 boulets. Consultez la liste de questions suivante pour voir comment votre exploitation pourrait rapidement b\u00e9n\u00e9ficier d&#039;une ou plusieurs m\u00e9thodes peu co\u00fbteuses, voire gratuites, pour augmenter l&#039;efficacit\u00e9 du circuit de broyage et r\u00e9duire les co\u00fbts nets de production des concentr\u00e9s.<\/p>\n\n\n\n<ul class=\"wp-block-list\"><li><em>Les sommets des cyclones sont-ils dimensionn\u00e9s et entretenus pour maximiser le pourcentage de solides sous-vers\u00e9s\u00a0?<\/em>&nbsp;Le pourcentage de solides sous-verse peut g\u00e9n\u00e9ralement \u00eatre maintenu pr\u00e8s de 55% en volume sans empi\u00e9ter sur le cordage. Toute eau pr\u00e9sente dans ce flux ram\u00e8ne les fines vers le broyeur, ce qui gaspille la puissance de broyage du broyeur et entra\u00eene un broyage excessif.<\/li><\/ul>\n\n\n\n<ul class=\"wp-block-list\"><li><em>L\u2019ajout d\u2019eau du broyeur \u00e0 boulets est-il minimis\u00e9\u00a0?&nbsp;<\/em>Presque tous les broyeurs \u00e0 boulets front-end d&#039;usine broient le plus efficacement sans ajouter d&#039;eau au sous-verse du cyclone qui l&#039;alimente.<br>&nbsp;<\/li><li><em>Utilisons-nous la ou les meilleures tailles de billes de broyage\u00a0?&nbsp;<\/em>Les supports de broyage sont souvent surdimensionn\u00e9s (par souci de prudence) pour les nouvelles op\u00e9rations. L\u2019examen de la taille de la balle et la facturation fr\u00e9quente d\u2019un m\u00e9lange de tailles peuvent entra\u00eener des avantages significatifs. Metcom fournit un outil de diagnostic simple pour identifier les opportunit\u00e9s de dimensionnement des supports et piloter des tests de moulins \u00e0 couple pour l&#039;optimisation des tailles de supports. L&#039;am\u00e9lioration du dimensionnement des m\u00e9dias est une voie vers une efficacit\u00e9 de broyage plus \u00e9lev\u00e9e du broyeur \u00e0 boulets qui ne n\u00e9cessite aucun investissement en capital.&nbsp; &nbsp;&nbsp;<\/li><\/ul>\n\n\n\n<p>Les questions suivantes concernent la configuration des pompes et des cyclones, en particulier dans quelle mesure parviennent-ils \u00e0 maximiser l&#039;utilisation de l&#039;\u00e9nergie du broyeur sur des mat\u00e9riaux de grosseur grossi\u00e8re (par rapport \u00e0 une taille d\u00e9j\u00e0 finie)\u00a0? Veuillez voir notre vid\u00e9o sur \u00ab<a href=\"https:\/\/www.localhost\/cse1.php\">Efficacit\u00e9 du syst\u00e8me de classification \u00bb (ou \u00ab CSE \u00bb).<\/a><\/p>\n\n\n\n<ul class=\"wp-block-list\"><li><em>Notre rapport de charge en circulation est-il d&#039;au moins 350%, ou plus\u00a0?&nbsp;<\/em>Voir<a href=\"https:\/\/moodle.localhost\/wp\/2021\/12\/02\/grindingbulletin1\/\" data-type=\"post\" data-id=\"322\">&nbsp;Bulletin de meulage n\u00b01&nbsp;<\/a>sur la fa\u00e7on de d\u00e9terminer facilement votre taux de charge circulante.<\/li><\/ul>\n\n\n\n<ul class=\"wp-block-list\"><li><em>Le taux d&#039;ajout d&#039;eau d&#039;alimentation du cyclone est-il maximis\u00e9 (en fonction de la contrainte de pourcentage de solides le plus bas du traitement en aval)\u00a0?<br>&nbsp;<\/em><\/li><li><em>Op\u00e9rons-nous le nombre maximum de cyclones ?<br>&nbsp;<\/em><\/li><li><em>La vitesse de la pompe d\u2019alimentation du cyclone et la capacit\u00e9 du moteur sont-elles pleinement utilis\u00e9es\u00a0?<\/em><\/li><\/ul>\n\n\n\n<p>Des ajustements mineurs \u00e0 l&#039;\u00e9quipement existant (par exemple, la vitesse de la pompe ou les dimensions de l&#039;orifice du cyclone) peuvent parfois donner lieu \u00e0 des am\u00e9liorations significatives du \u00ab CSE \u00bb. Vous pouvez comparer la valeur CSE de votre propre usine \u00e0 ce qu&#039;elle devrait r\u00e9aliser en utilisant<a href=\"https:\/\/www.localhost\/cse\/CSE-MiningEngineeringMag.pdf\" target=\"_blank\" rel=\"noreferrer noopener\">Tableau 5 dans le document de r\u00e9f\u00e9rence de septembre 2014, Mining Engineering.<\/a><\/p>\n\n\n\n<p>Les contraintes dans diff\u00e9rentes usines varient. Cependant, vous constaterez peut-\u00eatre qu&#039;une ou plusieurs de ces suggestions constituent un moyen efficace d&#039;am\u00e9liorer l&#039;efficacit\u00e9 du broyage \u00e0 faible co\u00fbt, voire gratuitement, dans votre installation, comme elles l&#039;ont fait pour d&#039;autres op\u00e9rations. <a href=\"https:\/\/moodle.localhost\/wp\/published-wins\/\" data-type=\"page\" data-id=\"386\">Cliquez ici<\/a>&nbsp;pour voir des exemples publi\u00e9s d&#039;efficacit\u00e9 accrue de broyage d&#039;installations \u00e0 l&#039;aide des outils fournis par le syst\u00e8me Metcom et les programmes de formation. <\/p>\n\n\n\n<div class=\"wp-block-buttons is-horizontal is-content-justification-center is-layout-flex wp-container-core-buttons-is-layout-03627597 wp-block-buttons-is-layout-flex\">\n<div class=\"wp-block-button\"><a class=\"wp-block-button__link wp-element-button\" href=\"https:\/\/metcomtech.com\/fr\/#GrindingBulletin\">Voir plus de bulletins de meulage<\/a><\/div>\n<\/div>\n\n\n\n<p><\/p>","protected":false},"excerpt":{"rendered":"<p>How can we reduce operating costs with little or no capital? Decades of conducting plant test work with the operators has provided Metcom the chance to identify a number of opportunities common to most ball milling circuits. Review the following list of questions to see how your operation might quickly benefit from one or more [&hellip;]<\/p>\n","protected":false},"author":1,"featured_media":0,"parent":0,"menu_order":0,"comment_status":"closed","ping_status":"closed","template":"wp-custom-template-a1-main-template","meta":{"footnotes":""},"class_list":["post-594","page","type-page","status-publish","hentry"],"_links":{"self":[{"href":"https:\/\/metcomtech.com\/fr\/wp-json\/wp\/v2\/pages\/594","targetHints":{"allow":["GET"]}}],"collection":[{"href":"https:\/\/metcomtech.com\/fr\/wp-json\/wp\/v2\/pages"}],"about":[{"href":"https:\/\/metcomtech.com\/fr\/wp-json\/wp\/v2\/types\/page"}],"author":[{"embeddable":true,"href":"https:\/\/metcomtech.com\/fr\/wp-json\/wp\/v2\/users\/1"}],"replies":[{"embeddable":true,"href":"https:\/\/metcomtech.com\/fr\/wp-json\/wp\/v2\/comments?post=594"}],"version-history":[{"count":6,"href":"https:\/\/metcomtech.com\/fr\/wp-json\/wp\/v2\/pages\/594\/revisions"}],"predecessor-version":[{"id":1410,"href":"https:\/\/metcomtech.com\/fr\/wp-json\/wp\/v2\/pages\/594\/revisions\/1410"}],"wp:attachment":[{"href":"https:\/\/metcomtech.com\/fr\/wp-json\/wp\/v2\/media?parent=594"}],"curies":[{"name":"wp","href":"https:\/\/api.w.org\/{rel}","templated":true}]}}