{"id":637,"date":"2021-12-06T20:41:10","date_gmt":"2021-12-06T20:41:10","guid":{"rendered":"https:\/\/moodle.localhost\/wp\/?page_id=637"},"modified":"2024-05-15T04:16:26","modified_gmt":"2024-05-15T04:16:26","slug":"training-program-development-and-features","status":"publish","type":"page","link":"https:\/\/metcomtech.com\/fr\/training\/training-program-development-and-features\/","title":{"rendered":"D\u00e9veloppement et fonctionnalit\u00e9s du programme"},"content":{"rendered":"<ul class=\"has-normal-font-size wp-block-list\">\n<li class=\"has-small-font-size\">Le programme de formation initial a dur\u00e9\u00a0<strong>plusieurs ann\u00e9es pour se d\u00e9velopper.<\/strong> Une fois le syst\u00e8me structur\u00e9 par des sp\u00e9cialistes de la conception p\u00e9dagogique, chaque module a \u00e9t\u00e9 test\u00e9 sur prototype et a subi plusieurs r\u00e9visions avant la publication finale.<br><br><\/li>\n\n\n\n<li class=\"has-small-font-size\">Le programme de formation complet couvre toutes les \u00e9tapes de mise en \u0153uvre du <strong>Syst\u00e8me de gestion du processus de broyage Metcom.<\/strong><br><br><\/li>\n\n\n\n<li class=\"has-small-font-size\" style=\"line-height:1.1\">Le d\u00e9veloppement du programme initial a \u00e9t\u00e9 parrain\u00e9 par un consortium de soci\u00e9t\u00e9s mini\u00e8res et de services et les gouvernements du Canada et du Qu\u00e9bec.<br><br><\/li>\n\n\n\n<li class=\"has-small-font-size\">R\u00e9investissement continu dans le d\u00e9veloppement du programme, les participants peuvent continuer \u00e0 apprendre et \u00e0 en b\u00e9n\u00e9ficier \u00e0 mesure que le programme s&#039;am\u00e9liore et se d\u00e9veloppe.<br><br><\/li>\n\n\n\n<li class=\"has-small-font-size\">Il s\u2019agit d\u2019un apprentissage interactif, autodidacte et \u00e0 son rythme.<br><br><\/li>\n\n\n\n<li class=\"has-small-font-size\">Les tests de certification v\u00e9rifient la compr\u00e9hension de l\u2019apprenant.<br><br><\/li>\n\n\n\n<li class=\"has-small-font-size\">Disponible \u00e0 ce jour en anglais, fran\u00e7ais et espagnol.<br><br><\/li>\n\n\n\n<li class=\"has-small-font-size\">Approuv\u00e9 par l&#039;Universit\u00e9 McGill; \u00c9nergie, Mines et Ressources Canada; Association mini\u00e8re du Canada; Hydro-Ontario.<br><br><\/li>\n\n\n\n<li class=\"has-small-font-size\"><strong>Accr\u00e9dit\u00e9&nbsp;<\/strong>pour les cr\u00e9dits de formation continue (CEU) avec le&nbsp;<strong>Institut canadien d&#039;ing\u00e9nierie<\/strong>.<br><br><\/li>\n\n\n\n<li class=\"has-small-font-size\">UN<em><strong>&nbsp;Guide du participant&nbsp;<\/strong><\/em>pr\u00e9sente des informations sur le contenu et la forme du Programme, la certification, la propri\u00e9t\u00e9, les droits et les services d&#039;assistance.<br><br><\/li>\n\n\n\n<li class=\"has-small-font-size\">UN&nbsp;<em><strong>Guide des documents&nbsp;<\/strong><\/em>fournit la structure pour collecter, classer et organiser toutes les donn\u00e9es et informations n\u00e9cessaires \u00e0 la mise en \u0153uvre du syst\u00e8me Metcom.<br><br><\/li>\n\n\n\n<li class=\"has-small-font-size\">Un&nbsp;<em><strong>Guide de l&#039;administrateur&nbsp;<\/strong><\/em>est d\u00e9livr\u00e9 aux organisations qui choisissent de superviser la formation par l&#039;interm\u00e9diaire d&#039;un administrateur sur place.<br><br><\/li>\n\n\n\n<li class=\"has-small-font-size\">Participants&nbsp;<strong>appliquer ce qu&#039;ils apprennent<\/strong>&nbsp;dans leurs usines, effectuant la m\u00eame collecte de donn\u00e9es et les m\u00eames analyses que dans les modules, tout au long de la formation.<br><br><\/li>\n\n\n\n<li class=\"has-small-font-size\">Les modules individuels varient de moins d&#039;une heure \u00e0 environ quatre heures. La dur\u00e9e totale d&#039;apprentissage du programme est d&#039;environ 64 heures.<br><br><\/li>\n\n\n\n<li class=\"has-small-font-size\">Chaque programme est d\u00e9livr\u00e9 \u00e0 une personne sp\u00e9cifi\u00e9e. La formation peut s&#039;adresser \u00e0 une personne ou \u00e0 un <strong>Programme d&#039;\u00e9tudes<\/strong> peut \u00eatre personnalis\u00e9 pour le personnel technique et de gestion de l\u2019usine.<br><br><\/li>\n\n\n\n<li class=\"has-small-font-size\">Les programmes th\u00e9matiques sp\u00e9ciaux se concentrent sur des op\u00e9rations ou des t\u00e2ches sp\u00e9cifiques de l\u2019unit\u00e9.<br><br><\/li>\n\n\n\n<li class=\"has-small-font-size\">UN&nbsp;<strong>moindre co\u00fbt&nbsp;<\/strong>alternative \u00e0 la participation \u00e0 des formations hors site.<br><br><\/li>\n\n\n\n<li class=\"has-small-font-size\">L&#039;application de nouvelles comp\u00e9tences au travail permet&nbsp;<strong>r\u00e9cup\u00e9ration imm\u00e9diate.&nbsp;<\/strong>Les \u00e9conomies de co\u00fbts se mesurent en millions de dollars.<br><br><\/li>\n\n\n\n<li class=\"has-small-font-size\">Facilement&nbsp;<strong>accessible aux utilisateurs partout<\/strong>&nbsp;ils peuvent se connecter en ligne : au travail, \u00e0 la maison ou en d\u00e9placement.<br><\/li>\n<\/ul>\n\n\n\n<p><\/p>","protected":false},"excerpt":{"rendered":"","protected":false},"author":1,"featured_media":0,"parent":44,"menu_order":0,"comment_status":"closed","ping_status":"closed","template":"wp-custom-template-a1-main-template","meta":{"footnotes":""},"class_list":["post-637","page","type-page","status-publish","hentry"],"_links":{"self":[{"href":"https:\/\/metcomtech.com\/fr\/wp-json\/wp\/v2\/pages\/637","targetHints":{"allow":["GET"]}}],"collection":[{"href":"https:\/\/metcomtech.com\/fr\/wp-json\/wp\/v2\/pages"}],"about":[{"href":"https:\/\/metcomtech.com\/fr\/wp-json\/wp\/v2\/types\/page"}],"author":[{"embeddable":true,"href":"https:\/\/metcomtech.com\/fr\/wp-json\/wp\/v2\/users\/1"}],"replies":[{"embeddable":true,"href":"https:\/\/metcomtech.com\/fr\/wp-json\/wp\/v2\/comments?post=637"}],"version-history":[{"count":15,"href":"https:\/\/metcomtech.com\/fr\/wp-json\/wp\/v2\/pages\/637\/revisions"}],"predecessor-version":[{"id":2287,"href":"https:\/\/metcomtech.com\/fr\/wp-json\/wp\/v2\/pages\/637\/revisions\/2287"}],"up":[{"embeddable":true,"href":"https:\/\/metcomtech.com\/fr\/wp-json\/wp\/v2\/pages\/44"}],"wp:attachment":[{"href":"https:\/\/metcomtech.com\/fr\/wp-json\/wp\/v2\/media?parent=637"}],"curies":[{"name":"wp","href":"https:\/\/api.w.org\/{rel}","templated":true}]}}