{"id":652,"date":"2021-12-06T21:01:05","date_gmt":"2021-12-06T21:01:05","guid":{"rendered":"https:\/\/moodle.localhost\/wp\/?page_id=652"},"modified":"2024-05-15T18:48:06","modified_gmt":"2024-05-15T18:48:06","slug":"certification","status":"publish","type":"page","link":"https:\/\/metcomtech.com\/fr\/certification\/","title":{"rendered":"Attestation"},"content":{"rendered":"<div class=\"wp-block-columns is-layout-flex wp-container-core-columns-is-layout-28f84493 wp-block-columns-is-layout-flex\">\n<div class=\"wp-block-column is-layout-flow wp-block-column-is-layout-flow\">\n<div class=\"wp-block-media-text is-stacked-on-mobile\" style=\"grid-template-columns:23% auto\"><figure class=\"wp-block-media-text__media\"><img loading=\"lazy\" decoding=\"async\" width=\"227\" height=\"230\" src=\"https:\/\/metcomtech.com\/wp-content\/uploads\/2024\/03\/EIC-Trans.png\" alt=\"\" class=\"wp-image-2048 size-full\" srcset=\"https:\/\/metcomtech.com\/wp-content\/uploads\/2024\/03\/EIC-Trans.png 227w, https:\/\/metcomtech.com\/wp-content\/uploads\/2024\/03\/EIC-Trans-100x100.png 100w, https:\/\/metcomtech.com\/wp-content\/uploads\/2024\/03\/EIC-Trans-200x203.png 200w\" sizes=\"auto, (max-width: 227px) 100vw, 227px\" \/><\/figure><div class=\"wp-block-media-text__content\">\n<p>La certification n\u2019est pas obligatoire, mais elle est fortement recommand\u00e9e. C&#039;est ainsi que l&#039;apprentissage est v\u00e9rifi\u00e9.<br><br>\u00c0 la fin de chaque module, les apprenants passent un test de certification. Il couvre le mat\u00e9riel exact et les types d&#039;exercices en double par rapport \u00e0 ceux couverts dans le module. Encore une fois, le travail se fait \u00e0 votre rythme. Il n\u2019y a pas de questions \u00ab pi\u00e8ges \u00bb, et c\u2019est un livre ouvert. Ainsi, les apprenants ayant r\u00e9alis\u00e9 les exercices du module excelleront \u00e0 ces tests. Ces tests sont soumis \u00e0 Metcom pour v\u00e9rification, et la r\u00e9ussite de l&#039;apprentissage est ainsi v\u00e9rifi\u00e9e.<br><br>Les apprenants qui terminent l&#039;int\u00e9gralit\u00e9 du programme de 22 modules sur le syst\u00e8me de gestion des processus de broyage Metcom recevront un certificat d&#039;ach\u00e8vement de l&#039;Institut canadien des ing\u00e9nieurs et 6,4 unit\u00e9s de formation continue (une pour chaque 10 heures d&#039;\u00e9tudes). Ces CEU r\u00e9pondent aux normes \u00e9tablies par l&#039;Association internationale pour l&#039;\u00e9ducation et la formation continues, par laquelle l&#039;Institut canadien des ing\u00e9nieurs est reconnu.<\/p>\n<\/div><\/div>\n<\/div>\n<\/div>\n\n\n\n<div class=\"wp-block-media-text has-media-on-the-right is-stacked-on-mobile is-vertically-aligned-top\"><div class=\"wp-block-media-text__content\">\n<p>Les CEU ne se limitent pas au personnel d&#039;ing\u00e9nierie. Ils seront d\u00e9livr\u00e9s avec un certificat d&#039;ach\u00e8vement de l&#039;Institut canadien des ing\u00e9nieurs \u00e0 tout participant retenu au programme, n&#039;importe o\u00f9 dans le monde.<\/p>\n\n\n\n<p>Un certificat d&#039;ach\u00e8vement et des unit\u00e9s de formation continue peuvent \u00e9galement \u00eatre fournis avec tous les programmes th\u00e9matiques sp\u00e9ciaux, les programmes partiels (veuillez consulter un exemple de programme d&#039;\u00e9tudes en usine) et les ateliers sur place. Un CEU (ou des fractions de celui-ci) est fourni pour chaque tranche de 10 heures d&#039;\u00e9tude.<\/p>\n<\/div><figure class=\"wp-block-media-text__media\"><img loading=\"lazy\" decoding=\"async\" width=\"1024\" height=\"777\" src=\"https:\/\/metcomtech.com\/wp-content\/uploads\/2024\/05\/Certificate-1-1024x777.jpg\" alt=\"\" class=\"wp-image-2965 size-full\" srcset=\"https:\/\/metcomtech.com\/wp-content\/uploads\/2024\/05\/Certificate-1-1024x777.jpg 1024w, https:\/\/metcomtech.com\/wp-content\/uploads\/2024\/05\/Certificate-1-300x228.jpg 300w, https:\/\/metcomtech.com\/wp-content\/uploads\/2024\/05\/Certificate-1-200x152.jpg 200w, https:\/\/metcomtech.com\/wp-content\/uploads\/2024\/05\/Certificate-1-768x583.jpg 768w, https:\/\/metcomtech.com\/wp-content\/uploads\/2024\/05\/Certificate-1-16x12.jpg 16w, https:\/\/metcomtech.com\/wp-content\/uploads\/2024\/05\/Certificate-1.jpg 1285w\" sizes=\"auto, (max-width: 1024px) 100vw, 1024px\" \/><\/figure><\/div>","protected":false},"excerpt":{"rendered":"<p>Certification is not required, but it is highly recommended. It is how learning is verified. Upon the completion of each module, learners complete a certification test. It covers the exact materials and duplicate types of exercises to those covered in the module. Once again, the work is self-paced. There are no &#8220;trick&#8221; questions, and it [&hellip;]<\/p>\n","protected":false},"author":1,"featured_media":0,"parent":0,"menu_order":0,"comment_status":"closed","ping_status":"closed","template":"wp-custom-template-a1-main-template","meta":{"footnotes":""},"class_list":["post-652","page","type-page","status-publish","hentry"],"_links":{"self":[{"href":"https:\/\/metcomtech.com\/fr\/wp-json\/wp\/v2\/pages\/652","targetHints":{"allow":["GET"]}}],"collection":[{"href":"https:\/\/metcomtech.com\/fr\/wp-json\/wp\/v2\/pages"}],"about":[{"href":"https:\/\/metcomtech.com\/fr\/wp-json\/wp\/v2\/types\/page"}],"author":[{"embeddable":true,"href":"https:\/\/metcomtech.com\/fr\/wp-json\/wp\/v2\/users\/1"}],"replies":[{"embeddable":true,"href":"https:\/\/metcomtech.com\/fr\/wp-json\/wp\/v2\/comments?post=652"}],"version-history":[{"count":7,"href":"https:\/\/metcomtech.com\/fr\/wp-json\/wp\/v2\/pages\/652\/revisions"}],"predecessor-version":[{"id":2966,"href":"https:\/\/metcomtech.com\/fr\/wp-json\/wp\/v2\/pages\/652\/revisions\/2966"}],"wp:attachment":[{"href":"https:\/\/metcomtech.com\/fr\/wp-json\/wp\/v2\/media?parent=652"}],"curies":[{"name":"wp","href":"https:\/\/api.w.org\/{rel}","templated":true}]}}