{"id":666,"date":"2021-12-06T21:11:31","date_gmt":"2021-12-06T21:11:31","guid":{"rendered":"https:\/\/moodle.localhost\/wp\/?page_id=666"},"modified":"2024-05-15T04:16:27","modified_gmt":"2024-05-15T04:16:27","slug":"welcome","status":"publish","type":"page","link":"https:\/\/metcomtech.com\/fr\/welcome\/","title":{"rendered":"Accueillir"},"content":{"rendered":"<p><strong>Cher nouveau participant au programme,<\/strong><\/p>\n\n\n\n<p>Bienvenue au programme p\u00e9dagogique Metcom sur les op\u00e9rations de broyage d&#039;usines\u00a0! Vous \u00eates sur le point de vous lancer dans une exp\u00e9rience d&#039;apprentissage qui vous fournira, \u00e0 vous et \u00e0 votre entreprise, toutes les comp\u00e9tences n\u00e9cessaires pour atteindre l&#039;excellence dans les performances du traitement de broyage. Comme d\u2019autres apprenants avant vous l\u2019ont exprim\u00e9, nous esp\u00e9rons que vous tirerez une immense satisfaction personnelle de la mise en pratique de nouvelles comp\u00e9tences pratiques, puis que vous constaterez r\u00e9ellement les avantages de votre op\u00e9ration. Et votre entreprise b\u00e9n\u00e9ficiera financi\u00e8rement des m\u00e9thodes d\u2019ing\u00e9nierie qui se sont d\u00e9j\u00e0 av\u00e9r\u00e9es efficaces pour am\u00e9liorer consid\u00e9rablement les performances \u00e9conomiques du secteur.<\/p>\n\n\n\n<p>Si vous \u00eates comme moi, vous \u00eates probablement frustr\u00e9 en essayant de d\u00e9chiffrer certaines connaissances pratiques que vous pouvez mettre \u00e0 profit \u00e0 partir de pr\u00e9sentations techniques ou de litt\u00e9rature. Souvent, ces efforts ne sont qu\u2019une perte de temps. Notre objectif en cr\u00e9ant ce programme \u00e9tait de compiler pour vous tout ce qui est n\u00e9cessaire \u2013 et d&#039;omettre ce qui ne l&#039;est pas \u2013 en un seul package complet. Et le r\u00f4le de nos sp\u00e9cialistes en conception p\u00e9dagogique \u00e9tait d\u2019\u00e9liminer totalement les obstacles \u00e0 l\u2019apprentissage. Chaque module que vous suivez a \u00e9t\u00e9 \u00e9crit, r\u00e9vis\u00e9, test\u00e9, r\u00e9vis\u00e9 puis retest\u00e9 autant de fois que n\u00e9cessaire pour garantir que l&#039;apprentissage des comp\u00e9tences d\u00e9crites a effectivement lieu. Ainsi, que vous suiviez le programme complet, une partie li\u00e9e \u00e0 votre r\u00f4le dans les op\u00e9rations, ou un programme th\u00e9matique sp\u00e9cial visant une op\u00e9ration ou une t\u00e2che d&#039;unit\u00e9 sp\u00e9cifique, le \u00ab processus de conception p\u00e9dagogique \u00bb qui a \u00e9t\u00e9 appliqu\u00e9 ici&nbsp;<strong>garanties&nbsp;<\/strong>votre comp\u00e9tence dans ces comp\u00e9tences lorsque vous avez termin\u00e9.<\/p>\n\n\n\n<p>Mais bien s\u00fbr, ce qui est bien plus important que la m\u00e9thode d&#039;apprentissage.&nbsp;<strong>c&#039;est ce que vous apprendrez !<\/strong>&nbsp;De la signification pr\u00e9cise et des m\u00e9thodes d\u2019analyse de l\u2019indice Bond Work\u00a0; \u00e0 la compr\u00e9hension r\u00e9volutionnaire de la rectification en circuit ferm\u00e9 fournie par l&#039;analyse des performances fonctionnelles\u00a0; aux m\u00e9thodes d&#039;am\u00e9lioration des processus de l&#039;usine offertes par l&#039;ing\u00e9nierie d&#039;application des pompes \u00e0 lisier et des cyclones\u00a0; aux m\u00e9thodes d\u00e9taill\u00e9es d&#039;\u00e9chantillonnage des plantes et d&#039;acquisition de donn\u00e9es d&#039;enqu\u00eate utilis\u00e9es pour mesurer les am\u00e9liorations continues\u00a0; vous apprendrez tout ce que vous devez savoir pour am\u00e9liorer les performances de broyage des installations. La contribution au programme des meilleurs experts techniques dans leur domaine et la certification par l&#039;Institut canadien des ing\u00e9nieurs vous assurent de la qualit\u00e9 du contenu du programme. Ou discutez simplement avec un ancien participant au programme pour ressentir l\u2019enthousiasme qu\u2019il manifestera pour cette formation.<\/p>\n\n\n\n<p>Je suis convaincu que vous appr\u00e9cierez et b\u00e9n\u00e9ficierez de ces mat\u00e9riaux. Je serais heureux d\u2019avoir de vos nouvelles personnellement avec vos commentaires. Bien que la r\u00e9ponse de nos coll\u00e8gues de l\u2019industrie ait \u00e9t\u00e9 extr\u00eamement positive, nous sommes toujours heureux d\u2019avoir l\u2019occasion d\u2019am\u00e9liorer et de peaufiner notre produit pour les futurs apprenants de l\u2019industrie de transformation des min\u00e9raux.<br><br>Votre serviteur,<br><br>Rob McIvor<br>Directeur g\u00e9n\u00e9ral et m\u00e9tallurgiste en chef, Syst\u00e8mes de broyage<\/p>","protected":false},"excerpt":{"rendered":"<p>Dear New Program Participant, Welcome to the Metcom Instructional Program on Plant Grinding Operations! You are about to embark on a learning experience which will provide you and your company with all the skills needed to achieve excellence in grinding processing performance. As other learners before you have expressed, you will hopefully gain tremendous personal [&hellip;]<\/p>\n","protected":false},"author":1,"featured_media":0,"parent":0,"menu_order":0,"comment_status":"closed","ping_status":"closed","template":"wp-custom-template-a1-main-template","meta":{"footnotes":""},"class_list":["post-666","page","type-page","status-publish","hentry"],"_links":{"self":[{"href":"https:\/\/metcomtech.com\/fr\/wp-json\/wp\/v2\/pages\/666","targetHints":{"allow":["GET"]}}],"collection":[{"href":"https:\/\/metcomtech.com\/fr\/wp-json\/wp\/v2\/pages"}],"about":[{"href":"https:\/\/metcomtech.com\/fr\/wp-json\/wp\/v2\/types\/page"}],"author":[{"embeddable":true,"href":"https:\/\/metcomtech.com\/fr\/wp-json\/wp\/v2\/users\/1"}],"replies":[{"embeddable":true,"href":"https:\/\/metcomtech.com\/fr\/wp-json\/wp\/v2\/comments?post=666"}],"version-history":[{"count":1,"href":"https:\/\/metcomtech.com\/fr\/wp-json\/wp\/v2\/pages\/666\/revisions"}],"predecessor-version":[{"id":669,"href":"https:\/\/metcomtech.com\/fr\/wp-json\/wp\/v2\/pages\/666\/revisions\/669"}],"wp:attachment":[{"href":"https:\/\/metcomtech.com\/fr\/wp-json\/wp\/v2\/media?parent=666"}],"curies":[{"name":"wp","href":"https:\/\/api.w.org\/{rel}","templated":true}]}}