{"id":673,"date":"2021-12-06T21:19:58","date_gmt":"2021-12-06T21:19:58","guid":{"rendered":"https:\/\/moodle.localhost\/wp\/?page_id=673"},"modified":"2024-05-15T04:16:26","modified_gmt":"2024-05-15T04:16:26","slug":"testimonials","status":"publish","type":"page","link":"https:\/\/metcomtech.com\/fr\/testimonials\/","title":{"rendered":"T\u00e9moignages"},"content":{"rendered":"<h4 class=\"wp-block-heading\"><span style=\"background-color:rgba(0, 0, 0, 0)\" class=\"has-inline-color has-luminous-vivid-orange-color\">Rejoignez plus d&#039;un millier de m\u00e9tallurgistes qui am\u00e9liorent les performances du circuit de meulage avec le syst\u00e8me Metcom\u00a0!<\/span><\/h4>\n\n\n\n<div class=\"wp-block-columns is-layout-flex wp-container-core-columns-is-layout-28f84493 wp-block-columns-is-layout-flex\">\n<div class=\"wp-block-column is-layout-flow wp-block-column-is-layout-flow\" style=\"flex-basis:66.66%\">\n<p>Certaines entreprises qui ont b\u00e9n\u00e9fici\u00e9 de nos programmes de formation comprennent Agnico Eagle, Rio Tinto, Weir Minerals, Oyu Tolgoi, Barrick, ME Elecmetal, Freeport McMoran, Vale, Newmont, Penoles, Theysen Krupp, Glencore, GIW, Randgold, Kinross, Gibraltar Mines Ltd. , Cleveland-Cliffs, Goldcorp, IAMGOLD et autres.<\/p>\n\n\n\n<p><strong>Voici ce que disent les experts de l&#039;industrie \u00e0 propos de notre formation<\/strong>:<\/p>\n\n\n\n<p><em>\u00ab Pour la premi\u00e8re fois, j&#039;ai vraiment commenc\u00e9 \u00e0 comprendre comment les variables de la rectification en circuit ferm\u00e9 interagissent. Un programme qui prend ce que je sais \u00eatre un processus tr\u00e8s complexe, le rend facile \u00e0 comprendre et fournit des outils d&#039;optimisation, est \u00e0 mon avis un travail brillant. D\u00e9sormais, tous nos collaborateurs impliqu\u00e9s de quelque mani\u00e8re que ce soit dans le broyage suivent la formation.<\/em><br>Chef de section, Traitement des min\u00e9raux, Grande entreprise m\u00e9tallurgique canadienne<\/p>\n\n\n\n<p><em>\u00ab Nous avons reconfigur\u00e9 les pompes d&#039;alimentation cycloniques et \u00e9conomis\u00e9 le co\u00fbt d&#039;une nouvelle partie humide toutes les six semaines. Cela rapporte largement le programme \u00e0 chaque fois\u00a0!\u00a0\u00bb<\/em><br>Contrema\u00eetre \u00e0 la maintenance, Concentrateur canadien de m\u00e9taux communs<\/p>\n\n\n\n<p><em>\u00ab\u00a0Une excellente fa\u00e7on pour les jeunes ing\u00e9nieurs de d\u00e9marrer leur carri\u00e8re professionnelle et d&#039;obtenir des cr\u00e9dits de formation continue.\u00a0\u00bb<\/em><br>Ancien dirigeant de l&#039;EIC<\/p>\n\n\n\n<p><em>\u00ab Nous avons commenc\u00e9 \u00e0 mesurer et \u00e0 voir des choses que nous n&#039;avions pas reconnues depuis plus de 20 ans d&#039;activit\u00e9. C\u2019\u00e9tait comme allumer la lumi\u00e8re. \u00bb<\/em><br>M\u00e9tallurgiste principal, grand concentrateur<\/p>\n\n\n\n<p><em>&quot;J&#039;ai suivi l&#039;int\u00e9gralit\u00e9 du programme de formation pour moins que le prix d&#039;un voyage en ville.&quot;<br><\/em>M\u00e9tallurgiste, producteur d&#039;or \u00e0 distance<\/p>\n\n\n\n<p><em>\u00ab Malgr\u00e9 nos faibles notes, nous devons am\u00e9liorer et exploiter les comp\u00e9tences de nos employ\u00e9s par tous les moyens possibles pour r\u00e9ussir. Il s\u2019agit du meilleur investissement en formation que nous ayons jamais fait.<\/em><br>Directeur, Grande exploitation de m\u00e9taux de faible qualit\u00e9<\/p>\n<\/div>\n\n\n\n<div class=\"wp-block-column is-layout-flow wp-block-column-is-layout-flow\" style=\"flex-basis:33.33%\">\n<figure class=\"wp-block-image size-full has-custom-border\"><img loading=\"lazy\" decoding=\"async\" width=\"686\" height=\"943\" src=\"https:\/\/metcomtech.com\/wp-content\/uploads\/2024\/04\/Met-BM.jpg\" alt=\"\" class=\"has-border-color wp-image-2433\" style=\"border-color:#ff6900;border-radius:28px\" srcset=\"https:\/\/metcomtech.com\/wp-content\/uploads\/2024\/04\/Met-BM.jpg 686w, https:\/\/metcomtech.com\/wp-content\/uploads\/2024\/04\/Met-BM-300x412.jpg 300w, https:\/\/metcomtech.com\/wp-content\/uploads\/2024\/04\/Met-BM-200x275.jpg 200w\" sizes=\"auto, (max-width: 686px) 100vw, 686px\" \/><\/figure>\n<\/div>\n<\/div>","protected":false},"excerpt":{"rendered":"<p>Join over one thousand metallurgists improving grinding circuit performance with the Metcom System! Some companies that have benefited from our training programs include Agnico Eagle, Rio Tinto, Weir Minerals, Oyu Tolgoi, Barrick, ME Elecmetal, Freeport McMoran, Vale, Newmont, Penoles, Theysen Krupp, Glencore, GIW, Randgold, Kinross, Gibraltar Mines Ltd, Cleveland-Cliffs, Goldcorp, IAMGOLD and others. Here is [&hellip;]<\/p>\n","protected":false},"author":1,"featured_media":0,"parent":0,"menu_order":0,"comment_status":"closed","ping_status":"closed","template":"wp-custom-template-a1-main-template","meta":{"footnotes":""},"class_list":["post-673","page","type-page","status-publish","hentry"],"_links":{"self":[{"href":"https:\/\/metcomtech.com\/fr\/wp-json\/wp\/v2\/pages\/673","targetHints":{"allow":["GET"]}}],"collection":[{"href":"https:\/\/metcomtech.com\/fr\/wp-json\/wp\/v2\/pages"}],"about":[{"href":"https:\/\/metcomtech.com\/fr\/wp-json\/wp\/v2\/types\/page"}],"author":[{"embeddable":true,"href":"https:\/\/metcomtech.com\/fr\/wp-json\/wp\/v2\/users\/1"}],"replies":[{"embeddable":true,"href":"https:\/\/metcomtech.com\/fr\/wp-json\/wp\/v2\/comments?post=673"}],"version-history":[{"count":8,"href":"https:\/\/metcomtech.com\/fr\/wp-json\/wp\/v2\/pages\/673\/revisions"}],"predecessor-version":[{"id":2434,"href":"https:\/\/metcomtech.com\/fr\/wp-json\/wp\/v2\/pages\/673\/revisions\/2434"}],"wp:attachment":[{"href":"https:\/\/metcomtech.com\/fr\/wp-json\/wp\/v2\/media?parent=673"}],"curies":[{"name":"wp","href":"https:\/\/api.w.org\/{rel}","templated":true}]}}