{"id":680,"date":"2021-12-06T21:24:24","date_gmt":"2021-12-06T21:24:24","guid":{"rendered":"https:\/\/moodle.localhost\/wp\/?page_id=680"},"modified":"2024-05-15T04:15:43","modified_gmt":"2024-05-15T04:15:43","slug":"guarantee","status":"publish","type":"page","link":"https:\/\/metcomtech.com\/fr\/guarantee\/","title":{"rendered":"Garantie"},"content":{"rendered":"<ul class=\"has-small-font-size wp-block-list\"><\/ul>\n\n\n\n<div class=\"wp-block-columns is-layout-flex wp-container-core-columns-is-layout-28f84493 wp-block-columns-is-layout-flex\">\n<div class=\"wp-block-column is-layout-flow wp-block-column-is-layout-flow\" style=\"flex-basis:66.66%\">\n<ul class=\"wp-block-list\">\n<li class=\"has-small-font-size\" style=\"line-height:1\">Tous les modules de formation ont \u00e9t\u00e9 initialement test\u00e9s sur des prototypes sur des apprenants types, puis r\u00e9vis\u00e9s et retest\u00e9s jusqu&#039;\u00e0 ce que la compr\u00e9hension de l&#039;apprenant soit d\u00e9montr\u00e9e. Depuis lors, les succ\u00e8s des nouveaux apprenants se sont r\u00e9p\u00e9t\u00e9s \u00e0 de nombreuses reprises. L\u2019apprentissage est donc garanti.<br><br><\/li>\n\n\n\n<li class=\"has-small-font-size\" style=\"line-height:1.1\">L&#039;apprentissage est \u00e9galement v\u00e9rifi\u00e9 par des tests de certification.<br><br><\/li>\n\n\n\n<li class=\"has-small-font-size\" style=\"line-height:1\">Une analyse rigoureuse du contexte, c&#039;est-\u00e0-dire une conception destin\u00e9e \u00e0 \u00eatre utilis\u00e9e dans un lieu de travail industriel typique par la conception p\u00e9dagogique et des sp\u00e9cialistes exp\u00e9riment\u00e9s du domaine technique de l&#039;industrie, signifie que les apprenants peuvent imm\u00e9diatement appliquer leurs nouvelles comp\u00e9tences sur le terrain. Les modules ont \u00e9t\u00e9 con\u00e7us exactement dans ce but.<br><br><\/li>\n\n\n\n<li class=\"has-small-font-size\" style=\"line-height:1\">Functional Performance of Ball Milling est un outil analytique totalement unique et puissant qui fournira au personnel de l\u2019usine un nouveau niveau de compr\u00e9hension du broyage \u00e0 boulets en circuit ferm\u00e9 et une strat\u00e9gie claire pour am\u00e9liorer les performances.<br><br><\/li>\n\n\n\n<li class=\"has-small-font-size\" style=\"line-height:1\">Alors que la performance fonctionnelle fournit la strat\u00e9gie, le syst\u00e8me de gestion du processus de broyage Metcom, enti\u00e8rement fourni par le programme de formation complet de 22 modules, fournit toutes les \u00e9tapes d&#039;un plan d&#039;action d\u00e9taill\u00e9 pour mettre en \u0153uvre les am\u00e9liorations de l&#039;usine.<br><br><\/li>\n\n\n\n<li class=\"has-small-font-size\" style=\"line-height:1.1\">Si, apr\u00e8s une inspection initiale, vous n&#039;\u00eates pas enti\u00e8rement satisfait du mat\u00e9riel de formation fourni par Metcom Technologies, votre commande peut \u00eatre sujette \u00e0 annulation. Demandez simplement cette garantie lorsque vous demandez plus de d\u00e9tails.<br><br><br><\/li>\n<\/ul>\n<\/div>\n\n\n\n<div class=\"wp-block-column is-layout-flow wp-block-column-is-layout-flow\" style=\"flex-basis:33.33%\">\n<figure class=\"wp-block-image aligncenter size-full is-resized has-custom-border\"><img loading=\"lazy\" decoding=\"async\" width=\"512\" height=\"512\" src=\"https:\/\/metcomtech.com\/wp-content\/uploads\/2024\/04\/Guarantee.jpg\" alt=\"\" class=\"has-border-color wp-image-2436\" style=\"border-color:#009016;border-width:5px;border-radius:47px;width:356px;height:auto\" srcset=\"https:\/\/metcomtech.com\/wp-content\/uploads\/2024\/04\/Guarantee.jpg 512w, https:\/\/metcomtech.com\/wp-content\/uploads\/2024\/04\/Guarantee-300x300.jpg 300w, https:\/\/metcomtech.com\/wp-content\/uploads\/2024\/04\/Guarantee-100x100.jpg 100w, https:\/\/metcomtech.com\/wp-content\/uploads\/2024\/04\/Guarantee-200x200.jpg 200w\" sizes=\"auto, (max-width: 512px) 100vw, 512px\" \/><\/figure>\n<\/div>\n<\/div>","protected":false},"excerpt":{"rendered":"","protected":false},"author":1,"featured_media":0,"parent":0,"menu_order":0,"comment_status":"closed","ping_status":"closed","template":"wp-custom-template-a1-main-template","meta":{"footnotes":""},"class_list":["post-680","page","type-page","status-publish","hentry"],"_links":{"self":[{"href":"https:\/\/metcomtech.com\/fr\/wp-json\/wp\/v2\/pages\/680","targetHints":{"allow":["GET"]}}],"collection":[{"href":"https:\/\/metcomtech.com\/fr\/wp-json\/wp\/v2\/pages"}],"about":[{"href":"https:\/\/metcomtech.com\/fr\/wp-json\/wp\/v2\/types\/page"}],"author":[{"embeddable":true,"href":"https:\/\/metcomtech.com\/fr\/wp-json\/wp\/v2\/users\/1"}],"replies":[{"embeddable":true,"href":"https:\/\/metcomtech.com\/fr\/wp-json\/wp\/v2\/comments?post=680"}],"version-history":[{"count":10,"href":"https:\/\/metcomtech.com\/fr\/wp-json\/wp\/v2\/pages\/680\/revisions"}],"predecessor-version":[{"id":2439,"href":"https:\/\/metcomtech.com\/fr\/wp-json\/wp\/v2\/pages\/680\/revisions\/2439"}],"wp:attachment":[{"href":"https:\/\/metcomtech.com\/fr\/wp-json\/wp\/v2\/media?parent=680"}],"curies":[{"name":"wp","href":"https:\/\/api.w.org\/{rel}","templated":true}]}}