{"id":685,"date":"2021-12-06T21:29:19","date_gmt":"2021-12-06T21:29:19","guid":{"rendered":"https:\/\/moodle.localhost\/wp\/?page_id=685"},"modified":"2024-05-15T04:05:00","modified_gmt":"2024-05-15T04:05:00","slug":"expertise","status":"publish","type":"page","link":"https:\/\/metcomtech.com\/fr\/expertise\/","title":{"rendered":"Comp\u00e9tence"},"content":{"rendered":"<p>L&#039;expertise de Metcom couvre tous les aspects de l&#039;am\u00e9lioration des performances de traitement des circuits de broyage et de classification des usines.<\/p>\n\n\n\n<div class=\"wp-block-columns is-layout-flex wp-container-core-columns-is-layout-28f84493 wp-block-columns-is-layout-flex\">\n<div class=\"wp-block-column is-layout-flow wp-block-column-is-layout-flow\" style=\"flex-basis:10%\">\n<p>Ceci comprend:<\/p>\n<\/div>\n\n\n\n<div class=\"wp-block-column is-layout-flow wp-block-column-is-layout-flow\" style=\"flex-basis:66.66%\">\n<ul class=\"wp-block-list\" id=\"block-ebc71952-04c0-4b1f-be49-f7685cdca9a0\"><li><strong>Broyeurs (\u00e0 boulets, \u00e0 tiges, \u00e0 galets et AG\/SAG)<br><\/strong><br><\/li><li><strong>Hydrocyclones<br><\/strong><br><\/li><li><strong>Billes et tiges de broyage<br><\/strong><br><\/li><li><strong>Pompes \u00e0 lisier<br><\/strong><br><\/li><li><strong>Meulage haute pression<br><\/strong><br><\/li><li><strong>Conception et optimisation de circuits de broyage<br><\/strong><br><\/li><li><strong>Interfa\u00e7age avec les processus amont (extraction, concassage) et aval (s\u00e9paration des min\u00e9raux)<br><\/strong><br><\/li><li><strong>Optimisation de la consommation d&#039;\u00e9nergie<br><\/strong><br><\/li><li><strong>Gestion de l&#039;eau<br><\/strong><br><\/li><li><strong>Philosophie de contr\u00f4le du circuit de meulage<\/strong><\/li><\/ul>\n<\/div>\n<\/div>\n\n\n\n<p><strong><a href=\"https:\/\/moodle.localhost\/wp\/contact\/\" data-type=\"page\" data-id=\"19\"><span style=\"color:#2ba100\" class=\"has-inline-color\">Contacter Metcom<\/span><\/a> <\/strong>aujourd&#039;hui pour voir comment nous pouvons appliquer notre expertise pour am\u00e9liorer les probl\u00e8mes li\u00e9s \u00e0 votre circuit de meulage.<\/p>\n\n\n\n<p><\/p>","protected":false},"excerpt":{"rendered":"<p>Metcom expertise covers all aspects of improving the processing performance of plant grinding and classification circuits. This Includes: Grinding mills (ball, rod, pebble and AG\/SAG) Hydrocyclones Grinding balls and rods Slurry pumps High pressure grinding Grinding circuit design and optimization Interfacing with upstream (mining, crushing) and downstream (mineral separation) processes Energy usage optimization Water management [&hellip;]<\/p>\n","protected":false},"author":1,"featured_media":0,"parent":0,"menu_order":0,"comment_status":"closed","ping_status":"closed","template":"wp-custom-template-a1-main-template","meta":{"footnotes":""},"class_list":["post-685","page","type-page","status-publish","hentry"],"_links":{"self":[{"href":"https:\/\/metcomtech.com\/fr\/wp-json\/wp\/v2\/pages\/685","targetHints":{"allow":["GET"]}}],"collection":[{"href":"https:\/\/metcomtech.com\/fr\/wp-json\/wp\/v2\/pages"}],"about":[{"href":"https:\/\/metcomtech.com\/fr\/wp-json\/wp\/v2\/types\/page"}],"author":[{"embeddable":true,"href":"https:\/\/metcomtech.com\/fr\/wp-json\/wp\/v2\/users\/1"}],"replies":[{"embeddable":true,"href":"https:\/\/metcomtech.com\/fr\/wp-json\/wp\/v2\/comments?post=685"}],"version-history":[{"count":6,"href":"https:\/\/metcomtech.com\/fr\/wp-json\/wp\/v2\/pages\/685\/revisions"}],"predecessor-version":[{"id":774,"href":"https:\/\/metcomtech.com\/fr\/wp-json\/wp\/v2\/pages\/685\/revisions\/774"}],"wp:attachment":[{"href":"https:\/\/metcomtech.com\/fr\/wp-json\/wp\/v2\/media?parent=685"}],"curies":[{"name":"wp","href":"https:\/\/api.w.org\/{rel}","templated":true}]}}