{"id":784,"date":"2021-12-07T16:00:57","date_gmt":"2021-12-07T16:00:57","guid":{"rendered":"https:\/\/moodle.localhost\/wp\/?page_id=784"},"modified":"2024-05-15T04:16:27","modified_gmt":"2024-05-15T04:16:27","slug":"training-terms-conditions","status":"publish","type":"page","link":"https:\/\/metcomtech.com\/fr\/training-terms-conditions\/","title":{"rendered":"Conditions g\u00e9n\u00e9rales de formation"},"content":{"rendered":"<p><strong>Les termes et conditions suivants sont applicables \u00e0 toutes les formations Metcom\u00a0:<\/strong><\/p>\n\n\n\n<div class=\"wp-block-columns is-layout-flex wp-container-core-columns-is-layout-28f84493 wp-block-columns-is-layout-flex\">\n<div class=\"wp-block-column is-layout-flow wp-block-column-is-layout-flow\" style=\"flex-basis:10%\"><\/div>\n\n\n\n<div class=\"wp-block-column is-layout-flow wp-block-column-is-layout-flow\" style=\"flex-basis:66.66%\">\n<ul class=\"wp-block-list\"><li>Tous les participants \u00e0 la formation doivent signer et retourner le formulaire d\u2019accord de participant Metcom avant de recevoir l\u2019acc\u00e8s au mat\u00e9riel de formation.<\/li><\/ul>\n\n\n\n<div class=\"wp-block-buttons is-layout-flex wp-block-buttons-is-layout-flex\">\n<div class=\"wp-block-button\"><a class=\"wp-block-button__link\">T\u00e9l\u00e9charger l&#039;accord de participant Metcom<\/a><\/div>\n<\/div>\n<\/div>\n<\/div>","protected":false},"excerpt":{"rendered":"<p>Les conditions g\u00e9n\u00e9rales suivantes s&#039;appliquent \u00e0 toutes les formations Metcom : Tous les participants \u00e0 la formation doivent signer et renvoyer le formulaire d&#039;accord de participation \u00e0 Metcom avant de recevoir l&#039;acc\u00e8s au mat\u00e9riel de formation.<\/p>","protected":false},"author":1,"featured_media":0,"parent":0,"menu_order":0,"comment_status":"closed","ping_status":"closed","template":"wp-custom-template-a1-main-template","meta":{"footnotes":""},"class_list":["post-784","page","type-page","status-publish","hentry"],"_links":{"self":[{"href":"https:\/\/metcomtech.com\/fr\/wp-json\/wp\/v2\/pages\/784","targetHints":{"allow":["GET"]}}],"collection":[{"href":"https:\/\/metcomtech.com\/fr\/wp-json\/wp\/v2\/pages"}],"about":[{"href":"https:\/\/metcomtech.com\/fr\/wp-json\/wp\/v2\/types\/page"}],"author":[{"embeddable":true,"href":"https:\/\/metcomtech.com\/fr\/wp-json\/wp\/v2\/users\/1"}],"replies":[{"embeddable":true,"href":"https:\/\/metcomtech.com\/fr\/wp-json\/wp\/v2\/comments?post=784"}],"version-history":[{"count":1,"href":"https:\/\/metcomtech.com\/fr\/wp-json\/wp\/v2\/pages\/784\/revisions"}],"predecessor-version":[{"id":787,"href":"https:\/\/metcomtech.com\/fr\/wp-json\/wp\/v2\/pages\/784\/revisions\/787"}],"wp:attachment":[{"href":"https:\/\/metcomtech.com\/fr\/wp-json\/wp\/v2\/media?parent=784"}],"curies":[{"name":"wp","href":"https:\/\/api.w.org\/{rel}","templated":true}]}}