{"id":790,"date":"2021-12-07T16:12:48","date_gmt":"2021-12-07T16:12:48","guid":{"rendered":"https:\/\/moodle.localhost\/wp\/?page_id=790"},"modified":"2024-08-06T14:28:48","modified_gmt":"2024-08-06T14:28:48","slug":"terms-conditions","status":"publish","type":"page","link":"https:\/\/metcomtech.com\/fr\/terms-conditions\/","title":{"rendered":"Conditions g\u00e9n\u00e9rales de formation"},"content":{"rendered":"<p>Les termes et conditions suivants sont applicables \u00e0 toutes les formations Metcom\u00a0:<\/p>\n\n\n\n<div class=\"wp-block-columns is-layout-flex wp-container-core-columns-is-layout-28f84493 wp-block-columns-is-layout-flex\">\n<div class=\"wp-block-column is-layout-flow wp-block-column-is-layout-flow\" style=\"flex-basis:5%\"><\/div>\n\n\n\n<div class=\"wp-block-column is-layout-flow wp-block-column-is-layout-flow\" style=\"flex-basis:66.66%\">\n<ul class=\"wp-block-list\">\n<li>Tous les participants \u00e0 la formation doivent remplir et soumettre un accord de participant Metcom avant de d\u00e9livrer leurs identifiants d&#039;acc\u00e8s.<\/li>\n<\/ul>\n\n\n\n<div class=\"wp-block-buttons is-horizontal is-content-justification-left is-layout-flex wp-container-core-buttons-is-layout-20be11b6 wp-block-buttons-is-layout-flex\">\n<div class=\"wp-block-button\"><a class=\"wp-block-button__link wp-element-button\" href=\"http:\/\/moodle.localhost\/wp\/wp-content\/uploads\/2021\/12\/Metcom-Participant-Agreement-ENG.pdf\"><span class=\"has-inline-color has-luminous-vivid-amber-color\">T\u00e9l\u00e9charger l&#039;accord de participant Metcom<\/span><\/a><\/div>\n<\/div>\n\n\n\n<h4 class=\"wp-block-heading\">Conditions d\u00e9crites dans l\u2019accord de participant Metcom\u00a0:<\/h4>\n\n\n\n<ul class=\"wp-block-list\">\n<li>Les participants \u00e0 la formation s&#039;engagent \u00e0 ne pas copier, reproduire ou distribuer les documents r\u00e9dig\u00e9s par Metcom par quelque moyen que ce soit, en tout ou en partie, sauf comme sp\u00e9cifiquement exprim\u00e9 par \u00e9crit par le fournisseur et\/ou comme pr\u00e9vu par la loi sur le droit d&#039;auteur. <\/li>\n<\/ul>\n\n\n\n<ul class=\"wp-block-list\">\n<li>Les participants \u00e0 la formation comprennent qu&#039;ils peuvent imprimer des copies des feuilles de travail sans restriction ou s\u00e9lectionner des pages des modules de formation pour leur usage personnel uniquement. <\/li>\n<\/ul>\n\n\n\n<ul class=\"wp-block-list\">\n<li>Les participants \u00e0 la formation ne peuvent en aucun cas copier\/compiler un ou plusieurs modules complets sans l&#039;autorisation \u00e9crite du prestataire.<\/li>\n<\/ul>\n\n\n\n<ul class=\"wp-block-list\">\n<li>Les participants \u00e0 la formation doivent sp\u00e9cifier le site autoris\u00e9 \u00e0 utiliser le mat\u00e9riel de formation Metcom.<\/li>\n<\/ul>\n\n\n\n<ul class=\"wp-block-list\">\n<li>Les participants \u00e0 la formation acceptent de ne pas partager leurs noms d&#039;utilisateur et mots de passe (utilis\u00e9s pour acc\u00e9der au mat\u00e9riel par voie \u00e9lectronique) avec d&#039;autres. Ils peuvent utiliser le mat\u00e9riel, y compris les r\u00e9f\u00e9rences et le partage d&#039;informations sp\u00e9cifiques n\u00e9cessaires \u00e0 l&#039;ex\u00e9cution des t\u00e2ches de travail, avec d&#039;autres personnes employ\u00e9es \u00e0 leur emplacement sp\u00e9cifi\u00e9.<\/li>\n<\/ul>\n\n\n\n<hr class=\"wp-block-separator has-css-opacity\"\/>\n\n\n\n<p><strong>Autres termes:<\/strong><\/p>\n\n\n\n<ul class=\"wp-block-list\">\n<li>Les prix incluent les tests de certification, sauf indication contraire. Certificat d&#039;accr\u00e9ditation de l&#039;Institut canadien des ing\u00e9nieurs dot\u00e9 de programmes multi-modules.<\/li>\n<\/ul>\n\n\n\n<ul class=\"wp-block-list\">\n<li>Les prix sont par Module ou par Programme pour chaque Participant, en $US, toutes taxes applicables en sus. R\u00e9sidents canadiens, ajoutez la TPS ou la TVH. R\u00e9sidents du Qu\u00e9bec, ajoutez la TPS et la TVQ.<\/li>\n<\/ul>\n\n\n\n<ul class=\"wp-block-list\">\n<li>Les prix sont valables 30 jours \u00e0 compter de la date de l&#039;offre Metcom, sinon sujets \u00e0 changement sans pr\u00e9avis.<\/li>\n<\/ul>\n\n\n\n<ul class=\"wp-block-list\">\n<li>Des frais d&#039;inscription $215 sont requis pour toute formation en ligne et sont valables 12 mois, apr\u00e8s quoi des frais de renouvellement d&#039;acc\u00e8s en ligne de $195\/an sont requis pour maintenir l&#039;acc\u00e8s.<\/li>\n<\/ul>\n<\/div>\n<\/div>","protected":false},"excerpt":{"rendered":"<p>Les conditions g\u00e9n\u00e9rales suivantes s&#039;appliquent \u00e0 toutes les formations Metcom : Conditions d\u00e9crites dans l&#039;accord de participation Metcom : Autres conditions :<\/p>","protected":false},"author":1,"featured_media":0,"parent":0,"menu_order":0,"comment_status":"closed","ping_status":"closed","template":"wp-custom-template-a1-main-template","meta":{"footnotes":""},"class_list":["post-790","page","type-page","status-publish","hentry"],"_links":{"self":[{"href":"https:\/\/metcomtech.com\/fr\/wp-json\/wp\/v2\/pages\/790","targetHints":{"allow":["GET"]}}],"collection":[{"href":"https:\/\/metcomtech.com\/fr\/wp-json\/wp\/v2\/pages"}],"about":[{"href":"https:\/\/metcomtech.com\/fr\/wp-json\/wp\/v2\/types\/page"}],"author":[{"embeddable":true,"href":"https:\/\/metcomtech.com\/fr\/wp-json\/wp\/v2\/users\/1"}],"replies":[{"embeddable":true,"href":"https:\/\/metcomtech.com\/fr\/wp-json\/wp\/v2\/comments?post=790"}],"version-history":[{"count":9,"href":"https:\/\/metcomtech.com\/fr\/wp-json\/wp\/v2\/pages\/790\/revisions"}],"predecessor-version":[{"id":3194,"href":"https:\/\/metcomtech.com\/fr\/wp-json\/wp\/v2\/pages\/790\/revisions\/3194"}],"wp:attachment":[{"href":"https:\/\/metcomtech.com\/fr\/wp-json\/wp\/v2\/media?parent=790"}],"curies":[{"name":"wp","href":"https:\/\/api.w.org\/{rel}","templated":true}]}}