{"id":842,"date":"2021-12-10T20:06:37","date_gmt":"2021-12-10T20:06:37","guid":{"rendered":"https:\/\/moodle.localhost\/wp\/?page_id=842"},"modified":"2024-05-15T04:15:44","modified_gmt":"2024-05-15T04:15:44","slug":"request-training-quotation","status":"publish","type":"page","link":"https:\/\/metcomtech.com\/fr\/request-training-quotation\/","title":{"rendered":"Demander un devis de formation"},"content":{"rendered":"<p>Remplissez le formulaire de contact ci-dessous pour nous aider \u00e0 pr\u00e9parer un devis de formation formel r\u00e9pondant \u00e0 vos besoins.<\/p>\n\n\n\n<div class=\"wp-block-contact-form-7-contact-form-selector\"><p class=\"wpcf7-contact-form-not-found\"><strong>Erreur :<\/strong> Formulaire de contact non trouv\u00e9 !<\/p><\/div>","protected":false},"excerpt":{"rendered":"<p>Remplissez le formulaire de contact ci-dessous pour nous aider \u00e0 pr\u00e9parer un devis de formation formel r\u00e9pondant \u00e0 vos besoins.<\/p>","protected":false},"author":1,"featured_media":0,"parent":0,"menu_order":0,"comment_status":"closed","ping_status":"closed","template":"wp-custom-template-a1-main-template","meta":{"footnotes":""},"class_list":["post-842","page","type-page","status-publish","hentry"],"_links":{"self":[{"href":"https:\/\/metcomtech.com\/fr\/wp-json\/wp\/v2\/pages\/842","targetHints":{"allow":["GET"]}}],"collection":[{"href":"https:\/\/metcomtech.com\/fr\/wp-json\/wp\/v2\/pages"}],"about":[{"href":"https:\/\/metcomtech.com\/fr\/wp-json\/wp\/v2\/types\/page"}],"author":[{"embeddable":true,"href":"https:\/\/metcomtech.com\/fr\/wp-json\/wp\/v2\/users\/1"}],"replies":[{"embeddable":true,"href":"https:\/\/metcomtech.com\/fr\/wp-json\/wp\/v2\/comments?post=842"}],"version-history":[{"count":3,"href":"https:\/\/metcomtech.com\/fr\/wp-json\/wp\/v2\/pages\/842\/revisions"}],"predecessor-version":[{"id":851,"href":"https:\/\/metcomtech.com\/fr\/wp-json\/wp\/v2\/pages\/842\/revisions\/851"}],"wp:attachment":[{"href":"https:\/\/metcomtech.com\/fr\/wp-json\/wp\/v2\/media?parent=842"}],"curies":[{"name":"wp","href":"https:\/\/api.w.org\/{rel}","templated":true}]}}