{"id":1010,"date":"2021-12-13T22:15:46","date_gmt":"2021-12-13T22:15:46","guid":{"rendered":"https:\/\/moodle.localhost\/wp\/?post_type=product&#038;p=1010"},"modified":"2022-01-04T21:13:10","modified_gmt":"2022-01-04T21:13:10","slug":"streamline","status":"publish","type":"product","link":"https:\/\/metcomtech.com\/fr\/produit\/streamline\/","title":{"rendered":"Licence du logiciel Streamline\u2122"},"content":{"rendered":"<p><strong>Streamline<\/strong>\u2122 est une application r\u00e9volutionnaire de mod\u00e9lisation de broyeurs \u00e0 boulets qui utilise l&#039;analyse des performances fonctionnelles pour am\u00e9liorer les performances des circuits.<\/p>\n<p>L&#039;application utilise les donn\u00e9es d&#039;enqu\u00eate sur l&#039;usine pour construire un mod\u00e8le de r\u00e9duction de la taille du broyeur \u00e0 boulets repr\u00e9sent\u00e9 par des taux de broyage cumul\u00e9s r\u00e9els pour toutes les classes de taille. Les performances de s\u00e9paration cyclonique sont caract\u00e9ris\u00e9es \u00e0 l\u2019aide de r\u00e9cup\u00e9rations taille par taille jusqu\u2019au sous-versement. Ce mod\u00e8le de circuit \u00e0 deux unit\u00e9s, facile \u00e0 construire, reproduit parfaitement les distributions de taille et les d\u00e9bits massiques de l&#039;enqu\u00eate sur le circuit.<\/p>\n<p>Les performances de la pompe et du cyclone peuvent ensuite \u00eatre ajust\u00e9es \u00e0 l&#039;aide de la proc\u00e9dure \u00e9tape par \u00e9tape fournie pour maximiser <strong>Efficacit\u00e9 du syst\u00e8me de classification<\/strong> (CSE), la m\u00e9trique d&#039;optimisation.<\/p>\n<p><img loading=\"lazy\" decoding=\"async\" class=\"alignnone wp-image-1011\" src=\"https:\/\/moodle.localhost\/wp\/wp-content\/uploads\/2021\/12\/StreamlineSS-300x125.jpg\" alt=\"\" width=\"499\" height=\"208\" srcset=\"https:\/\/metcomtech.com\/wp-content\/uploads\/2021\/12\/StreamlineSS-300x125.jpg 300w, https:\/\/metcomtech.com\/wp-content\/uploads\/2021\/12\/StreamlineSS-200x83.jpg 200w, https:\/\/metcomtech.com\/wp-content\/uploads\/2021\/12\/StreamlineSS-18x7.jpg 18w, https:\/\/metcomtech.com\/wp-content\/uploads\/2021\/12\/StreamlineSS-262x109.jpg 262w, https:\/\/metcomtech.com\/wp-content\/uploads\/2021\/12\/StreamlineSS.jpg 750w\" sizes=\"auto, (max-width: 499px) 100vw, 499px\" \/><\/p>\n<p>Streamline\u2122 est facile \u00e0 comprendre et \u00e0 utiliser, il est enti\u00e8rement pris en charge par des didacticiels vid\u00e9o, une assistance technique en direct et des modules de formation associ\u00e9s du <strong>Syst\u00e8me de gestion du processus de broyage Metcom.<\/strong><\/p>\n<p>Streamline\u2122 ne ressemble \u00e0 aucun autre syst\u00e8me de mod\u00e9lisation de circuits. Il s\u2019agit essentiellement d\u2019un \u00ab outil d\u2019optimisation CSE \u00bb. Les gains CSE projet\u00e9s sont mod\u00e9lis\u00e9s \u00e0 l&#039;aide de divers sc\u00e9narios d&#039;essai et appliqu\u00e9s sous forme de puissance r\u00e9duite du broyeur \u00e0 boulets, d&#039;augmentation du d\u00e9bit du circuit ou de taille de produit plus fine. Une compr\u00e9hension fondamentale de la performance fonctionnelle, de l\u2019efficacit\u00e9 du syst\u00e8me de classification et des m\u00e9thodologies permettant de manipuler les performances des pompes et des hydrocyclones est n\u00e9cessaire pour utiliser efficacement Streamline.<\/p>\n<p>Ces comp\u00e9tences et connaissances sont fournies dans le programme Metcom <a href=\"https:\/\/moodle.localhost\/wp\/product\/classification-system-efficiency-cse-training-program\"><strong>Programme de formation sur l\u2019efficacit\u00e9 des syst\u00e8mes de classification (CSE)<\/strong><\/a><\/p>\n<p>Il est fortement recommand\u00e9 d&#039;avoir termin\u00e9 ce programme avant d&#039;utiliser Streamline. Le programme comprend les modules de formation suivants :<\/p>\n<ul>\n<li>Module 5 \u2013 Performance fonctionnelle du broyeur \u00e0 boulets<\/li>\n<li>Module 7 \u2013 Performances des hydrocyclones<\/li>\n<li>Module 8 \u2013 Ajustements des hydrocyclones<\/li>\n<li>Module 9 \u2013 Pompage de la pulpe<\/li>\n<li>Module 18 \u2013 \u00c9valuation de la classification des circuits<\/li>\n<\/ul>\n<p>La dur\u00e9e estim\u00e9e pour l&#039;ensemble du programme est d&#039;environ 16 heures.<\/p>\n<p>Streamline\u2122 est une application informatique Microsoft Windows et n\u00e9cessite que l&#039;utilisateur ait install\u00e9 Microsoft Excel.<\/p>\n<p><strong>Configuration requise:<\/strong><\/p>\n<ul>\n<li>Windows 10 ou sup\u00e9rieur<\/li>\n<li>Excel 2010 ou sup\u00e9rieur<\/li>\n<li>Des privil\u00e8ges d&#039;administrateur peuvent \u00eatre requis pour l&#039;installation du programme<\/li>\n<\/ul>\n<p><strong>Contrat de licence utilisateur final (CLUF)<\/strong><\/p>\n<p>Cet accord de licence d&#039;utilisateur final (\u00ab CLUF \u00bb) est un accord juridique entre vous et Metcom Technologies, Inc.<\/p>\n<p>Cet accord CLUF r\u00e9git votre acquisition et votre utilisation de notre logiciel Streamline (\u00ab Logiciel \u00bb) directement aupr\u00e8s de Metcom Technologies, Inc. ou indirectement par l&#039;interm\u00e9diaire d&#039;un revendeur ou distributeur agr\u00e9\u00e9 Metcom Technologies, Inc. (un \u00ab Revendeur \u00bb).<\/p>\n<p>Veuillez lire attentivement cet accord CLUF avant de terminer le processus d&#039;installation et d&#039;utiliser le logiciel Streamline. Il fournit une licence pour utiliser le logiciel Streamline et contient des informations sur la garantie et des clauses de non-responsabilit\u00e9.<\/p>\n<p>Si vous vous inscrivez pour un essai gratuit du logiciel Streamline, cet accord EULA r\u00e9gira \u00e9galement cet essai. En cliquant sur \u00ab\u00a0accepter\u00a0\u00bb ou en installant et\/ou en utilisant le logiciel Streamline, vous confirmez votre acceptation du logiciel et acceptez d&#039;\u00eatre li\u00e9 par les termes de cet accord CLUF.<\/p>\n<p>Si vous concluez cet accord CLUF au nom d&#039;une soci\u00e9t\u00e9 ou d&#039;une autre entit\u00e9 juridique, vous d\u00e9clarez que vous avez le pouvoir de lier cette entit\u00e9 et ses soci\u00e9t\u00e9s affili\u00e9es \u00e0 ces termes et conditions. Si vous ne disposez pas d&#039;une telle autorit\u00e9 ou si vous n&#039;acceptez pas les termes et conditions de cet accord EULA, n&#039;installez ni n&#039;utilisez le logiciel et vous ne devez pas accepter cet accord EULA.<\/p>\n<p>Cet accord CLUF s&#039;applique uniquement au logiciel fourni par Metcom Technologies, Inc., ind\u00e9pendamment du fait qu&#039;un autre logiciel soit mentionn\u00e9 ou d\u00e9crit dans les pr\u00e9sentes. Les conditions s&#039;appliquent \u00e9galement \u00e0 toutes les mises \u00e0 jour, suppl\u00e9ments, services Internet et services de support de Metcom Technologies, Inc. pour le logiciel, \u00e0 moins que d&#039;autres conditions n&#039;accompagnent ces articles \u00e0 la livraison. Dans l&#039;affirmative, ces termes s&#039;appliquent.<\/p>\n<p><strong>Octroi de licence<\/strong><br \/>\nMetcom Technologies, Inc. vous accorde par la pr\u00e9sente une licence personnelle, non transf\u00e9rable et non exclusive pour utiliser le logiciel Streamline sur vos appareils conform\u00e9ment aux termes de cet accord CLUF.<\/p>\n<p>Vous \u00eates autoris\u00e9 \u00e0 charger le logiciel Streamline sur un seul PC ou ordinateur portable sous votre contr\u00f4le.<\/p>\n<p>Cette licence est valable un an \u00e0 compter du moment o\u00f9 la cl\u00e9 de licence d\u00e9verrouillant Streamline est fournie \u00e0 l&#039;utilisateur final.<\/p>\n<p>L&#039;installation et la configuration n\u00e9cessitent que vous fournissiez \u00e0 Metcom un \u00ab ID d&#039;ordinateur \u00bb unique \u00e0 l&#039;appareil sur lequel Streamline est install\u00e9. Dans le cas o\u00f9 l&#039;utilisateur final change d&#039;appareil et souhaite installer Streamline sur un nouvel appareil, l&#039;installation Streamline sur l&#039;appareil pr\u00e9c\u00e9dent doit \u00eatre d\u00e9sinstall\u00e9e. Une nouvelle cl\u00e9 de licence d\u00e9verrouillant Streamline pour le nouvel appareil sera fournie apr\u00e8s confirmation que l&#039;installation pr\u00e9c\u00e9dente a \u00e9t\u00e9 supprim\u00e9e.<\/p>\n<p>Tous les utilisateurs finaux de Streamline\u2122 doivent remplir et retourner <strong>Accord de participant Metcom<\/strong> reconnaissant qu&#039;ils comprennent la protection des droits d&#039;auteur de la propri\u00e9t\u00e9 intellectuelle de Metcom.<\/p>\n<p>Vous \u00eates responsable de vous assurer que votre appareil r\u00e9pond aux exigences minimales du logiciel Streamline\u2122.<\/p>\n<p><strong>Vous n&#039;\u00eates pas autoris\u00e9 \u00e0\u00a0:<\/strong><\/p>\n<ul>\n<li>\u00c9diter, alt\u00e9rer, modifier, adapter, traduire ou autrement changer tout ou partie du Logiciel, ni permettre que tout ou partie du Logiciel soit combin\u00e9 ou incorpor\u00e9 dans un autre logiciel, ni d\u00e9compiler, d\u00e9sassembler ou proc\u00e9der \u00e0 une ing\u00e9nierie inverse du Logiciel ou tentative de faire de telles choses.<\/li>\n<li>Reproduire, copier, distribuer, revendre ou utiliser de toute autre mani\u00e8re le Logiciel \u00e0 des fins commerciales<\/li>\n<li>Autoriser tout tiers \u00e0 utiliser le Logiciel au nom ou au profit d&#039;un tiers<\/li>\n<li>Utiliser le Logiciel d&#039;une mani\u00e8re qui enfreint toute loi locale, nationale ou internationale applicable<\/li>\n<li>Utiliser le logiciel \u00e0 toute fin que Metcom Technologies, Inc. consid\u00e8re comme une violation du pr\u00e9sent accord CLUF.<\/li>\n<\/ul>\n<p><strong>Propri\u00e9t\u00e9 intellectuelle et propri\u00e9t\u00e9<\/strong><br \/>\nMetcom Technologies, Inc. conservera \u00e0 tout moment la propri\u00e9t\u00e9 du logiciel tel que t\u00e9l\u00e9charg\u00e9 initialement par vous et de tous les t\u00e9l\u00e9chargements ult\u00e9rieurs du logiciel par vous. Le logiciel (ainsi que les droits d&#039;auteur et autres droits de propri\u00e9t\u00e9 intellectuelle de quelque nature que ce soit sur le logiciel, y compris toute modification apport\u00e9e \u00e0 celui-ci) sont et resteront la propri\u00e9t\u00e9 de Metcom Technologies, Inc.<\/p>\n<p>Metcom Technologies, Inc. se r\u00e9serve le droit d&#039;accorder des licences d&#039;utilisation du logiciel \u00e0 des tiers.<\/p>\n<p><strong>R\u00e9siliation<\/strong><br \/>\nCet accord CLUF entre en vigueur \u00e0 la date \u00e0 laquelle vous utilisez le logiciel pour la premi\u00e8re fois et se poursuivra jusqu&#039;\u00e0 sa r\u00e9siliation. Vous pouvez y mettre fin \u00e0 tout moment sur notification \u00e9crite \u00e0 Metcom Technologies, Inc.<\/p>\n<p>Il prendra \u00e9galement fin imm\u00e9diatement si vous ne respectez pas l&#039;une des conditions de cet accord CLUF. Lors d&#039;une telle r\u00e9siliation, les licences accord\u00e9es par le pr\u00e9sent accord CLUF prendront imm\u00e9diatement fin et vous acceptez de cesser tout acc\u00e8s et toute utilisation du logiciel. Les dispositions qui, de par leur nature, perdurent et survivent survivront \u00e0 toute r\u00e9siliation du pr\u00e9sent accord CLUF.<\/p>\n<p><strong>Loi applicable<\/strong><br \/>\nCet accord EULA, ainsi que tout litige d\u00e9coulant de ou en relation avec cet accord EULA, seront r\u00e9gis et interpr\u00e9t\u00e9s conform\u00e9ment aux lois des \u00c9tats-Unis.<\/p>","protected":false},"excerpt":{"rendered":"<p><strong>Licence du logiciel Streamline\u2122<\/strong><\/p>\n<p>Comprend l&#039;installation initiale sur <span style=\"text-decoration: underline;\"><strong>un (1) ordinateur<\/strong><\/span> et 1 an de support et d&#039;utilisation du programme.<\/p>\n<ul>\n<li><em>Des frais annuels de renouvellement de licence de logiciel de $395,00 sont requis pour une utilisation continue apr\u00e8s la premi\u00e8re ann\u00e9e.<\/em><\/li>\n<\/ul>","protected":false},"featured_media":1012,"template":"","meta":[],"product_brand":[],"product_cat":[32],"product_tag":[],"class_list":{"0":"post-1010","1":"product","2":"type-product","3":"status-publish","4":"has-post-thumbnail","6":"product_cat-software","8":"first","9":"instock","10":"virtual","11":"taxable","12":"purchasable","13":"product-type-simple"},"_links":{"self":[{"href":"https:\/\/metcomtech.com\/fr\/wp-json\/wp\/v2\/product\/1010","targetHints":{"allow":["GET"]}}],"collection":[{"href":"https:\/\/metcomtech.com\/fr\/wp-json\/wp\/v2\/product"}],"about":[{"href":"https:\/\/metcomtech.com\/fr\/wp-json\/wp\/v2\/types\/product"}],"wp:featuredmedia":[{"embeddable":true,"href":"https:\/\/metcomtech.com\/fr\/wp-json\/wp\/v2\/media\/1012"}],"wp:attachment":[{"href":"https:\/\/metcomtech.com\/fr\/wp-json\/wp\/v2\/media?parent=1010"}],"wp:term":[{"taxonomy":"product_brand","embeddable":true,"href":"https:\/\/metcomtech.com\/fr\/wp-json\/wp\/v2\/product_brand?post=1010"},{"taxonomy":"product_cat","embeddable":true,"href":"https:\/\/metcomtech.com\/fr\/wp-json\/wp\/v2\/product_cat?post=1010"},{"taxonomy":"product_tag","embeddable":true,"href":"https:\/\/metcomtech.com\/fr\/wp-json\/wp\/v2\/product_tag?post=1010"}],"curies":[{"name":"wp","href":"https:\/\/api.w.org\/{rel}","templated":true}]}}