{"id":3336,"date":"2025-01-08T17:52:26","date_gmt":"2025-01-08T17:52:26","guid":{"rendered":"https:\/\/metcomtech.com\/?post_type=product&#038;p=3336"},"modified":"2025-09-26T20:29:06","modified_gmt":"2025-09-26T20:29:06","slug":"3336","status":"publish","type":"product","link":"https:\/\/metcomtech.com\/fr\/produit\/3336\/","title":{"rendered":"CSE\u00a0: Calculs de pompes et de cyclones pour maximiser l&#039;efficacit\u00e9 du circuit de broyage"},"content":{"rendered":"<p><strong>CSE : Calculs de pompes et de cyclones pour maximiser l&#039;efficacit\u00e9 du circuit de broyage<\/strong><br \/>\n<strong>Atelier de 2 jours<\/strong><br \/>\n27 et 28 octobre 2025<br \/>\nWilliams Lake, Colombie-Britannique, Canada<\/p>\n<p>Ramada by Wyndham<br \/>\n1118, croissant Lakeview,<br \/>\nWilliams Lake, Colombie-Britannique, Canada<\/p>\n<p>Ce cours d&#039;efficacit\u00e9 des syst\u00e8mes de classification (CSE) couvre les calculs de conception des applications de proc\u00e9d\u00e9s pour les pompes \u00e0 boues et les hydrocyclones afin d&#039;optimiser l&#039;efficacit\u00e9 et la productivit\u00e9 du circuit de broyage. Comme d\u00e9crit dans le magazine Mining Engineering, les avantages quantifiables en termes d&#039;augmentation du tonnage, de broyage plus fin pour une meilleure r\u00e9cup\u00e9ration, et de r\u00e9duction de la consommation d&#039;\u00e9nergie et des co\u00fbts sont souvent tr\u00e8s importants.<\/p>\n<p>Les participants recevront des documents en classe, des exercices, des pr\u00e9sentations de diapositives, ainsi qu&#039;un acc\u00e8s en ligne aux formations Metcom suivantes\u00a0:<\/p>\n<p>Module 5 \u2013 Performances fonctionnelles du broyage \u00e0 boulets<br \/>\nModule 7 \u2013 Performances des hydrocyclones<br \/>\nModule 8 \u2013 R\u00e9glages de l&#039;hydrocyclone<br \/>\nModule 9 \u2013 Pompage des boues<br \/>\nModule 18 \u2013 \u00c9valuation de la classification des circuits<\/p>\n<p>Apr\u00e8s avoir pass\u00e9 en revue ces sujets, nous pr\u00e9senterons l&#039;application de mod\u00e9lisation de circuits de broyeurs \u00e0 boulets Streamline de Metcom et r\u00e9aliserons divers exercices concrets avec ce logiciel. Les participants disposeront d&#039;une version d&#039;essai du logiciel pour r\u00e9aliser les exercices pr\u00e9sent\u00e9s en classe. Le programme Streamline utilise le m\u00eame crit\u00e8re d&#039;optimisation CSE que celui pr\u00e9sent\u00e9 dans le module 18 \u00ab\u00a0\u00c9valuation de la classification des circuits\u00a0\u00bb.<\/p>\n<p>Les participants doivent apporter leur ordinateur portable et une calculatrice de poche.<br \/>\nNombre total d&#039;heures de formation en classe : 16,0<br \/>\nNombre maximum de participants en classe : 20 participants<\/p>","protected":false},"excerpt":{"rendered":"<p><strong>Atelier de 2 jours<\/strong><br \/>\n27 et 28 octobre 2025<br \/>\nWilliams Lake, Colombie-Britannique, Canada<\/p>","protected":false},"featured_media":3573,"template":"","meta":[],"product_brand":[],"product_cat":[40],"product_tag":[],"class_list":{"0":"post-3336","1":"product","2":"type-product","3":"status-publish","4":"has-post-thumbnail","6":"product_cat-workshops","8":"first","9":"instock","10":"virtual","11":"taxable","12":"purchasable","13":"product-type-simple"},"_links":{"self":[{"href":"https:\/\/metcomtech.com\/fr\/wp-json\/wp\/v2\/product\/3336","targetHints":{"allow":["GET"]}}],"collection":[{"href":"https:\/\/metcomtech.com\/fr\/wp-json\/wp\/v2\/product"}],"about":[{"href":"https:\/\/metcomtech.com\/fr\/wp-json\/wp\/v2\/types\/product"}],"wp:featuredmedia":[{"embeddable":true,"href":"https:\/\/metcomtech.com\/fr\/wp-json\/wp\/v2\/media\/3573"}],"wp:attachment":[{"href":"https:\/\/metcomtech.com\/fr\/wp-json\/wp\/v2\/media?parent=3336"}],"wp:term":[{"taxonomy":"product_brand","embeddable":true,"href":"https:\/\/metcomtech.com\/fr\/wp-json\/wp\/v2\/product_brand?post=3336"},{"taxonomy":"product_cat","embeddable":true,"href":"https:\/\/metcomtech.com\/fr\/wp-json\/wp\/v2\/product_cat?post=3336"},{"taxonomy":"product_tag","embeddable":true,"href":"https:\/\/metcomtech.com\/fr\/wp-json\/wp\/v2\/product_tag?post=3336"}],"curies":[{"name":"wp","href":"https:\/\/api.w.org\/{rel}","templated":true}]}}