{"id":3356,"date":"2025-01-08T18:38:00","date_gmt":"2025-01-08T18:38:00","guid":{"rendered":"https:\/\/metcomtech.com\/?post_type=product&#038;p=3356"},"modified":"2025-09-29T14:29:30","modified_gmt":"2025-09-29T14:29:30","slug":"3356","status":"publish","type":"product","link":"https:\/\/metcomtech.com\/fr\/produit\/3356\/","title":{"rendered":"CSE\u00a0: Calculs de pompes et de cyclones pour maximiser l&#039;efficacit\u00e9 du circuit de broyage, ainsi que relev\u00e9s d&#039;usine, analyses en laboratoire et tests de broyabilit\u00e9."},"content":{"rendered":"<p><strong>CSE : Calculs de pompes et de cyclones pour maximiser l&#039;efficacit\u00e9 du circuit de broyage<\/strong><br \/>\nET<br \/>\n<strong>Inspection des installations, analyses en laboratoire et tests de broyabilit\u00e9<\/strong><\/p>\n<p><strong>Atelier de 3 jours + formation en ligne<\/strong><br \/>\n27 \u2013 29 octobre 2025<br \/>\nWilliams Lake, Colombie-Britannique, Canada<\/p>\n<p>Ramada by Wyndham<br \/>\n1118, croissant Lakeview,<br \/>\nWilliams Lake, Colombie-Britannique, Canada<\/p>\n<hr \/>\n<p><strong>Atelier CSE<\/strong><br \/>\n27 et 28 octobre<br \/>\nCe cours d&#039;efficacit\u00e9 des syst\u00e8mes de classification (CSE) couvre les calculs de conception des applications de proc\u00e9d\u00e9s pour les pompes \u00e0 boues et les hydrocyclones afin d&#039;optimiser l&#039;efficacit\u00e9 et la productivit\u00e9 du circuit de broyage. Comme d\u00e9crit dans le magazine Mining Engineering, les avantages quantifiables en termes d&#039;augmentation du tonnage, de broyage plus fin pour une meilleure r\u00e9cup\u00e9ration, et de r\u00e9duction de la consommation d&#039;\u00e9nergie et des co\u00fbts sont souvent tr\u00e8s importants.<\/p>\n<p>Les participants recevront des documents en classe, des exercices, des pr\u00e9sentations de diapositives, ainsi qu&#039;un acc\u00e8s en ligne aux formations Metcom suivantes\u00a0:<\/p>\n<ul>\n<li>Module 5 \u2013 Performances fonctionnelles du broyage \u00e0 boulets<\/li>\n<li>Module 7 \u2013 Performances des hydrocyclones<\/li>\n<li>Module 8 \u2013 R\u00e9glages de l&#039;hydrocyclone<\/li>\n<li>Module 9 \u2013 Pompage des boues<\/li>\n<li>Module 18 \u2013 \u00c9valuation de la classification des circuits<\/li>\n<\/ul>\n<p>Apr\u00e8s avoir pass\u00e9 en revue ces sujets, nous pr\u00e9senterons l&#039;application de mod\u00e9lisation de circuits de broyeurs \u00e0 boulets Streamline de Metcom et r\u00e9aliserons divers exercices concrets avec ce logiciel. Les participants disposeront d&#039;une version d&#039;essai du logiciel pour r\u00e9aliser les exercices pr\u00e9sent\u00e9s en classe. Le programme Streamline utilise le m\u00eame crit\u00e8re d&#039;optimisation CSE que celui pr\u00e9sent\u00e9 dans le module 18 \u00ab\u00a0\u00c9valuation de la classification des circuits\u00a0\u00bb.<\/p>\n<hr \/>\n<p><strong>Atelier d&#039;\u00e9tude des installations, d&#039;analyse en laboratoire et de tests de broyabilit\u00e9<\/strong><br \/>\n29 octobre<br \/>\nApr\u00e8s avoir appris \u00e0 mesurer et \u00e0 am\u00e9liorer l&#039;efficacit\u00e9 du circuit de broyage gr\u00e2ce \u00e0 l&#039;analyse quantitative des performances (CSE), cet atelier d\u00e9taillera les m\u00e9thodologies n\u00e9cessaires pour obtenir les donn\u00e9es n\u00e9cessaires en usine.<\/p>\n<p>Cet atelier est id\u00e9al pour les techniciens de laboratoire et les m\u00e9tallurgistes d&#039;usine qui apprendront \u00e0 r\u00e9aliser des campagnes de collecte d&#039;\u00e9chantillons d&#039;enqu\u00eate, des analyses en laboratoire et des tests de broyabilit\u00e9.<\/p>\n<p>Les modules de formation en ligne sur ces sujets durent g\u00e9n\u00e9ralement environ 13,5 heures. Pour dispenser cette formation en une journ\u00e9e, nous assignerons des modules de pr\u00e9paration \u00e0 certains sujets, \u00e0 r\u00e9aliser avant l&#039;atelier, les autres \u00e9tant abord\u00e9s en pr\u00e9sentiel.<\/p>\n<p>Module 10 \u2013 Donn\u00e9es existantes et requises<br \/>\nModule 11 \u2013 Guide d&#039;\u00e9chantillonnage des plantes et relev\u00e9s de circuits<br \/>\nModule 12 \u2013 Manipulation et analyses des \u00e9chantillons<br \/>\nModule 13 \u2013 Introduction aux tests de broyabilit\u00e9<br \/>\nModule 14 \u2013 Tests de broyabilit\u00e9 des liants<br \/>\nModule 15 \u2013 Essais de broyabilit\u00e9 par lots<\/p>\n<p>Deux semaines avant l&#039;atelier, chaque participant inscrit recevra un compte de formation en ligne Metcom lui permettant d&#039;acc\u00e9der \u00e0 tous les supports abord\u00e9s. Un guide pr\u00e9cisant les supports \u00e0 consulter avant l&#039;atelier sera \u00e9galement fourni.<\/p>\n<hr \/>\n<p>Les participants doivent apporter leur ordinateur portable et une calculatrice de poche.<br \/>\nNombre total d&#039;heures de formation en classe : 25,0<br \/>\nNombre total d&#039;heures de pr\u00e9paration en ligne\u00a0: 5,5<br \/>\nNombre maximum de participants en classe : 20 participants<\/p>","protected":false},"excerpt":{"rendered":"<p>Atelier de 3 jours du 27 au 29 octobre 2025, Williams Lake (C.-B.), Canada<\/p>","protected":false},"featured_media":3577,"template":"","meta":[],"product_brand":[],"product_cat":[40],"product_tag":[],"class_list":{"0":"post-3356","1":"product","2":"type-product","3":"status-publish","4":"has-post-thumbnail","6":"product_cat-workshops","8":"first","9":"instock","10":"virtual","11":"taxable","12":"purchasable","13":"product-type-simple"},"_links":{"self":[{"href":"https:\/\/metcomtech.com\/fr\/wp-json\/wp\/v2\/product\/3356","targetHints":{"allow":["GET"]}}],"collection":[{"href":"https:\/\/metcomtech.com\/fr\/wp-json\/wp\/v2\/product"}],"about":[{"href":"https:\/\/metcomtech.com\/fr\/wp-json\/wp\/v2\/types\/product"}],"wp:featuredmedia":[{"embeddable":true,"href":"https:\/\/metcomtech.com\/fr\/wp-json\/wp\/v2\/media\/3577"}],"wp:attachment":[{"href":"https:\/\/metcomtech.com\/fr\/wp-json\/wp\/v2\/media?parent=3356"}],"wp:term":[{"taxonomy":"product_brand","embeddable":true,"href":"https:\/\/metcomtech.com\/fr\/wp-json\/wp\/v2\/product_brand?post=3356"},{"taxonomy":"product_cat","embeddable":true,"href":"https:\/\/metcomtech.com\/fr\/wp-json\/wp\/v2\/product_cat?post=3356"},{"taxonomy":"product_tag","embeddable":true,"href":"https:\/\/metcomtech.com\/fr\/wp-json\/wp\/v2\/product_tag?post=3356"}],"curies":[{"name":"wp","href":"https:\/\/api.w.org\/{rel}","templated":true}]}}