{"id":3517,"date":"2025-05-02T17:37:50","date_gmt":"2025-05-02T17:37:50","guid":{"rendered":"https:\/\/metcomtech.com\/?post_type=product&#038;p=3517"},"modified":"2025-05-05T14:43:46","modified_gmt":"2025-05-05T14:43:46","slug":"complete-training-program-covering-rod-and-ball-mill-grinding-operations","status":"publish","type":"product","link":"https:\/\/metcomtech.com\/fr\/produit\/complete-training-program-covering-rod-and-ball-mill-grinding-operations\/","title":{"rendered":"Programme de formation complet couvrant les op\u00e9rations de broyage des broyeurs \u00e0 barres et \u00e0 boulets"},"content":{"rendered":"<p>Ce programme comprend 21 modules de formation et couvre les circuits de broyage \u00e0 barres et \u00e0 boulets.<br \/>\nLe temps d\u2019ex\u00e9cution estim\u00e9 est d\u2019environ 60 heures.<\/p>\n<h2><strong>Comprend\u00a0:<\/strong><\/h2>\n<ul>\n<li>Modules de formation Metcom 1 \u00e0 21 <em>(voir descriptions ci-dessous)<\/em><\/li>\n<li>Inscription et acc\u00e8s en ligne pendant 1 an*<\/li>\n<li>Certificat d&#039;ach\u00e8vement du programme de l&#039;Institut canadien des ing\u00e9nieurs<\/li>\n<li>6,0 CEU (unit\u00e9s de formation continue)<\/li>\n<li>Support de formation<\/li>\n<li>Soutien limit\u00e9 pour appliquer les m\u00e9thodes apprises lors de la formation \u00e0 votre op\u00e9ration<\/li>\n<li>Programme de bilan de masse sur circuit informatique (module 16)<\/li>\n<li>Mises \u00e0 jour des supports de formation et des logiciels<\/li>\n<\/ul>\n<p>* Frais de renouvellement de $195\/an apr\u00e8s la premi\u00e8re ann\u00e9e afin de maintenir l&#039;acc\u00e8s.<\/p>\n<h2><strong>Modules inclus\u00a0:<\/strong><\/h2>\n<p><strong>1. Introduction au syst\u00e8me Metcom<\/strong><br \/>\nConna\u00eetre les raisons techniques et \u00e9conomiques de l\u2019application du syst\u00e8me Metcom aux op\u00e9rations de broyage des installations.<\/p>\n<p><strong>2. Demande de puissance des broyeurs<\/strong><br \/>\nD\u00e9terminer les caract\u00e9ristiques et les capacit\u00e9s de consommation \u00e9lectrique des broyeurs \u00e0 barres, \u00e0 boulets et AG\/SAG.<\/p>\n<p><strong>3. Mesures de puissance et de niveau de charge du broyeur<\/strong><br \/>\nPour d\u00e9terminer la consommation \u00e9lectrique r\u00e9elle et la charge volum\u00e9trique de votre broyeur \u00e0 partir des lectures et des mesures de l&#039;usine.<\/p>\n<p><strong>4.Efficacit\u00e9 de Bond des circuits de broyage<\/strong><br \/>\nD\u00e9terminer les calculs de l&#039;indice de travail pour \u00e9valuer l&#039;efficacit\u00e9 du circuit de broyage, tels qu&#039;initialement d\u00e9velopp\u00e9s par M. Fred Bond.<\/p>\n<p><strong>5. Rendement fonctionnel du broyage \u00e0 boulets<\/strong><br \/>\nD\u00e9terminer les performances du circuit du broyeur \u00e0 boulets en termes d&#039;\u00e9l\u00e9ments de l&#039;\u00e9quation de performance fonctionnelle.<\/p>\n<p><strong>6. \u00c9conomique du broyage<\/strong><br \/>\nRelier les performances du circuit de broyage aux co\u00fbts de broyage et \u00e0 l\u2019\u00e9conomie globale de l\u2019usine.<\/p>\n<p><strong>7. Performances des hydrocyclones<\/strong><br \/>\nCaract\u00e9riser quantitativement les performances du cyclone.<\/p>\n<p><strong>8. Ajustements des hydrocyclones<\/strong><br \/>\nApporter des ajustements aux cyclones pour obtenir les performances souhait\u00e9es.<\/p>\n<p><strong>9. Pompage de pulpe<\/strong><br \/>\nCaract\u00e9riser les performances de la pompe \u00e0 lisier et effectuer des ajustements pour atteindre les performances souhait\u00e9es.<\/p>\n<p><strong>10. Donn\u00e9es existantes et requises<\/strong><br \/>\nR\u00e9pertorier les exigences en mati\u00e8re de donn\u00e9es et rassembler les donn\u00e9es existantes sur le circuit de meulage.<\/p>\n<p><strong>11. Guide d\u2019\u00e9chantillonnage et relev\u00e9s de circuits<\/strong><br \/>\nConcevoir, planifier et r\u00e9aliser des enqu\u00eates d&#039;\u00e9chantillonnage sur les circuits de broyage.<\/p>\n<p><strong>12. Manipulation et analyse des \u00e9chantillons<\/strong><br \/>\n\u00c9laborer des proc\u00e9dures standard pour effectuer des analyses d\u2019\u00e9chantillons d\u2019enqu\u00eates de circuit.<\/p>\n<p><strong>13. Introduction aux tests de broyabilit\u00e9<\/strong><br \/>\nIdentifier les diff\u00e9rents objectifs et types d&#039;essais de broyabilit\u00e9.<\/p>\n<p><strong>14. Tests de broyabilit\u00e9 de Bond<\/strong><br \/>\nR\u00e9aliser des tests de broyabilit\u00e9 de Bond Rod et de broyeur \u00e0 boulets.<\/p>\n<p><strong>15. Tests de broyabilit\u00e9 par lots<\/strong><br \/>\nD\u00e9velopper des proc\u00e9dures standard pour effectuer des tests de broyabilit\u00e9 par lots sur site.<\/p>\n<p><strong>16. Calculs du bilan de masse<\/strong><br \/>\nEffectuer des calculs informatis\u00e9s de bilan de masse.<\/p>\n<p><strong>17. \u00c9valuation du broyage \u00e0 barres<\/strong><br \/>\n\u00c9valuer d'autres variables de conception et conditions de fonctionnement pour du broyage \u00e0 barres.<\/p>\n<p><strong>18.\u00c9valuation du syst\u00e8me de classification<\/strong><br \/>\n\u00c9valuer les variables de conception alternatives du circuit du broyeur \u00e0 boulets et les conditions de fonctionnement li\u00e9es \u00e0 l&#039;efficacit\u00e9 du syst\u00e8me de classification.<\/p>\n<p><strong>19. \u00c9valuation du broyage du broyeur \u00e0 boulets<\/strong><br \/>\n\u00c9valuer les variables de conception alternatives du circuit du broyeur \u00e0 boulets et les conditions de fonctionnement li\u00e9es \u00e0 l&#039;efficacit\u00e9 du broyage du broyeur \u00e0 boulets.<\/p>\n<p><strong>20. \u00c9valuation des dispositions de circuits<\/strong><br \/>\n\u00c9valuer diff\u00e9rentes dispositions de circuits de broyage en termes de leur syst\u00e8me de classification relatif, de leur broyage et de l&#039;efficacit\u00e9 globale du circuit.<\/p>\n<p><strong>21. Contr\u00f4le des circuits de broyage<\/strong><br \/>\nD\u00e9finir les objectifs du contr\u00f4le du processus de broyage, identifier les perturbations et les actions correctives appropri\u00e9es, sp\u00e9cifier un syst\u00e8me de contr\u00f4le et estimer les avantages \u00e9conomiques d&#039;un contr\u00f4le am\u00e9lior\u00e9.<\/p>","protected":false},"excerpt":{"rendered":"<p>This program includes 21 training modules and covers rod milling and ball milling grinding circuits. The estimated completion time is approximately 60 hours. Includes: Metcom Training Modules 1-21 (see descriptions below) Registration and online access for 1 year* Certificate of Program Completion from the Engineering Institute of Canada 6.0 CEU&#8217;s ( Continuing Education Units) Training [&hellip;]<\/p>\n","protected":false},"featured_media":1048,"template":"","meta":[],"product_brand":[],"product_cat":[25],"product_tag":[],"class_list":{"0":"post-3517","1":"product","2":"type-product","3":"status-publish","4":"has-post-thumbnail","6":"product_cat-training-programs","7":"pa_language-english","8":"pa_language-spanish","9":"pa_language-french","11":"first","12":"instock","13":"virtual","14":"purchasable","15":"product-type-simple"},"_links":{"self":[{"href":"https:\/\/metcomtech.com\/fr\/wp-json\/wp\/v2\/product\/3517","targetHints":{"allow":["GET"]}}],"collection":[{"href":"https:\/\/metcomtech.com\/fr\/wp-json\/wp\/v2\/product"}],"about":[{"href":"https:\/\/metcomtech.com\/fr\/wp-json\/wp\/v2\/types\/product"}],"wp:featuredmedia":[{"embeddable":true,"href":"https:\/\/metcomtech.com\/fr\/wp-json\/wp\/v2\/media\/1048"}],"wp:attachment":[{"href":"https:\/\/metcomtech.com\/fr\/wp-json\/wp\/v2\/media?parent=3517"}],"wp:term":[{"taxonomy":"product_brand","embeddable":true,"href":"https:\/\/metcomtech.com\/fr\/wp-json\/wp\/v2\/product_brand?post=3517"},{"taxonomy":"product_cat","embeddable":true,"href":"https:\/\/metcomtech.com\/fr\/wp-json\/wp\/v2\/product_cat?post=3517"},{"taxonomy":"product_tag","embeddable":true,"href":"https:\/\/metcomtech.com\/fr\/wp-json\/wp\/v2\/product_tag?post=3517"}],"curies":[{"name":"wp","href":"https:\/\/api.w.org\/{rel}","templated":true}]}}