{"id":952,"date":"2021-12-13T16:36:23","date_gmt":"2021-12-13T16:36:23","guid":{"rendered":"https:\/\/moodle.localhost\/wp\/?post_type=product&#038;p=952"},"modified":"2024-01-08T16:17:23","modified_gmt":"2024-01-08T16:17:23","slug":"classification-system-efficiency-cse-training-program","status":"publish","type":"product","link":"https:\/\/metcomtech.com\/fr\/produit\/classification-system-efficiency-cse-training-program\/","title":{"rendered":"Programme de formation sur l\u2019efficacit\u00e9 des syst\u00e8mes de classification (CSE)"},"content":{"rendered":"<p>Ce programme de 5 modules fournit toutes les \u00e9tapes pour calculer et augmenter l&#039;efficacit\u00e9 du syst\u00e8me de classification (CSE) des circuits de broyage \u00e0 boulets.<br \/>\nLe temps de r\u00e9alisation estim\u00e9 est d&#039;environ 16 heures.<\/p>\n<h2><strong>Comprend\u00a0:<br \/>\n<\/strong><\/h2>\n<ul>\n<li>Modules de formation Metcom 5, 7, 8, 9, 18 (voir descriptions ci-dessous)<\/li>\n<li>Inscription et acc\u00e8s en ligne pendant 1 an*<\/li>\n<li>Certificat d&#039;ach\u00e8vement du programme de l&#039;Institut canadien des ing\u00e9nieurs<\/li>\n<li>1,6 CEU (unit\u00e9s de formation continue)<\/li>\n<li>Support de formation<\/li>\n<li>Soutien limit\u00e9 pour appliquer les m\u00e9thodes apprises lors de la formation \u00e0 votre op\u00e9ration<\/li>\n<li>Mises \u00e0 jour des supports et logiciels de formation* Frais de renouvellement de $95\/an apr\u00e8s la premi\u00e8re ann\u00e9e afin de maintenir l&#039;acc\u00e8s.<\/li>\n<\/ul>\n<h2><strong>Modules inclus\u00a0:<\/strong><\/h2>\n<p><strong>5. Rendement fonctionnel du broyage \u00e0 boulets<\/strong><br \/>\nD\u00e9terminer les performances du circuit du broyeur \u00e0 boulets en termes d&#039;\u00e9l\u00e9ments de l&#039;\u00e9quation de performance fonctionnelle.<\/p>\n<p><strong>7. Performances des hydrocyclones<\/strong><br \/>\nCaract\u00e9riser quantitativement les performances du cyclone.<\/p>\n<p><strong>8. Ajustements des hydrocyclones<\/strong><br \/>\nApporter des ajustements aux cyclones pour obtenir les performances souhait\u00e9es.<\/p>\n<p><strong>9. Pompage de pulpe<\/strong><br \/>\nCaract\u00e9riser les performances de la pompe \u00e0 lisier et effectuer des ajustements pour atteindre les performances souhait\u00e9es.<\/p>\n<p><strong>18.\u00c9valuation du syst\u00e8me de classification<\/strong><br \/>\n\u00c9valuer les variables de conception alternatives du circuit du broyeur \u00e0 boulets et les conditions de fonctionnement li\u00e9es \u00e0 l&#039;efficacit\u00e9 du syst\u00e8me de classification.<\/p>","protected":false},"excerpt":{"rendered":"<p>This 5 module program provides all the steps to calculate and increase the Classification System Efficiency (CSE) of ball milling circuits. The estimated completion time is approximately 16 hours. Includes: Metcom Training Modules 5, 7, 8 ,9, 18 (see descriptions below) Registration and online access for 1 year* Certificate of Program Completion from the Engineering [&hellip;]<\/p>\n","protected":false},"featured_media":1060,"template":"","meta":[],"product_brand":[],"product_cat":[25],"product_tag":[],"class_list":{"0":"post-952","1":"product","2":"type-product","3":"status-publish","4":"has-post-thumbnail","6":"product_cat-training-programs","7":"pa_language-english","8":"pa_language-spanish","9":"pa_language-french","11":"first","12":"instock","13":"taxable","14":"shipping-taxable","15":"purchasable","16":"product-type-variable","17":"has-default-attributes"},"_links":{"self":[{"href":"https:\/\/metcomtech.com\/fr\/wp-json\/wp\/v2\/product\/952","targetHints":{"allow":["GET"]}}],"collection":[{"href":"https:\/\/metcomtech.com\/fr\/wp-json\/wp\/v2\/product"}],"about":[{"href":"https:\/\/metcomtech.com\/fr\/wp-json\/wp\/v2\/types\/product"}],"wp:featuredmedia":[{"embeddable":true,"href":"https:\/\/metcomtech.com\/fr\/wp-json\/wp\/v2\/media\/1060"}],"wp:attachment":[{"href":"https:\/\/metcomtech.com\/fr\/wp-json\/wp\/v2\/media?parent=952"}],"wp:term":[{"taxonomy":"product_brand","embeddable":true,"href":"https:\/\/metcomtech.com\/fr\/wp-json\/wp\/v2\/product_brand?post=952"},{"taxonomy":"product_cat","embeddable":true,"href":"https:\/\/metcomtech.com\/fr\/wp-json\/wp\/v2\/product_cat?post=952"},{"taxonomy":"product_tag","embeddable":true,"href":"https:\/\/metcomtech.com\/fr\/wp-json\/wp\/v2\/product_tag?post=952"}],"curies":[{"name":"wp","href":"https:\/\/api.w.org\/{rel}","templated":true}]}}