{"id":953,"date":"2021-12-13T16:37:16","date_gmt":"2021-12-13T16:37:16","guid":{"rendered":"https:\/\/moodle.localhost\/wp\/?post_type=product&#038;p=953"},"modified":"2024-01-08T16:16:42","modified_gmt":"2024-01-08T16:16:42","slug":"evaluation-of-autogenous-and-semi-autogenous-grinding","status":"publish","type":"product","link":"https:\/\/metcomtech.com\/fr\/produit\/evaluation-of-autogenous-and-semi-autogenous-grinding\/","title":{"rendered":"\u00c9valuation du broyage autog\u00e8ne et semi-autog\u00e8ne"},"content":{"rendered":"<p>Ce programme \u00e0 module unique fournit les connaissances et comp\u00e9tences essentielles pour g\u00e9rer efficacement les performances de traitement des circuits AG\/SAG. Il comprend 3 pr\u00e9faces qui traitent de la consommation d&#039;\u00e9nergie du broyeur (S)AG, des mesures de puissance et de niveau de charge (S)AG et de l&#039;analyse de l&#039;indice de travail du broyage \u00e0 billes (S)AG.<br \/>\nLe temps de r\u00e9alisation estim\u00e9 est d&#039;environ 4 heures.<\/p>\n<h2><strong>Comprend\u00a0:<\/strong><\/h2>\n<ul>\n<li>Module de formation Metcom 22 <em>(voir descriptif ci-dessous)<\/em><\/li>\n<li>Inscription et acc\u00e8s en ligne pendant 1 an*<\/li>\n<li>Certificat d&#039;ach\u00e8vement du programme de l&#039;Institut canadien des ing\u00e9nieurs<\/li>\n<li>0,4 CEU (unit\u00e9s de formation continue)<\/li>\n<li>Support de formation<\/li>\n<li>Soutien limit\u00e9 pour appliquer les m\u00e9thodes apprises lors de la formation \u00e0 votre op\u00e9ration<\/li>\n<li>Mises \u00e0 jour des supports de formation et des logiciels<\/li>\n<\/ul>\n<p>* Frais de renouvellement $95\/an apr\u00e8s la premi\u00e8re ann\u00e9e afin de maintenir l&#039;acc\u00e8s.<\/p>\n<h2><strong>Modules inclus\u00a0:<\/strong><\/h2>\n<p><strong>22. \u00c9valuation du broyage autog\u00e8ne et semi-autog\u00e8ne<\/strong><br \/>\nD\u00e9velopp\u00e9 pour le personnel m\u00e9tallurgique des usines et la direction des op\u00e9rations, ainsi que pour ceux qui les soutiennent (par exemple, les services techniques et les fournisseurs). Ce module fournit des connaissances essentielles et un ensemble de comp\u00e9tences pour g\u00e9rer efficacement les performances de traitement des circuits AG\/SAG.<\/p>","protected":false},"excerpt":{"rendered":"<p>This single module program provides essential knowledge and skills to effectively manage AG\/SAG circuit processing performance. It includes 3 prefaces which address (S)AG mill power draw, (S)AG power and charge level measurements, and Work Index Analysis of (S)AG-ball milling. The estimated completion time is approximately 4 hours. Includes: Metcom Training Module 22 (see description below) [&hellip;]<\/p>\n","protected":false},"featured_media":1064,"template":"","meta":[],"product_brand":[],"product_cat":[25],"product_tag":[],"class_list":{"0":"post-953","1":"product","2":"type-product","3":"status-publish","4":"has-post-thumbnail","6":"product_cat-training-programs","7":"pa_language-english","8":"pa_language-spanish","9":"pa_language-french","11":"first","12":"instock","13":"taxable","14":"shipping-taxable","15":"purchasable","16":"product-type-variable","17":"has-default-attributes"},"_links":{"self":[{"href":"https:\/\/metcomtech.com\/fr\/wp-json\/wp\/v2\/product\/953","targetHints":{"allow":["GET"]}}],"collection":[{"href":"https:\/\/metcomtech.com\/fr\/wp-json\/wp\/v2\/product"}],"about":[{"href":"https:\/\/metcomtech.com\/fr\/wp-json\/wp\/v2\/types\/product"}],"wp:featuredmedia":[{"embeddable":true,"href":"https:\/\/metcomtech.com\/fr\/wp-json\/wp\/v2\/media\/1064"}],"wp:attachment":[{"href":"https:\/\/metcomtech.com\/fr\/wp-json\/wp\/v2\/media?parent=953"}],"wp:term":[{"taxonomy":"product_brand","embeddable":true,"href":"https:\/\/metcomtech.com\/fr\/wp-json\/wp\/v2\/product_brand?post=953"},{"taxonomy":"product_cat","embeddable":true,"href":"https:\/\/metcomtech.com\/fr\/wp-json\/wp\/v2\/product_cat?post=953"},{"taxonomy":"product_tag","embeddable":true,"href":"https:\/\/metcomtech.com\/fr\/wp-json\/wp\/v2\/product_tag?post=953"}],"curies":[{"name":"wp","href":"https:\/\/api.w.org\/{rel}","templated":true}]}}