{"id":954,"date":"2021-12-13T16:38:19","date_gmt":"2021-12-13T16:38:19","guid":{"rendered":"https:\/\/moodle.localhost\/wp\/?post_type=product&#038;p=954"},"modified":"2024-01-08T16:16:02","modified_gmt":"2024-01-08T16:16:02","slug":"slurry-pumping-program","status":"publish","type":"product","link":"https:\/\/metcomtech.com\/fr\/produit\/slurry-pumping-program\/","title":{"rendered":"Programme de pompage des boues"},"content":{"rendered":"<p>Ce programme \u00e0 module unique couvre les syst\u00e8mes de pompage de lisier, vous permettant de caract\u00e9riser les performances de la pompe \u00e0 lisier et d&#039;effectuer des ajustements pour atteindre les performances souhait\u00e9es.<br \/>\nLe temps de r\u00e9alisation estim\u00e9 est d&#039;environ 3 heures.<\/p>\n<h2><strong>Comprend\u00a0:<\/strong><\/h2>\n<ul>\n<li>Module de formation Metcom 9 <em>(voir descriptif ci-dessous)<\/em><\/li>\n<li>Inscription et acc\u00e8s en ligne pendant 1 an*<\/li>\n<li>Certificat d&#039;ach\u00e8vement du programme de l&#039;Institut canadien des ing\u00e9nieurs<\/li>\n<li>0,4 CEU (unit\u00e9s de formation continue)<\/li>\n<li>Support de formation<\/li>\n<li>Soutien limit\u00e9 pour appliquer les m\u00e9thodes apprises lors de la formation \u00e0 votre op\u00e9ration<\/li>\n<li>Mises \u00e0 jour des supports de formation et des logiciels<\/li>\n<\/ul>\n<p>* Frais de renouvellement $95\/an apr\u00e8s la premi\u00e8re ann\u00e9e afin de maintenir l&#039;acc\u00e8s.<\/p>\n<h2><strong>Modules inclus\u00a0:<\/strong><\/h2>\n<ul>\n<li><strong>9. Pompage de pulpe<\/strong><br \/>\nCaract\u00e9riser les performances de la pompe \u00e0 lisier et effectuer des ajustements pour atteindre les performances souhait\u00e9es.<\/li>\n<\/ul>","protected":false},"excerpt":{"rendered":"<p>This single module program covers slurry pumping systems, allowing you to characterize slurry pump performance and make adjustments to achieve desired performance. The estimated completion time is approximately 3 hours. Includes: Metcom Training Module 9 (see description below) Registration and online access for 1 year* Certificate of Program Completion from the Engineering Institute of Canada [&hellip;]<\/p>\n","protected":false},"featured_media":1002,"template":"","meta":[],"product_brand":[],"product_cat":[25],"product_tag":[],"class_list":{"0":"post-954","1":"product","2":"type-product","3":"status-publish","4":"has-post-thumbnail","6":"product_cat-training-programs","7":"pa_language-english","8":"pa_language-spanish","9":"pa_language-french","11":"first","12":"instock","13":"taxable","14":"shipping-taxable","15":"purchasable","16":"product-type-variable","17":"has-default-attributes"},"_links":{"self":[{"href":"https:\/\/metcomtech.com\/fr\/wp-json\/wp\/v2\/product\/954","targetHints":{"allow":["GET"]}}],"collection":[{"href":"https:\/\/metcomtech.com\/fr\/wp-json\/wp\/v2\/product"}],"about":[{"href":"https:\/\/metcomtech.com\/fr\/wp-json\/wp\/v2\/types\/product"}],"wp:featuredmedia":[{"embeddable":true,"href":"https:\/\/metcomtech.com\/fr\/wp-json\/wp\/v2\/media\/1002"}],"wp:attachment":[{"href":"https:\/\/metcomtech.com\/fr\/wp-json\/wp\/v2\/media?parent=954"}],"wp:term":[{"taxonomy":"product_brand","embeddable":true,"href":"https:\/\/metcomtech.com\/fr\/wp-json\/wp\/v2\/product_brand?post=954"},{"taxonomy":"product_cat","embeddable":true,"href":"https:\/\/metcomtech.com\/fr\/wp-json\/wp\/v2\/product_cat?post=954"},{"taxonomy":"product_tag","embeddable":true,"href":"https:\/\/metcomtech.com\/fr\/wp-json\/wp\/v2\/product_tag?post=954"}],"curies":[{"name":"wp","href":"https:\/\/api.w.org\/{rel}","templated":true}]}}