{"id":955,"date":"2021-12-13T16:39:15","date_gmt":"2021-12-13T16:39:15","guid":{"rendered":"https:\/\/moodle.localhost\/wp\/?post_type=product&#038;p=955"},"modified":"2024-01-08T16:15:05","modified_gmt":"2024-01-08T16:15:05","slug":"measures-of-industrial-grinding-efficiency","status":"publish","type":"product","link":"https:\/\/metcomtech.com\/fr\/produit\/measures-of-industrial-grinding-efficiency\/","title":{"rendered":"Mesures de l\u2019efficacit\u00e9 du broyage industriel"},"content":{"rendered":"<p>Ce programme en deux modules aborde les calculs de l&#039;indice de travail pour \u00e9valuer l&#039;efficacit\u00e9 du circuit de broyage ainsi que l&#039;analyse des performances fonctionnelles des circuits du broyeur \u00e0 boulets.<br \/>\nLe temps de r\u00e9alisation estim\u00e9 est d&#039;environ 6 heures.<\/p>\n<h2><strong>Comprend\u00a0:<\/strong><\/h2>\n<ul>\n<li>Modules de formation Metcom 4 et 5 <em>(voir descriptions ci-dessous)<\/em><\/li>\n<li>Inscription et acc\u00e8s en ligne pendant 1 an*<\/li>\n<li>Certificat d&#039;ach\u00e8vement du programme de l&#039;Institut canadien des ing\u00e9nieurs<\/li>\n<li>0,6 CEU (unit\u00e9s de formation continue)<\/li>\n<li>Support de formation<\/li>\n<li>Soutien limit\u00e9 pour appliquer les m\u00e9thodes apprises lors de la formation \u00e0 votre op\u00e9ration<\/li>\n<li>Mises \u00e0 jour des supports de formation et des logiciels<\/li>\n<\/ul>\n<p>* Frais de renouvellement $95\/an apr\u00e8s la premi\u00e8re ann\u00e9e afin de maintenir l&#039;acc\u00e8s.<\/p>\n<h2><strong>Modules inclus\u00a0:<\/strong><\/h2>\n<p><strong>4.Efficacit\u00e9 de Bond des circuits de broyage<\/strong><br \/>\nD\u00e9terminer les calculs de l&#039;indice de travail pour \u00e9valuer l&#039;efficacit\u00e9 du circuit de broyage, tels qu&#039;initialement d\u00e9velopp\u00e9s par M. Fred Bond.<\/p>\n<p><strong>5. Rendement fonctionnel du broyage \u00e0 boulets<\/strong><br \/>\nD\u00e9terminer les performances du circuit du broyeur \u00e0 boulets en termes d&#039;\u00e9l\u00e9ments de l&#039;\u00e9quation de performance fonctionnelle.<\/p>","protected":false},"excerpt":{"rendered":"<p>This two-module program addresses Work Index calculations for evaluating grinding circuit efficiency as well as Functional Performance Analysis of ball mill circuits. The estimated completion time is approximately 6 hours. Includes: Metcom Training Modules 4 and 5 (see descriptions below) Registration and online access for 1 year* Certificate of Program Completion from the Engineering Institute [&hellip;]<\/p>\n","protected":false},"featured_media":1067,"template":"","meta":[],"product_brand":[],"product_cat":[25],"product_tag":[],"class_list":{"0":"post-955","1":"product","2":"type-product","3":"status-publish","4":"has-post-thumbnail","6":"product_cat-training-programs","7":"pa_language-english","8":"pa_language-spanish","9":"pa_language-french","11":"first","12":"instock","13":"taxable","14":"shipping-taxable","15":"purchasable","16":"product-type-variable","17":"has-default-attributes"},"_links":{"self":[{"href":"https:\/\/metcomtech.com\/fr\/wp-json\/wp\/v2\/product\/955","targetHints":{"allow":["GET"]}}],"collection":[{"href":"https:\/\/metcomtech.com\/fr\/wp-json\/wp\/v2\/product"}],"about":[{"href":"https:\/\/metcomtech.com\/fr\/wp-json\/wp\/v2\/types\/product"}],"wp:featuredmedia":[{"embeddable":true,"href":"https:\/\/metcomtech.com\/fr\/wp-json\/wp\/v2\/media\/1067"}],"wp:attachment":[{"href":"https:\/\/metcomtech.com\/fr\/wp-json\/wp\/v2\/media?parent=955"}],"wp:term":[{"taxonomy":"product_brand","embeddable":true,"href":"https:\/\/metcomtech.com\/fr\/wp-json\/wp\/v2\/product_brand?post=955"},{"taxonomy":"product_cat","embeddable":true,"href":"https:\/\/metcomtech.com\/fr\/wp-json\/wp\/v2\/product_cat?post=955"},{"taxonomy":"product_tag","embeddable":true,"href":"https:\/\/metcomtech.com\/fr\/wp-json\/wp\/v2\/product_tag?post=955"}],"curies":[{"name":"wp","href":"https:\/\/api.w.org\/{rel}","templated":true}]}}