{"id":956,"date":"2021-12-13T16:40:08","date_gmt":"2021-12-13T16:40:08","guid":{"rendered":"https:\/\/moodle.localhost\/wp\/?post_type=product&#038;p=956"},"modified":"2024-01-08T16:13:49","modified_gmt":"2024-01-08T16:13:49","slug":"functional-performance-of-ball-milling-circuits","status":"publish","type":"product","link":"https:\/\/metcomtech.com\/fr\/produit\/functional-performance-of-ball-milling-circuits\/","title":{"rendered":"Performance fonctionnelle des circuits de broyage \u00e0 boulets"},"content":{"rendered":"<p>(Module 5)<\/p>\n<p>Dans ce programme \u00e0 module unique, vous apprendrez \u00e0 caract\u00e9riser les performances des circuits de broyeurs \u00e0 boulets \u00e0 l&#039;aide de l&#039;\u00e9quation de performance fonctionnelle.<\/p>","protected":false},"excerpt":{"rendered":"<p>Dans ce programme \u00e0 module unique, vous apprendrez \u00e0 caract\u00e9riser les performances des circuits de broyeurs \u00e0 boulets \u00e0 l&#039;aide de l&#039;\u00e9quation de performance fonctionnelle.<br \/>\nLe temps d\u2019ex\u00e9cution estim\u00e9 est d\u2019environ 2,5 heures.<\/p>\n<h2><strong>Comprend\u00a0:<\/strong><\/h2>\n<ul>\n<li>Module de formation Metcom 5 <em>(voir descriptif ci-dessous)<\/em><\/li>\n<li>Inscription et acc\u00e8s en ligne pendant 1 an*<\/li>\n<li>Certificat d&#039;ach\u00e8vement du programme de l&#039;Institut canadien des ing\u00e9nieurs<\/li>\n<li>0,25 CEU (unit\u00e9s de formation continue)<\/li>\n<li>Support de formation<\/li>\n<li>Soutien limit\u00e9 pour appliquer les m\u00e9thodes apprises lors de la formation \u00e0 votre op\u00e9ration<\/li>\n<li>Mises \u00e0 jour des supports de formation et des logiciels<\/li>\n<\/ul>\n<p>* Frais de renouvellement $95\/an apr\u00e8s la premi\u00e8re ann\u00e9e afin de maintenir l&#039;acc\u00e8s.<\/p>\n<h2><strong>Modules inclus\u00a0:<\/strong><\/h2>\n<p><strong>5. Rendement fonctionnel du broyage \u00e0 boulets<\/strong><br \/>\nD\u00e9terminer les performances du circuit du broyeur \u00e0 boulets en termes d&#039;\u00e9l\u00e9ments de l&#039;\u00e9quation de performance fonctionnelle.<\/p>","protected":false},"featured_media":1065,"template":"","meta":[],"product_brand":[],"product_cat":[25],"product_tag":[],"class_list":{"0":"post-956","1":"product","2":"type-product","3":"status-publish","4":"has-post-thumbnail","6":"product_cat-training-programs","7":"pa_language-english","8":"pa_language-spanish","9":"pa_language-french","11":"first","12":"instock","13":"taxable","14":"shipping-taxable","15":"purchasable","16":"product-type-variable","17":"has-default-attributes"},"_links":{"self":[{"href":"https:\/\/metcomtech.com\/fr\/wp-json\/wp\/v2\/product\/956","targetHints":{"allow":["GET"]}}],"collection":[{"href":"https:\/\/metcomtech.com\/fr\/wp-json\/wp\/v2\/product"}],"about":[{"href":"https:\/\/metcomtech.com\/fr\/wp-json\/wp\/v2\/types\/product"}],"wp:featuredmedia":[{"embeddable":true,"href":"https:\/\/metcomtech.com\/fr\/wp-json\/wp\/v2\/media\/1065"}],"wp:attachment":[{"href":"https:\/\/metcomtech.com\/fr\/wp-json\/wp\/v2\/media?parent=956"}],"wp:term":[{"taxonomy":"product_brand","embeddable":true,"href":"https:\/\/metcomtech.com\/fr\/wp-json\/wp\/v2\/product_brand?post=956"},{"taxonomy":"product_cat","embeddable":true,"href":"https:\/\/metcomtech.com\/fr\/wp-json\/wp\/v2\/product_cat?post=956"},{"taxonomy":"product_tag","embeddable":true,"href":"https:\/\/metcomtech.com\/fr\/wp-json\/wp\/v2\/product_tag?post=956"}],"curies":[{"name":"wp","href":"https:\/\/api.w.org\/{rel}","templated":true}]}}