{"id":959,"date":"2021-12-13T17:19:42","date_gmt":"2021-12-13T17:19:42","guid":{"rendered":"https:\/\/moodle.localhost\/wp\/product\/module-1-introduction-to-the-metcom-system"},"modified":"2024-12-30T16:48:40","modified_gmt":"2024-12-30T16:48:40","slug":"module-1-introduction-to-the-metcom-system","status":"publish","type":"product","link":"https:\/\/metcomtech.com\/fr\/produit\/module-1-introduction-to-the-metcom-system\/","title":{"rendered":"Module 1 \u2013 Introduction au syst\u00e8me Metcom"},"content":{"rendered":"<p>Ce module vous pr\u00e9sentera le syst\u00e8me Metcom. Il explique les raisons techniques et \u00e9conomiques de l&#039;application du syst\u00e8me Metcom aux op\u00e9rations de broyage des installations.<\/p>\n<p>Heures estim\u00e9es pour l&#039;ach\u00e8vement\u00a0: 0,75<\/p>\n<p>Modules pr\u00e9requis\u00a0: aucun<\/p>\n<p><strong>NOTE:<\/strong> Les nouveaux participants \u00e0 la formation Metcom doivent ajouter les frais d&#039;inscription uniques de $215.00 avec leur premi\u00e8re commande de formation. <\/p>","protected":false},"excerpt":{"rendered":"<p>Ce module vous pr\u00e9sentera le syst\u00e8me Metcom. Il explique les raisons techniques et \u00e9conomiques de l&#039;application du syst\u00e8me Metcom aux op\u00e9rations de broyage des installations. Nombre d&#039;heures estim\u00e9 pour la r\u00e9alisation : 0,75 Modules pr\u00e9requis : aucun REMARQUE : Les nouveaux participants \u00e0 la formation Metcom doivent ajouter les frais d&#039;inscription uniques de $215.00 \u00e0 leur premi\u00e8re commande de formation.<\/p>","protected":false},"featured_media":1037,"template":"","meta":[],"product_brand":[],"product_cat":[31],"product_tag":[],"class_list":{"0":"post-959","1":"product","2":"type-product","3":"status-publish","4":"has-post-thumbnail","6":"product_cat-modules","7":"pa_language-english","8":"pa_language-spanish","9":"pa_language-french","11":"first","12":"instock","13":"taxable","14":"shipping-taxable","15":"purchasable","16":"product-type-variable","17":"has-default-attributes"},"_links":{"self":[{"href":"https:\/\/metcomtech.com\/fr\/wp-json\/wp\/v2\/product\/959","targetHints":{"allow":["GET"]}}],"collection":[{"href":"https:\/\/metcomtech.com\/fr\/wp-json\/wp\/v2\/product"}],"about":[{"href":"https:\/\/metcomtech.com\/fr\/wp-json\/wp\/v2\/types\/product"}],"wp:featuredmedia":[{"embeddable":true,"href":"https:\/\/metcomtech.com\/fr\/wp-json\/wp\/v2\/media\/1037"}],"wp:attachment":[{"href":"https:\/\/metcomtech.com\/fr\/wp-json\/wp\/v2\/media?parent=959"}],"wp:term":[{"taxonomy":"product_brand","embeddable":true,"href":"https:\/\/metcomtech.com\/fr\/wp-json\/wp\/v2\/product_brand?post=959"},{"taxonomy":"product_cat","embeddable":true,"href":"https:\/\/metcomtech.com\/fr\/wp-json\/wp\/v2\/product_cat?post=959"},{"taxonomy":"product_tag","embeddable":true,"href":"https:\/\/metcomtech.com\/fr\/wp-json\/wp\/v2\/product_tag?post=959"}],"curies":[{"name":"wp","href":"https:\/\/api.w.org\/{rel}","templated":true}]}}