{"id":961,"date":"2021-12-13T17:19:43","date_gmt":"2021-12-13T17:19:43","guid":{"rendered":"https:\/\/moodle.localhost\/wp\/product\/module-3-power-charge-level-measurements"},"modified":"2024-12-30T17:09:09","modified_gmt":"2024-12-30T17:09:09","slug":"module-3-power-charge-level-measurements","status":"publish","type":"product","link":"https:\/\/metcomtech.com\/fr\/produit\/module-3-power-charge-level-measurements\/","title":{"rendered":"Module 3 \u2013 Mesures du niveau de puissance et de charge"},"content":{"rendered":"<p>Dans ce module, vous apprendrez \u00e0 mesurer la consommation \u00e9lectrique et la charge volum\u00e9trique de vos broyeurs \u00e0 partir des lectures et des mesures de l&#039;usine.<\/p>\n<p>Heures estim\u00e9es pour l&#039;ach\u00e8vement\u00a0:\u00a02,5<\/p>\n<p>Modules pr\u00e9requis\u00a0: 2<\/p>\n<p><strong>NOTE:<\/strong> Les nouveaux participants \u00e0 la formation Metcom doivent ajouter les frais d&#039;inscription uniques de $215.00 avec leur premi\u00e8re commande de formation. <\/p>","protected":false},"excerpt":{"rendered":"<p>Dans ce module, vous apprendrez \u00e0 mesurer la consommation d&#039;\u00e9nergie et la charge volum\u00e9trique de vos broyeurs \u00e0 partir des relev\u00e9s et des mesures de l&#039;usine. Heures estim\u00e9es pour terminer : 2,5 Modules pr\u00e9requis : 2 REMARQUE : Les nouveaux participants \u00e0 la formation Metcom doivent ajouter les frais d&#039;inscription uniques $215.00 \u00e0 leur premi\u00e8re commande de formation.<\/p>","protected":false},"featured_media":1037,"template":"","meta":[],"product_brand":[],"product_cat":[31],"product_tag":[],"class_list":{"0":"post-961","1":"product","2":"type-product","3":"status-publish","4":"has-post-thumbnail","6":"product_cat-modules","7":"pa_language-english","8":"pa_language-spanish","9":"pa_language-french","11":"first","12":"instock","13":"sold-individually","14":"taxable","15":"shipping-taxable","16":"purchasable","17":"product-type-variable","18":"has-default-attributes"},"_links":{"self":[{"href":"https:\/\/metcomtech.com\/fr\/wp-json\/wp\/v2\/product\/961","targetHints":{"allow":["GET"]}}],"collection":[{"href":"https:\/\/metcomtech.com\/fr\/wp-json\/wp\/v2\/product"}],"about":[{"href":"https:\/\/metcomtech.com\/fr\/wp-json\/wp\/v2\/types\/product"}],"wp:featuredmedia":[{"embeddable":true,"href":"https:\/\/metcomtech.com\/fr\/wp-json\/wp\/v2\/media\/1037"}],"wp:attachment":[{"href":"https:\/\/metcomtech.com\/fr\/wp-json\/wp\/v2\/media?parent=961"}],"wp:term":[{"taxonomy":"product_brand","embeddable":true,"href":"https:\/\/metcomtech.com\/fr\/wp-json\/wp\/v2\/product_brand?post=961"},{"taxonomy":"product_cat","embeddable":true,"href":"https:\/\/metcomtech.com\/fr\/wp-json\/wp\/v2\/product_cat?post=961"},{"taxonomy":"product_tag","embeddable":true,"href":"https:\/\/metcomtech.com\/fr\/wp-json\/wp\/v2\/product_tag?post=961"}],"curies":[{"name":"wp","href":"https:\/\/api.w.org\/{rel}","templated":true}]}}