{"id":964,"date":"2021-12-13T17:19:43","date_gmt":"2021-12-13T17:19:43","guid":{"rendered":"https:\/\/moodle.localhost\/wp\/product\/module-6-grinding-plant-economics"},"modified":"2024-12-30T17:11:55","modified_gmt":"2024-12-30T17:11:55","slug":"module-6-grinding-plant-economics","status":"publish","type":"product","link":"https:\/\/metcomtech.com\/fr\/produit\/module-6-grinding-plant-economics\/","title":{"rendered":"Module 6 \u2013 Broyage et \u00e9conomie des installations"},"content":{"rendered":"<p>Dans ce module, vous apprendrez \u00e0 relier l&#039;efficacit\u00e9 du broyage aux co\u00fbts de broyage et \u00e0 estimer la valeur du produit du circuit de broyage dans votre usine. Vous serez en mesure d&#039;\u00e9valuer les effets des changements dans le tonnage et la mouture de l&#039;usine, et d&#039;\u00e9valuer diff\u00e9rentes fa\u00e7ons d&#039;exploiter les am\u00e9liorations de l&#039;efficacit\u00e9 du broyage.<\/p>\n<p>Heures estim\u00e9es pour la r\u00e9alisation\u00a0: 3<\/p>\n<p>Modules pr\u00e9requis\u00a0: 1<\/p>\n<p><strong>NOTE:<\/strong> Les nouveaux participants \u00e0 la formation Metcom doivent ajouter les frais d&#039;inscription uniques de $215.00 avec leur premi\u00e8re commande de formation. <\/p>","protected":false},"excerpt":{"rendered":"<p>In this module, you will learn how to relate grinding efficiency to grinding costs and estimate the value of the grinding circuit product in your plant. You will be able to evaluate the effects of changes in plant tonnage and grind, and evaluate different ways of exploiting improvements in grinding efficiency. Estimated Hours for completion: [&hellip;]<\/p>\n","protected":false},"featured_media":1037,"template":"","meta":[],"product_brand":[],"product_cat":[31],"product_tag":[],"class_list":{"0":"post-964","1":"product","2":"type-product","3":"status-publish","4":"has-post-thumbnail","6":"product_cat-modules","7":"pa_language-english","8":"pa_language-spanish","9":"pa_language-french","11":"first","12":"instock","13":"taxable","14":"shipping-taxable","15":"purchasable","16":"product-type-variable","17":"has-default-attributes"},"_links":{"self":[{"href":"https:\/\/metcomtech.com\/fr\/wp-json\/wp\/v2\/product\/964","targetHints":{"allow":["GET"]}}],"collection":[{"href":"https:\/\/metcomtech.com\/fr\/wp-json\/wp\/v2\/product"}],"about":[{"href":"https:\/\/metcomtech.com\/fr\/wp-json\/wp\/v2\/types\/product"}],"wp:featuredmedia":[{"embeddable":true,"href":"https:\/\/metcomtech.com\/fr\/wp-json\/wp\/v2\/media\/1037"}],"wp:attachment":[{"href":"https:\/\/metcomtech.com\/fr\/wp-json\/wp\/v2\/media?parent=964"}],"wp:term":[{"taxonomy":"product_brand","embeddable":true,"href":"https:\/\/metcomtech.com\/fr\/wp-json\/wp\/v2\/product_brand?post=964"},{"taxonomy":"product_cat","embeddable":true,"href":"https:\/\/metcomtech.com\/fr\/wp-json\/wp\/v2\/product_cat?post=964"},{"taxonomy":"product_tag","embeddable":true,"href":"https:\/\/metcomtech.com\/fr\/wp-json\/wp\/v2\/product_tag?post=964"}],"curies":[{"name":"wp","href":"https:\/\/api.w.org\/{rel}","templated":true}]}}